{"id":2728,"date":"2025-01-08T17:17:23","date_gmt":"2025-01-08T16:17:23","guid":{"rendered":"https:\/\/linkmarkt.eu\/home-2\/"},"modified":"2026-01-16T13:36:27","modified_gmt":"2026-01-16T12:36:27","slug":"home-2","status":"publish","type":"page","link":"https:\/\/linkmarkt.eu\/en\/","title":{"rendered":"Home"},"content":{"rendered":"\t\t<div data-elementor-type=\"wp-page\" data-elementor-id=\"2728\" class=\"elementor elementor-2728 elementor-1446\">\n\t\t\t\t<div class=\"elementor-element elementor-element-129cfc9 e-con-full e-flex e-con e-parent\" data-id=\"129cfc9\" data-element_type=\"container\" data-e-type=\"container\" data-settings=\"{&quot;background_background&quot;:&quot;slideshow&quot;,&quot;background_slideshow_gallery&quot;:[{&quot;id&quot;:13351,&quot;url&quot;:&quot;https:\\\/\\\/linkmarkt.eu\\\/wp-content\\\/uploads\\\/2025\\\/06\\\/8c188f25-ecef-41d3-8ede-7bf6dde276f2.webp&quot;}],&quot;background_slideshow_ken_burns&quot;:&quot;yes&quot;,&quot;background_slideshow_loop&quot;:&quot;yes&quot;,&quot;background_slideshow_slide_duration&quot;:5000,&quot;background_slideshow_slide_transition&quot;:&quot;fade&quot;,&quot;background_slideshow_transition_duration&quot;:500,&quot;background_slideshow_ken_burns_zoom_direction&quot;:&quot;in&quot;}\">\n\t\t\t\t<div class=\"elementor-element elementor-element-484c64b elementor-widget elementor-widget-heading\" data-id=\"484c64b\" data-element_type=\"widget\" data-e-type=\"widget\" data-widget_type=\"heading.default\">\n\t\t\t\t<div class=\"elementor-widget-container\">\n\t\t\t\t\t<h1 class=\"elementor-heading-title elementor-size-default\"><a href=\"https:\/\/linkmarkt.eu\/my-account\/\">Do you have something to offer or sell?<\/a><\/h1>\t\t\t\t<\/div>\n\t\t\t\t<\/div>\n\t\t\t\t<div class=\"elementor-element elementor-element-78e324b elementor-button-success elementor-align-justify elementor-widget elementor-widget-button\" data-id=\"78e324b\" data-element_type=\"widget\" data-e-type=\"widget\" data-widget_type=\"button.default\">\n\t\t\t\t<div class=\"elementor-widget-container\">\n\t\t\t\t\t\t\t\t\t<div class=\"elementor-button-wrapper\">\n\t\t\t\t\t<a class=\"elementor-button elementor-button-link elementor-size-sm\" href=\"https:\/\/linkmarkt.eu\/my-account\/\" id=\"fsfd\">\n\t\t\t\t\t\t<span class=\"elementor-button-content-wrapper\">\n\t\t\t\t\t\t<span class=\"elementor-button-icon\">\n\t\t\t\t<i aria-hidden=\"true\" class=\"fas fa-sign-out-alt\"><\/i>\t\t\t<\/span>\n\t\t\t\t\t\t\t\t\t<span class=\"elementor-button-text\">Get access to the Ads &amp; Shop panel now<\/span>\n\t\t\t\t\t<\/span>\n\t\t\t\t\t<\/a>\n\t\t\t\t<\/div>\n\t\t\t\t\t\t\t\t<\/div>\n\t\t\t\t<\/div>\n\t\t\t\t<\/div>\n\t\t<div class=\"elementor-element elementor-element-5817521 e-flex e-con-boxed e-con e-parent\" data-id=\"5817521\" data-element_type=\"container\" data-e-type=\"container\">\n\t\t\t\t\t<div class=\"e-con-inner\">\n\t\t\t\t<div class=\"elementor-element elementor-element-1c866d1 elementor-widget elementor-widget-listeo-listings-carousel\" data-id=\"1c866d1\" data-element_type=\"widget\" data-e-type=\"widget\" data-widget_type=\"listeo-listings-carousel.default\">\n\t\t\t\t<div class=\"elementor-widget-container\">\n\t\t\t\t\t        <!-- Carousel \/ Start -->\n        \t<div class=\"simple-slick-carousel dots-nav\" data-slick='{&quot;autoplay&quot;:true,&quot;autoplaySpeed&quot;:3000,&quot;slidesToShow&quot;:3,&quot;slidesToScroll&quot;:1,&quot;responsive&quot;:[{&quot;breakpoint&quot;:1024,&quot;settings&quot;:{&quot;slidesToShow&quot;:2,&quot;slidesToScroll&quot;:1}},{&quot;breakpoint&quot;:768,&quot;settings&quot;:{&quot;slidesToShow&quot;:1,&quot;slidesToScroll&quot;:1}}]}'>\n                            <div class=\"fw-carousel-item\">                    \n                        <!-- Listing Item -->\r\n            <div class=\"col-lg-6 col-md-12\">\r\n                <a href=\"https:\/\/linkmarkt.eu\/en\/listing\/festliches-pflege-geschenkset-natuerlich-regenerierend-und-perfekt-zum-verschenken\/\"  class=\"listing-item-container listing-geo-data compact\" >\r\n            <div class=\"listing-item  \">\r\n                <div class=\"listing-small-badges-container\">\r\n                                                                                    <div class=\"listing-small-badge shop-badge\"><i class=\"fa fa-store\"><\/i><\/i> Store<\/div>\r\n                                        \r\n                                        \r\n                                        \r\n                <\/div>\r\n                <img decoding=\"async\" src=\"https:\/\/linkmarkt.eu\/wp-content\/uploads\/2026\/04\/kosmetik1-520x397.jpg\" alt=\"Festliches Pflege Geschenkset \u2013 Nat\u00fcrlich, regenerierend und perfekt zum Verschenken\" class=\"listing-thumbnail\">\r\n                \r\n\r\n                <div class=\"listing-item-content\">\r\n                    \r\n                    <h3> Festliches Pflege Geschenkset \u2013 Nat\u00fcrlich, regenerierend und perfekt zum Verschenken <\/h3>\r\n                    \r\n                <\/div>\r\n                                        <span class=\"save like-icon tooltip left\" title=\"Login To Bookmark Items\"><\/span>\r\n                                                <\/div>\r\n        <\/a>\r\n                    <\/div>\r\n        \r\n\r\n        <!-- Listing Item \/ End -->\n                    <\/div>\n                                      <div class=\"fw-carousel-item\">                    \n                        <!-- Listing Item -->\r\n            <div class=\"col-lg-6 col-md-12\">\r\n                <a href=\"https:\/\/linkmarkt.eu\/en\/listing\/matcha-extreme-natuerlich-abnehmen-und-deinen-koerper-unterstuetzen-2\/\"  class=\"listing-item-container listing-geo-data compact\" >\r\n            <div class=\"listing-item  \">\r\n                <div class=\"listing-small-badges-container\">\r\n                                                                                    <div class=\"listing-small-badge shop-badge\"><i class=\"fa fa-store\"><\/i><\/i> Store<\/div>\r\n                                        \r\n                                        \r\n                                        \r\n                <\/div>\r\n                <img decoding=\"async\" src=\"https:\/\/linkmarkt.eu\/wp-content\/uploads\/2026\/04\/image_17073852961-520x397.png\" alt=\"Matcha Extreme \u2013 Nat\u00fcrlich abnehmen und deinen K\u00f6rper unterst\u00fctzen\" class=\"listing-thumbnail\">\r\n                \r\n\r\n                <div class=\"listing-item-content\">\r\n                    \r\n                    <h3> Matcha Extreme \u2013 Nat\u00fcrlich abnehmen und deinen K\u00f6rper unterst\u00fctzen <\/h3>\r\n                    \r\n                <\/div>\r\n                                        <span class=\"save like-icon tooltip left\" title=\"Login To Bookmark Items\"><\/span>\r\n                                                <\/div>\r\n        <\/a>\r\n                    <\/div>\r\n        \r\n\r\n        <!-- Listing Item \/ End -->\n                    <\/div>\n                                      <div class=\"fw-carousel-item\">                    \n                        <!-- Listing Item -->\r\n            <div class=\"col-lg-6 col-md-12\">\r\n                <a href=\"https:\/\/linkmarkt.eu\/en\/listing\/starkes-immunsystem-auf-natuerliche-weise-nuvialab-immune-entdecken\/\"  class=\"listing-item-container listing-geo-data compact\" >\r\n            <div class=\"listing-item  \">\r\n                <div class=\"listing-small-badges-container\">\r\n                                                                                    <div class=\"listing-small-badge shop-badge\"><i class=\"fa fa-store\"><\/i><\/i> Store<\/div>\r\n                                        \r\n                                        \r\n                                        \r\n                <\/div>\r\n                <img decoding=\"async\" src=\"https:\/\/linkmarkt.eu\/wp-content\/uploads\/2026\/04\/image_16565185791-520x397.png\" alt=\"Starkes Immunsystem auf nat\u00fcrliche Weise \u2013 NuviaLab Immune entdecken\" class=\"listing-thumbnail\">\r\n                \r\n\r\n                <div class=\"listing-item-content\">\r\n                    \r\n                    <h3> Starkes Immunsystem auf nat\u00fcrliche Weise \u2013 NuviaLab Immune entdecken <\/h3>\r\n                    \r\n                <\/div>\r\n                                        <span class=\"save like-icon tooltip left\" title=\"Login To Bookmark Items\"><\/span>\r\n                                                <\/div>\r\n        <\/a>\r\n                    <\/div>\r\n        \r\n\r\n        <!-- Listing Item \/ End -->\n                    <\/div>\n                                      <div class=\"fw-carousel-item\">                    \n                        <!-- Listing Item -->\r\n            <div class=\"col-lg-6 col-md-12\">\r\n                <a href=\"https:\/\/linkmarkt.eu\/en\/listing\/alpecin-premier-tech-2026-fahrradbekleidung-set-herren-radtrikot-bib-shorts-fuer-sommer-2\/\"  class=\"listing-item-container listing-geo-data compact\" >\r\n            <div class=\"listing-item  \">\r\n                <div class=\"listing-small-badges-container\">\r\n                                                                                    <div class=\"listing-small-badge shop-badge\"><i class=\"fa fa-store\"><\/i><\/i> Store<\/div>\r\n                                        \r\n                                        \r\n                                        \r\n                <\/div>\r\n                <img decoding=\"async\" src=\"https:\/\/linkmarkt.eu\/wp-content\/uploads\/2026\/04\/S7887da156e7b43ff8f70360e288faa14Z1-520x397.webp\" alt=\"Alpecin Premier Tech 2026 Fahrradbekleidung Set \u2013 Herren Radtrikot &#038; Bib Shorts f\u00fcr Sommer\" class=\"listing-thumbnail\">\r\n                \r\n\r\n                <div class=\"listing-item-content\">\r\n                    \r\n                    <h3> Alpecin Premier Tech 2026 Fahrradbekleidung Set \u2013 Herren Radtrikot &#038; Bib Shorts f\u00fcr Sommer <\/h3>\r\n                    \r\n                <\/div>\r\n                                        <span class=\"save like-icon tooltip left\" title=\"Login To Bookmark Items\"><\/span>\r\n                                                <\/div>\r\n        <\/a>\r\n                    <\/div>\r\n        \r\n\r\n        <!-- Listing Item \/ End -->\n                    <\/div>\n                                      <div class=\"fw-carousel-item\">                    \n                        <!-- Listing Item -->\r\n            <div class=\"col-lg-6 col-md-12\">\r\n                <a href=\"https:\/\/linkmarkt.eu\/en\/listing\/mehr-sichtbarkeit-mehr-kontrolle-direkt-am-handgelenk\/\"  class=\"listing-item-container listing-geo-data compact\" >\r\n            <div class=\"listing-item  \">\r\n                <div class=\"listing-small-badges-container\">\r\n                                                                                    <div class=\"listing-small-badge shop-badge\"><i class=\"fa fa-store\"><\/i><\/i> Store<\/div>\r\n                                        \r\n                                        \r\n                                        \r\n                <\/div>\r\n                <img decoding=\"async\" src=\"https:\/\/linkmarkt.eu\/wp-content\/uploads\/2026\/04\/H12bccea0b3cd4265be108a021747420an1-520x397.webp\" alt=\"Mehr Sichtbarkeit, mehr Kontrolle \u2013 direkt am Handgelenk\" class=\"listing-thumbnail\">\r\n                \r\n\r\n                <div class=\"listing-item-content\">\r\n                    \r\n                    <h3> Mehr Sichtbarkeit, mehr Kontrolle \u2013 direkt am Handgelenk <\/h3>\r\n                    \r\n                <\/div>\r\n                                        <span class=\"save like-icon tooltip left\" title=\"Login To Bookmark Items\"><\/span>\r\n                                                <\/div>\r\n        <\/a>\r\n                    <\/div>\r\n        \r\n\r\n        <!-- Listing Item \/ End -->\n                    <\/div>\n                                      <div class=\"fw-carousel-item\">                    \n                        <!-- Listing Item -->\r\n            <div class=\"col-lg-6 col-md-12\">\r\n                <a href=\"https:\/\/linkmarkt.eu\/en\/listing\/firmeninserat-sichtbar-werden-statt-uebersehen-werden\/\"  class=\"listing-item-container listing-geo-data compact\" >\r\n            <div class=\"listing-item  \">\r\n                <div class=\"listing-small-badges-container\">\r\n                                                                                \r\n                                        \r\n                                        \r\n                <\/div>\r\n                <img decoding=\"async\" src=\"https:\/\/linkmarkt.eu\/wp-content\/uploads\/2026\/04\/Unterschiede-zwischen-Inserat-Anzeige-und-Firmenprofil-1-520x397.png\" alt=\"Firmeninserat \u2013 sichtbar werden statt \u00fcbersehen werden?\" class=\"listing-thumbnail\">\r\n                \r\n\r\n                <div class=\"listing-item-content\">\r\n                    \r\n                    <h3> Firmeninserat \u2013 sichtbar werden statt \u00fcbersehen werden? <\/h3>\r\n                    \r\n                <\/div>\r\n                                        <span class=\"save like-icon tooltip left\" title=\"Login To Bookmark Items\"><\/span>\r\n                                                <\/div>\r\n        <\/a>\r\n                    <\/div>\r\n        \r\n\r\n        <!-- Listing Item \/ End -->\n                    <\/div>\n                          <\/div>\n        \t\t\t\t<\/div>\n\t\t\t\t<\/div>\n\t\t\t\t\t<\/div>\n\t\t\t\t<\/div>\n\t\t<div class=\"elementor-element elementor-element-444cbc4 e-flex e-con-boxed e-con e-parent\" data-id=\"444cbc4\" data-element_type=\"container\" data-e-type=\"container\">\n\t\t\t\t\t<div class=\"e-con-inner\">\n\t\t\t\t<div class=\"elementor-element elementor-element-af782d1 elementor-widget elementor-widget-listeo-dokan-vendords-grid\" data-id=\"af782d1\" data-element_type=\"widget\" data-e-type=\"widget\" data-widget_type=\"listeo-dokan-vendords-grid.default\">\n\t\t\t\t<div class=\"elementor-widget-container\">\n\t\t\t\t\t\t<div id=\"dokan-seller-listing-wrap\" class=\"grid-view\">\n    <div class=\"seller-listing-content\">\n        \n            <ul class=\"dokan-seller-wrap\">\n\n\n\t\t\t\t\t\n\n\n\t\t\t\t\t\t<li class=\" dokan-single-seller no-banner-img\">\n\t\t\t\t\t\t\t<a href=\"https:\/\/linkmarkt.eu\/en\/store\/outdoorger\/\">\n\t\t\t\t\t\t\t\t<div class=\"store-wrapper\">\n\t\t\t\t\t\t\t\t\t<div class=\"store-header\">\n\t\t\t\t\t\t\t\t\t\t<div class=\"store-banner\">\n\n\t\t\t\t\t\t\t\t\t\t\t<img decoding=\"async\" src=\"https:\/\/linkmarkt.eu\/wp-content\/plugins\/dokan-lite\/assets\/images\/default-store-banner.png\">\n\n\t\t\t\t\t\t\t\t\t\t<\/div>\n\t\t\t\t\t\t\t\t\t<\/div>\n\n\t\t\t\t\t\t\t\t\t<div class=\"store-content default-store-banner\">\n\t\t\t\t\t\t\t\t\t\t<div class=\"store-data-container\">\n\t\t\t\t\t\t\t\t\t\t\t<div class=\"featured-favourite\">\n\t\t\t\t\t\t\t\t\t\t\t\t\n\t\t\t\t\t\t\t\t\t\t\t\t\t\t\t\t\t\t\t\t\t\t\t<\/div>\n\n\t\t\t\t\t\t\t\t\t\t\t\n\t\t\t\t\t\t\t\t\t\t\t<div class=\"store-data \">\n\t\t\t\t\t\t\t\t\t\t\t\t<h2>OutdoorGER.<\/h2>\n\n\n\t\t\t\t\t\t\t\t\t\t\t\t\t\t\t\t\t\t\t\t\t\t\t\t<div class=\"dokan-store-rating no-reviews-rating\">\n\t\t\t\t\t\t\t\t\t\t\t\t\t<i class=\"fa fa-star\"><\/i>\n\t\t\t\t\t\t\t\t\t\t\t\t\tNo ratings found yet!\t\t\t\t\t\t\t\t\t\t\t\t<\/div>\n\n\n\t\t\t\t\t\t\t\t\t\t\t\t\n\t\t\t\t\t\t\t\t\t\t\t\t\n\t\t\t\t\t\t\t\t\t\t\t\t\t\t\t\t\t\t\t\t\t\t\t<\/div>\n\t\t\t\t\t\t\t\t\t\t<\/div>\n\t\t\t\t\t\t\t\t\t<\/div>\n\n\t\t\t\t\t\t\t\t\t<div class=\"store-footer\">\n\n\t\t\t\t\t\t\t\t\t\t\t\t\t\t\t\t\t\t\t\t<div class=\"dokan-store-rating no-reviews-rating\">\n\t\t\t\t\t\t\t\t\t\t\t<i class=\"fa fa-star\"><\/i>\n\t\t\t\t\t\t\t\t\t\t\tNo ratings found yet!\t\t\t\t\t\t\t\t\t\t<\/div>\n\n\t\t\t\t\t\t\t\t\t\t<div class=\"seller-avatar\">\n\n\t\t\t\t\t\t\t\t\t\t\t<img decoding=\"async\" src=\"https:\/\/linkmarkt.eu\/wp-content\/plugins\/dokan-lite\/assets\/images\/mystery-person.jpg\" alt=\"OutdoorGER.\" size=\"150\">\n\n\t\t\t\t\t\t\t\t\t\t<\/div>\n\n\t\t\t\t\t\t\t\t\t\t<span class=\"dashicons dashicons-arrow-right-alt2 dokan-btn-theme dokan-btn-round\"><\/span>\n\n\t\t\t\t\t\t\t\t\t\t\t\t\t\t\t\t\t\t\t<\/div>\n\t\t\t\t\t\t\t\t<\/div>\n\t\t\t\t\t\t\t<\/a>\n\t\t\t\t\t\t<\/li>\n\t\t\t\t\n\n\t\t\n\n\n\t\t\t\t\t\t<li class=\" dokan-single-seller \">\n\t\t\t\t\t\t\t<a href=\"https:\/\/linkmarkt.eu\/en\/store\/admin\/\">\n\t\t\t\t\t\t\t\t<div class=\"store-wrapper\">\n\t\t\t\t\t\t\t\t\t<div class=\"store-header\">\n\t\t\t\t\t\t\t\t\t\t<div class=\"store-banner\">\n\n\t\t\t\t\t\t\t\t\t\t\t<img decoding=\"async\" src=\"https:\/\/linkmarkt.eu\/wp-content\/uploads\/2025\/05\/cropped-53d3a17a-57cc-49aa-8165-6f0736c752f9.webp\">\n\n\t\t\t\t\t\t\t\t\t\t<\/div>\n\t\t\t\t\t\t\t\t\t<\/div>\n\n\t\t\t\t\t\t\t\t\t<div class=\"store-content \">\n\t\t\t\t\t\t\t\t\t\t<div class=\"store-data-container\">\n\t\t\t\t\t\t\t\t\t\t\t<div class=\"featured-favourite\">\n\t\t\t\t\t\t\t\t\t\t\t\t\n\t\t\t\t\t\t\t\t\t\t\t\t\t\t\t\t\t\t\t\t\t\t\t<\/div>\n\n\t\t\t\t\t\t\t\t\t\t\t\n\t\t\t\t\t\t\t\t\t\t\t<div class=\"store-data \">\n\t\t\t\t\t\t\t\t\t\t\t\t<h2>LinkMarkt.eu<\/h2>\n\n\n\t\t\t\t\t\t\t\t\t\t\t\t\t\t\t\t\t\t\t\t\t\t\t\t<div class=\"dokan-store-rating no-reviews-rating\">\n\t\t\t\t\t\t\t\t\t\t\t\t\t<i class=\"fa fa-star\"><\/i>\n\t\t\t\t\t\t\t\t\t\t\t\t\tNo ratings found yet!\t\t\t\t\t\t\t\t\t\t\t\t<\/div>\n\n\n\t\t\t\t\t\t\t\t\t\t\t\t\n\t\t\t\t\t\t\t\t\t\t\t\t\n\t\t\t\t\t\t\t\t\t\t\t\t\t\t\t\t\t\t\t\t\t\t\t<\/div>\n\t\t\t\t\t\t\t\t\t\t<\/div>\n\t\t\t\t\t\t\t\t\t<\/div>\n\n\t\t\t\t\t\t\t\t\t<div class=\"store-footer\">\n\n\t\t\t\t\t\t\t\t\t\t\t\t\t\t\t\t\t\t\t\t<div class=\"dokan-store-rating no-reviews-rating\">\n\t\t\t\t\t\t\t\t\t\t\t<i class=\"fa fa-star\"><\/i>\n\t\t\t\t\t\t\t\t\t\t\tNo ratings found yet!\t\t\t\t\t\t\t\t\t\t<\/div>\n\n\t\t\t\t\t\t\t\t\t\t<div class=\"seller-avatar\">\n\n\t\t\t\t\t\t\t\t\t\t\t<img decoding=\"async\" src=\"https:\/\/linkmarkt.eu\/wp-content\/uploads\/2025\/01\/cropped-moje_zdjecie_converted.jpg\" alt=\"LinkMarkt.eu\" size=\"150\">\n\n\t\t\t\t\t\t\t\t\t\t<\/div>\n\n\t\t\t\t\t\t\t\t\t\t<span class=\"dashicons dashicons-arrow-right-alt2 dokan-btn-theme dokan-btn-round\"><\/span>\n\n\t\t\t\t\t\t\t\t\t\t\t\t\t\t\t\t\t\t\t<\/div>\n\t\t\t\t\t\t\t\t<\/div>\n\t\t\t\t\t\t\t<\/a>\n\t\t\t\t\t\t<\/li>\n\t\t\t\t\n\n\t\t\t\t\t\t<\/ul>\n\n\t\t<\/div>\n\t\t<\/div>\n\t\t\t\t<\/div>\n\t\t\t\t<\/div>\n\t\t\t\t\t<\/div>\n\t\t\t\t<\/div>\n\t\t<div class=\"elementor-element elementor-element-0812e84 e-flex e-con-boxed e-con e-parent\" data-id=\"0812e84\" data-element_type=\"container\" data-e-type=\"container\">\n\t\t\t\t\t<div class=\"e-con-inner\">\n\t\t\t\t<div class=\"elementor-element elementor-element-b44fc6d elementor-align-justify elementor-button-success elementor-widget elementor-widget-button\" data-id=\"b44fc6d\" data-element_type=\"widget\" data-e-type=\"widget\" data-widget_type=\"button.default\">\n\t\t\t\t<div class=\"elementor-widget-container\">\n\t\t\t\t\t\t\t\t\t<div class=\"elementor-button-wrapper\">\n\t\t\t\t\t<a class=\"elementor-button elementor-button-link elementor-size-sm\" href=\"https:\/\/linkmarkt.eu\/my-account\/\" id=\"kopko\">\n\t\t\t\t\t\t<span class=\"elementor-button-content-wrapper\">\n\t\t\t\t\t\t<span class=\"elementor-button-icon\">\n\t\t\t\t<i aria-hidden=\"true\" class=\"far fa-grin\"><\/i>\t\t\t<\/span>\n\t\t\t\t\t\t\t\t\t<span class=\"elementor-button-text\">Your offer or shop could also be listed here!<\/span>\n\t\t\t\t\t<\/span>\n\t\t\t\t\t<\/a>\n\t\t\t\t<\/div>\n\t\t\t\t\t\t\t\t<\/div>\n\t\t\t\t<\/div>\n\t\t\t\t\t<\/div>\n\t\t\t\t<\/div>\n\t\t<div class=\"elementor-element elementor-element-c47cc95 e-flex e-con-boxed e-con e-parent\" data-id=\"c47cc95\" data-element_type=\"container\" data-e-type=\"container\">\n\t\t\t\t\t<div class=\"e-con-inner\">\n\t\t\t\t\t<\/div>\n\t\t\t\t<\/div>\n\t\t\t\t<\/div>\n\t\t","protected":false},"excerpt":{"rendered":"<p>Do you have something to offer or sell? Get access to the Ads &amp; Shop panel now Matcha Extreme &#8211; delicious tea to support fitness &#038; detox. ingolstadt Matcha Extreme &#8211; modern dietary supplement tea. N\u00fcrnberg SwifDoo PDF &#8211; Professional PDF tool for Work &#038; Everyday life Survio &#8211; Create Online Surveys &#038; Questionnaires easily [&hellip;]<\/p>\n","protected":false},"author":1,"featured_media":0,"parent":0,"menu_order":0,"comment_status":"closed","ping_status":"closed","template":"elementor_header_footer","meta":{"_seopress_robots_primary_cat":"","_seopress_titles_title":"","_seopress_titles_desc":"","_seopress_robots_index":"","googlesitekit_rrm_CAowz76iDA:productID":"","footnotes":""},"class_list":["post-2728","page","type-page","status-publish","hentry"],"_links":{"self":[{"href":"https:\/\/linkmarkt.eu\/en\/wp-json\/wp\/v2\/pages\/2728","targetHints":{"allow":["GET"]}}],"collection":[{"href":"https:\/\/linkmarkt.eu\/en\/wp-json\/wp\/v2\/pages"}],"about":[{"href":"https:\/\/linkmarkt.eu\/en\/wp-json\/wp\/v2\/types\/page"}],"author":[{"embeddable":true,"href":"https:\/\/linkmarkt.eu\/en\/wp-json\/wp\/v2\/users\/1"}],"replies":[{"embeddable":true,"href":"https:\/\/linkmarkt.eu\/en\/wp-json\/wp\/v2\/comments?post=2728"}],"version-history":[{"count":44,"href":"https:\/\/linkmarkt.eu\/en\/wp-json\/wp\/v2\/pages\/2728\/revisions"}],"predecessor-version":[{"id":17275,"href":"https:\/\/linkmarkt.eu\/en\/wp-json\/wp\/v2\/pages\/2728\/revisions\/17275"}],"wp:attachment":[{"href":"https:\/\/linkmarkt.eu\/en\/wp-json\/wp\/v2\/media?parent=2728"}],"curies":[{"name":"wp","href":"https:\/\/api.w.org\/{rel}","templated":true}]}}