{"id":11556,"date":"2025-05-18T11:16:39","date_gmt":"2025-05-18T09:16:39","guid":{"rendered":"https:\/\/linkmarkt.eu\/?post_type=product&#038;p=11556"},"modified":"2025-12-24T22:40:51","modified_gmt":"2025-12-24T21:40:51","slug":"kemei-profi-haarschneider-barttrimmer-kabellos-kabelgebunden-turbo-motor-lcd-display","status":"publish","type":"product","link":"https:\/\/linkmarkt.eu\/en\/product\/kemei-profi-haarschneider-barttrimmer-kabellos-kabelgebunden-turbo-motor-lcd-display\/","title":{"rendered":"Kemei Profi Haarschneider &#038; Barttrimmer \u2013 Kabellos\/Kabelgebunden, Turbo Motor, LCD Display"},"content":{"rendered":"<p data-start=\"701\" data-end=\"797\"><strong data-start=\"701\" data-end=\"797\">Kemei Professioneller Haarschneider &amp; Barttrimmer \u2013 Pr\u00e4zision, Kraft und Stil in einem Ger\u00e4t<\/strong><\/p>\n<p data-start=\"799\" data-end=\"1151\">Erlebe professionelle Haarschnitte wie im Barber Shop \u2013 bequem zu Hause!<br data-start=\"871\" data-end=\"874\" \/>Der <strong data-start=\"878\" data-end=\"900\">Kemei Hair Clipper<\/strong> ist ein leistungsstarker, langlebiger und vielseitiger Trimmer f\u00fcr M\u00e4nner, Frauen und Kinder. Mit seinem <strong data-start=\"1006\" data-end=\"1021\">Turbo-Motor<\/strong>, <strong data-start=\"1023\" data-end=\"1038\">LCD-Display<\/strong> und <strong data-start=\"1043\" data-end=\"1063\">Edelstahlklingen<\/strong> sorgt er f\u00fcr ein glattes, pr\u00e4zises Schneideergebnis \u2013 ohne Ziepen, ohne Irritationen.<\/p>\n<hr data-start=\"1153\" data-end=\"1156\" \/>\n<p data-start=\"1158\" data-end=\"1181\">\ud83d\udcaa <strong data-start=\"1161\" data-end=\"1179\">Hauptvorteile:<\/strong><\/p>\n<ul data-start=\"1182\" data-end=\"1622\">\n<li data-start=\"1182\" data-end=\"1260\">\n<p data-start=\"1184\" data-end=\"1260\"><strong data-start=\"1184\" data-end=\"1215\">Zwei Geschwindigkeitsstufen<\/strong> \u2013 perfekte Kontrolle bei jedem Haarschnitt<\/p>\n<\/li>\n<li data-start=\"1261\" data-end=\"1341\">\n<p data-start=\"1263\" data-end=\"1341\"><strong data-start=\"1263\" data-end=\"1291\">Edelstahlklingen (45 mm)<\/strong> \u2013 scharf, hautfreundlich und leicht zu reinigen<\/p>\n<\/li>\n<li data-start=\"1342\" data-end=\"1412\">\n<p data-start=\"1344\" data-end=\"1412\"><strong data-start=\"1344\" data-end=\"1371\">Kabellos oder mit Kabel<\/strong> \u2013 maximale Flexibilit\u00e4t beim Schneiden<\/p>\n<\/li>\n<li data-start=\"1413\" data-end=\"1506\">\n<p data-start=\"1415\" data-end=\"1506\"><strong data-start=\"1415\" data-end=\"1440\">2000 mAh Lithium-Akku<\/strong> \u2013 bis zu <strong data-start=\"1450\" data-end=\"1474\">160 Minuten Laufzeit<\/strong>, schnelles Laden in 3 Stunden<\/p>\n<\/li>\n<li data-start=\"1507\" data-end=\"1562\">\n<p data-start=\"1509\" data-end=\"1562\"><strong data-start=\"1509\" data-end=\"1524\">LCD-Display<\/strong> mit Ladeanzeige und Sperrerinnerung<\/p>\n<\/li>\n<li data-start=\"1563\" data-end=\"1622\">\n<p data-start=\"1565\" data-end=\"1622\"><strong data-start=\"1565\" data-end=\"1583\">Leiser Betrieb<\/strong>, hohe Leistung, ergonomisches Design<\/p>\n<\/li>\n<\/ul>\n<hr data-start=\"1624\" data-end=\"1627\" \/>\n<p data-start=\"1629\" data-end=\"1651\">\ud83d\udc87\u200d\u2642\ufe0f <strong data-start=\"1635\" data-end=\"1649\">Ideal f\u00fcr:<\/strong><\/p>\n<ul data-start=\"1652\" data-end=\"1797\">\n<li data-start=\"1652\" data-end=\"1705\">\n<p data-start=\"1654\" data-end=\"1705\">Bart, Kopf, Nacken, K\u00f6rper und empfindliche Zonen<\/p>\n<\/li>\n<li data-start=\"1706\" data-end=\"1745\">\n<p data-start=\"1708\" data-end=\"1745\">M\u00e4nner, Frauen, Senioren und Kinder<\/p>\n<\/li>\n<li data-start=\"1746\" data-end=\"1797\">\n<p data-start=\"1748\" data-end=\"1797\"><strong data-start=\"1748\" data-end=\"1775\">Professionelle Friseure<\/strong> oder <strong data-start=\"1781\" data-end=\"1797\">Heimanwender<\/strong><\/p>\n<\/li>\n<\/ul>\n<hr data-start=\"1799\" data-end=\"1802\" \/>\n<p data-start=\"1804\" data-end=\"1826\">\ud83d\udce6 <strong data-start=\"1807\" data-end=\"1824\">Lieferumfang:<\/strong><\/p>\n<ul data-start=\"1827\" data-end=\"2000\">\n<li data-start=\"1827\" data-end=\"1868\">\n<p data-start=\"1829\" data-end=\"1868\">1 x Kemei Haarschneider (Gold\/Silber)<\/p>\n<\/li>\n<li data-start=\"1869\" data-end=\"1923\">\n<p data-start=\"1871\" data-end=\"1923\">6 x F\u00fchrungsk\u00e4mme (1,5 \/ 3 \/ 4,5 \/ 6 \/ 10 \/ 13 mm)<\/p>\n<\/li>\n<li data-start=\"1924\" data-end=\"1955\">\n<p data-start=\"1926\" data-end=\"1955\">EU-Ladeger\u00e4t + ggf. Adapter<\/p>\n<\/li>\n<li data-start=\"1956\" data-end=\"1976\">\n<p data-start=\"1958\" data-end=\"1976\">Reinigungsb\u00fcrste<\/p>\n<\/li>\n<li data-start=\"1977\" data-end=\"2000\">\n<p data-start=\"1979\" data-end=\"2000\">Bedienungsanleitung<\/p>\n<\/li>\n<\/ul>\n<p data-start=\"2002\" data-end=\"2148\">\u2699\ufe0f <strong data-start=\"2005\" data-end=\"2026\">Technische Daten:<\/strong><br data-start=\"2026\" data-end=\"2029\" \/>Spannung 100 \u2013 240 V | Ladezeit 3 h | Betriebszeit 120 \u2013 160 min | Akku 2000 mAh | Motor Turbo-Rotationsmotor<\/p>\n<p data-start=\"2150\" data-end=\"2235\">\ud83d\udcac <strong data-start=\"2153\" data-end=\"2165\">Hinweis:<\/strong> Schmier\u00f6l ist aus Sicherheitsgr\u00fcnden nicht im Lieferumfang enthalten.<\/p>\n<h1><img decoding=\"async\" class=\"detail-desc-decorate-image\" style=\"color: #707070; font-size: 15px;\" src=\"https:\/\/ae01.alicdn.com\/kf\/H66c3f8d2d6c44fd6b95b94eafa08d390Q.jpg\" \/><\/h1>\n<div class=\"detailmodule_html\">\n<div class=\"detail-desc-decorate-richtext\">\n<p>&nbsp;<\/p>\n<\/div>\n<\/div>\n<p>&nbsp;<\/p>\n","protected":false},"excerpt":{"rendered":"<p>Kemei Professioneller Haarschneider &amp; Barttrimmer \u2013 Pr\u00e4zision, Kraft und Stil in einem Ger\u00e4t Erlebe professionelle Haarschnitte wie im Barber Shop \u2013 bequem zu Hause!Der Kemei Hair Clipper ist ein leistungsstarker, langlebiger und vielseitiger Trimmer f\u00fcr M\u00e4nner, Frauen und Kinder. Mit seinem Turbo-Motor, LCD-Display und Edelstahlklingen sorgt er f\u00fcr ein glattes, pr\u00e4zises Schneideergebnis \u2013 ohne Ziepen, [&hellip;]<\/p>\n","protected":false},"featured_media":11514,"comment_status":"open","ping_status":"closed","template":"","meta":{"_seopress_robots_primary_cat":"none","_seopress_titles_title":"Kemei Profi Haarschneider & Barttrimmer","_seopress_titles_desc":"Leistungsstarker Profi-Haarschneider von Kemei mit Turbo-Motor und LCD-Display. Pr\u00e4ziser Schnitt, lange Akkulaufzeit (bis 160 Minuten) und Edelstahlklingen f\u00fcr Bart, Kopf und K\u00f6rper. Ideal f\u00fcr Friseure und Zuhause.","_seopress_robots_index":"","googlesitekit_rrm_CAowz76iDA:productID":""},"product_brand":[],"product_cat":[2358,2367,1641],"product_tag":[],"class_list":{"0":"post-11556","1":"product","2":"type-product","3":"status-publish","4":"has-post-thumbnail","6":"product_cat-beauty-pflege","7":"product_cat-haarstylinggeraete-2","8":"product_cat-mode-accessoires","10":"first","11":"instock","12":"sale","13":"taxable","14":"shipping-taxable","15":"purchasable","16":"product-type-variable"},"_links":{"self":[{"href":"https:\/\/linkmarkt.eu\/en\/wp-json\/wp\/v2\/product\/11556","targetHints":{"allow":["GET"]}}],"collection":[{"href":"https:\/\/linkmarkt.eu\/en\/wp-json\/wp\/v2\/product"}],"about":[{"href":"https:\/\/linkmarkt.eu\/en\/wp-json\/wp\/v2\/types\/product"}],"replies":[{"embeddable":true,"href":"https:\/\/linkmarkt.eu\/en\/wp-json\/wp\/v2\/comments?post=11556"}],"version-history":[{"count":1,"href":"https:\/\/linkmarkt.eu\/en\/wp-json\/wp\/v2\/product\/11556\/revisions"}],"predecessor-version":[{"id":15285,"href":"https:\/\/linkmarkt.eu\/en\/wp-json\/wp\/v2\/product\/11556\/revisions\/15285"}],"wp:featuredmedia":[{"embeddable":true,"href":"https:\/\/linkmarkt.eu\/en\/wp-json\/wp\/v2\/media\/11514"}],"wp:attachment":[{"href":"https:\/\/linkmarkt.eu\/en\/wp-json\/wp\/v2\/media?parent=11556"}],"wp:term":[{"taxonomy":"product_brand","embeddable":true,"href":"https:\/\/linkmarkt.eu\/en\/wp-json\/wp\/v2\/product_brand?post=11556"},{"taxonomy":"product_cat","embeddable":true,"href":"https:\/\/linkmarkt.eu\/en\/wp-json\/wp\/v2\/product_cat?post=11556"},{"taxonomy":"product_tag","embeddable":true,"href":"https:\/\/linkmarkt.eu\/en\/wp-json\/wp\/v2\/product_tag?post=11556"}],"curies":[{"name":"wp","href":"https:\/\/api.w.org\/{rel}","templated":true}]}}