{"id":11863,"date":"2025-05-25T08:32:34","date_gmt":"2025-05-25T06:32:34","guid":{"rendered":"https:\/\/linkmarkt.eu\/?post_type=product&#038;p=11863"},"modified":"2025-12-24T22:40:51","modified_gmt":"2025-12-24T21:40:51","slug":"pflanzenkaviar-kollagen-gesichtscreme-straffende-revitalisierende-pflege-feuchtigkeit-regeneration-anti-aging-effekt","status":"publish","type":"product","link":"https:\/\/linkmarkt.eu\/en\/product\/pflanzenkaviar-kollagen-gesichtscreme-straffende-revitalisierende-pflege-feuchtigkeit-regeneration-anti-aging-effekt\/","title":{"rendered":"Pflanzenkaviar &#038; Kollagen Gesichtscreme \u2013 Straffende &#038; Revitalisierende Pflege | Feuchtigkeit, Regeneration &#038; Anti-Aging Effekt"},"content":{"rendered":"<p data-start=\"536\" data-end=\"889\">Lass deine Haut wieder strahlen! \u2728<br data-start=\"570\" data-end=\"573\" \/>Die <strong data-start=\"577\" data-end=\"608\">Plant Caviar Collagen Cream<\/strong> vereint nat\u00fcrliche Pflanzenextrakte, wertvollen <strong data-start=\"657\" data-end=\"667\">Kaviar<\/strong> und <strong data-start=\"672\" data-end=\"692\">marinen Kollagen<\/strong>, um die Haut intensiv zu pflegen, zu gl\u00e4tten und zu straffen.<br data-start=\"754\" data-end=\"757\" \/>Sie spendet <strong data-start=\"769\" data-end=\"791\">tiefe Feuchtigkeit<\/strong>, f\u00f6rdert die <strong data-start=\"805\" data-end=\"823\">Zellerneuerung<\/strong> und hilft, fahle oder trockene Haut sichtbar zu revitalisieren.<\/p>\n<p data-start=\"891\" data-end=\"1154\">Die seidige Textur zieht schnell ein, ohne zu fetten, und hinterl\u00e4sst ein <strong data-start=\"965\" data-end=\"997\">frisches, glattes Hautgef\u00fchl<\/strong> \u2013 perfekt f\u00fcr t\u00e4gliche Pflege am Morgen und Abend.<br data-start=\"1048\" data-end=\"1051\" \/>Ideal f\u00fcr Frauen, die ihrer Haut jugendliche Spannkraft und nat\u00fcrlichen Glanz zur\u00fcckgeben m\u00f6chten. \ud83d\udc8e<\/p>\n<p data-start=\"1217\" data-end=\"1510\">Die Kombination aus <strong data-start=\"1237\" data-end=\"1291\">Kaviar-Extrakt, Kollagen und pflanzlichen Peptiden<\/strong> wirkt tief in der Haut, st\u00e4rkt die Elastizit\u00e4t und mildert feine Linien.<br data-start=\"1364\" data-end=\"1367\" \/>Regelm\u00e4\u00dfige Anwendung reduziert sichtbar <strong data-start=\"1408\" data-end=\"1459\">M\u00fcdigkeit, raue Stellen und dunkle Verf\u00e4rbungen<\/strong> \u2013 die Haut wirkt klarer, glatter und lebendiger.<\/p>\n<p data-start=\"1512\" data-end=\"1686\">Mit einer gro\u00dfz\u00fcgigen <strong data-start=\"1534\" data-end=\"1558\">Inhaltmenge von 65 g<\/strong> ist die Creme ergiebig und perfekt f\u00fcr die kalte Jahreszeit.<br data-start=\"1619\" data-end=\"1622\" \/>Frei von sch\u00e4dlichen Zus\u00e4tzen und f\u00fcr alle Hauttypen geeignet.<\/p>\n<p data-start=\"1688\" data-end=\"1781\">Ein Hauch von Luxus in deiner t\u00e4glichen Routine \u2013 <strong data-start=\"1738\" data-end=\"1774\">Pflege, die man sieht und sp\u00fcrt.<\/strong> \ud83c\udf3f\ud83d\udcab<\/p>\n<h1><img decoding=\"async\" style=\"width: 1000px;\" src=\"https:\/\/ae01.alicdn.com\/kf\/S708f56532a3641bb959a360a2d403a603.jpg\" width=\"1000px\" \/><\/h1>\n<div class=\"detailmodule_html\">\n<div class=\"detail-desc-decorate-richtext\">\n<p><img decoding=\"async\" style=\"width: 1000px;\" src=\"https:\/\/ae01.alicdn.com\/kf\/S3d45a35b25ea4aba9e696cc7c8078903v.jpg\" width=\"1000px\" \/><\/p>\n<p><img decoding=\"async\" style=\"width: 1000px;\" src=\"https:\/\/ae01.alicdn.com\/kf\/S51ab95bdf84248cbb8a14fd7850fa117F.jpg\" width=\"1000px\" \/><\/p>\n<p><img decoding=\"async\" style=\"width: 1000px;\" src=\"https:\/\/ae01.alicdn.com\/kf\/S708f56532a3641bb959a360a2d403a603.jpg\" width=\"1000px\" \/><\/p>\n<p><img decoding=\"async\" style=\"width: 1000px;\" src=\"https:\/\/ae01.alicdn.com\/kf\/S9b5e9f1e2eb54ec49cc739274f821fb9A.jpg\" width=\"1000px\" \/><\/p>\n<p><img decoding=\"async\" style=\"width: 1000px;\" src=\"https:\/\/ae01.alicdn.com\/kf\/S7064e89d0ac14cb99a7f68c2994bc59eL.jpg\" width=\"1000px\" \/><\/p>\n<p><img decoding=\"async\" style=\"width: 1000px;\" src=\"https:\/\/ae01.alicdn.com\/kf\/Sf9575f1e67bf49bc96d6bbfab7aa5955D.jpg\" width=\"1000px\" \/><\/p>\n<p><img decoding=\"async\" style=\"width: 1000px;\" src=\"https:\/\/ae01.alicdn.com\/kf\/Sa56145759722483e9cac060ab070612b5.jpg\" width=\"1000px\" \/><\/p>\n<p><img decoding=\"async\" style=\"width: 1000px;\" src=\"https:\/\/ae01.alicdn.com\/kf\/S69d05308607f4ac09891f5a02a5063138.jpg\" width=\"1000px\" \/><\/p>\n<p><img decoding=\"async\" style=\"width: 1000px;\" src=\"https:\/\/ae01.alicdn.com\/kf\/S8bbf75412cf24512b46147eb261404cbm.jpg\" width=\"1000px\" \/><\/p>\n<p><img decoding=\"async\" style=\"width: 1000px;\" src=\"https:\/\/ae01.alicdn.com\/kf\/Sce1aded376d6481ca21213a6ff531e4as.jpg\" width=\"1000px\" \/><\/p>\n<p><img decoding=\"async\" style=\"width: 1000px;\" src=\"https:\/\/ae01.alicdn.com\/kf\/Seb81ea2a9b6c48b7a51a3b1d9fd26d61n.jpg\" width=\"1000px\" \/><\/p>\n<p><img decoding=\"async\" style=\"width: 1000px;\" src=\"https:\/\/ae01.alicdn.com\/kf\/Sea0f5c9b8b9d4b369c155fe88e8b4472y.jpg\" width=\"1000px\" \/><\/p>\n<\/div>\n<\/div>\n<p>&nbsp;<\/p>\n","protected":false},"excerpt":{"rendered":"<p>Lass deine Haut wieder strahlen! \u2728Die Plant Caviar Collagen Cream vereint nat\u00fcrliche Pflanzenextrakte, wertvollen Kaviar und marinen Kollagen, um die Haut intensiv zu pflegen, zu gl\u00e4tten und zu straffen.Sie spendet tiefe Feuchtigkeit, f\u00f6rdert die Zellerneuerung und hilft, fahle oder trockene Haut sichtbar zu revitalisieren. Die seidige Textur zieht schnell ein, ohne zu fetten, und hinterl\u00e4sst [&hellip;]<\/p>\n","protected":false},"featured_media":11842,"comment_status":"open","ping_status":"closed","template":"","meta":{"_seopress_robots_primary_cat":"none","_seopress_titles_title":"Plant Caviar Collagen Cream \u2013 Feuchtigkeitsspendende & Straffende Gesichtscreme mit Kaviar & Kollagen | Regeneration & Anti-Aging","_seopress_titles_desc":"Luxuspflege mit Kaviar & Kollagen! Die Plant Caviar Collagen Cream spendet Feuchtigkeit, strafft & revitalisiert m\u00fcde Haut. F\u00fcr glatte, jugendliche Ausstrahlung.","_seopress_robots_index":"","googlesitekit_rrm_CAowz76iDA:productID":""},"product_brand":[],"product_cat":[2332],"product_tag":[],"class_list":{"0":"post-11863","1":"product","2":"type-product","3":"status-publish","4":"has-post-thumbnail","6":"product_cat-kosmetik-koerperpflege","8":"first","9":"instock","10":"sale","11":"taxable","12":"shipping-taxable","13":"purchasable","14":"product-type-variable"},"_links":{"self":[{"href":"https:\/\/linkmarkt.eu\/en\/wp-json\/wp\/v2\/product\/11863","targetHints":{"allow":["GET"]}}],"collection":[{"href":"https:\/\/linkmarkt.eu\/en\/wp-json\/wp\/v2\/product"}],"about":[{"href":"https:\/\/linkmarkt.eu\/en\/wp-json\/wp\/v2\/types\/product"}],"replies":[{"embeddable":true,"href":"https:\/\/linkmarkt.eu\/en\/wp-json\/wp\/v2\/comments?post=11863"}],"version-history":[{"count":2,"href":"https:\/\/linkmarkt.eu\/en\/wp-json\/wp\/v2\/product\/11863\/revisions"}],"predecessor-version":[{"id":15235,"href":"https:\/\/linkmarkt.eu\/en\/wp-json\/wp\/v2\/product\/11863\/revisions\/15235"}],"wp:featuredmedia":[{"embeddable":true,"href":"https:\/\/linkmarkt.eu\/en\/wp-json\/wp\/v2\/media\/11842"}],"wp:attachment":[{"href":"https:\/\/linkmarkt.eu\/en\/wp-json\/wp\/v2\/media?parent=11863"}],"wp:term":[{"taxonomy":"product_brand","embeddable":true,"href":"https:\/\/linkmarkt.eu\/en\/wp-json\/wp\/v2\/product_brand?post=11863"},{"taxonomy":"product_cat","embeddable":true,"href":"https:\/\/linkmarkt.eu\/en\/wp-json\/wp\/v2\/product_cat?post=11863"},{"taxonomy":"product_tag","embeddable":true,"href":"https:\/\/linkmarkt.eu\/en\/wp-json\/wp\/v2\/product_tag?post=11863"}],"curies":[{"name":"wp","href":"https:\/\/api.w.org\/{rel}","templated":true}]}}