{"id":12072,"date":"2025-05-25T08:39:45","date_gmt":"2025-05-25T06:39:45","guid":{"rendered":"https:\/\/linkmarkt.eu\/?post_type=product&#038;p=12072"},"modified":"2025-12-24T22:40:52","modified_gmt":"2025-12-24T21:40:52","slug":"professionelle-make-up-tasche-wasserdichte-kosmetiktasche-mit-pinselfach-manikuere-organizer-reisezubehoer-maxulene","status":"publish","type":"product","link":"https:\/\/linkmarkt.eu\/en\/product\/professionelle-make-up-tasche-wasserdichte-kosmetiktasche-mit-pinselfach-manikuere-organizer-reisezubehoer-maxulene\/","title":{"rendered":"Professionelle Make-up-Tasche \u2013 Wasserdichte Kosmetiktasche mit Pinselfach, Manik\u00fcre-Organizer &#038; Reisezubeh\u00f6r \u2013 Maxulene"},"content":{"rendered":"<p data-start=\"280\" data-end=\"592\">Diese <strong data-start=\"286\" data-end=\"332\">professionelle Make-up-Tasche von Maxulene<\/strong> ist die perfekte L\u00f6sung f\u00fcr alle, die ihre Kosmetik ordentlich und stilvoll aufbewahren m\u00f6chten \u2013 ob zu Hause oder unterwegs.<br data-start=\"458\" data-end=\"461\" \/>Hergestellt aus <strong data-start=\"477\" data-end=\"514\">hochwertigem, wasserdichtem Nylon<\/strong>, sch\u00fctzt sie Ihre Beauty-Produkte zuverl\u00e4ssig vor Feuchtigkeit und Schmutz.<\/p>\n<p data-start=\"594\" data-end=\"856\">Mit <strong data-start=\"598\" data-end=\"636\">mehreren F\u00e4chern und Pinseltaschen<\/strong> bietet sie gen\u00fcgend Platz f\u00fcr Make-up, Pflegeprodukte, Nagelutensilien oder Reisezubeh\u00f6r.<br data-start=\"726\" data-end=\"729\" \/>Dank des <strong data-start=\"738\" data-end=\"767\">robusten Rei\u00dfverschlusses<\/strong> bleibt alles sicher verstaut, w\u00e4hrend das kompakte Design ideal in jeden Koffer passt.<\/p>\n<p data-start=\"858\" data-end=\"878\"><strong data-start=\"858\" data-end=\"876\">Eigenschaften:<\/strong><\/p>\n<ul data-start=\"879\" data-end=\"1168\">\n<li data-start=\"879\" data-end=\"954\">\n<p data-start=\"881\" data-end=\"954\">\ud83d\udc84 Professionelle Aufbewahrung f\u00fcr Make-up, Pinsel und Manik\u00fcre-Zubeh\u00f6r<\/p>\n<\/li>\n<li data-start=\"955\" data-end=\"1020\">\n<p data-start=\"957\" data-end=\"1020\">\ud83d\udca7 Wasserdichtes Nylon \u2013 ideal f\u00fcr Reisen oder das Badezimmer<\/p>\n<\/li>\n<li data-start=\"1021\" data-end=\"1070\">\n<p data-start=\"1023\" data-end=\"1070\">\u2728 Klassisches, elegantes Design in Kissenform<\/p>\n<\/li>\n<li data-start=\"1071\" data-end=\"1110\">\n<p data-start=\"1073\" data-end=\"1110\">\ud83d\udc5c Leicht, tragbar und platzsparend<\/p>\n<\/li>\n<li data-start=\"1111\" data-end=\"1141\">\n<p data-start=\"1113\" data-end=\"1141\">\ud83d\udccf Gr\u00f6\u00dfe: 25 \u00d7 9,7 \u00d7 23 cm<\/p>\n<\/li>\n<li data-start=\"1142\" data-end=\"1168\">\n<p data-start=\"1144\" data-end=\"1168\">\u2696\ufe0f Gewicht: ca. 0,6 kg<\/p>\n<\/li>\n<\/ul>\n<p data-start=\"1170\" data-end=\"1262\">Perfekt f\u00fcr <strong data-start=\"1182\" data-end=\"1233\">Make-up-Artists, Vielreisende oder als Geschenk<\/strong> f\u00fcr Beauty-Liebhaberinnen!<\/p>\n<hr data-start=\"1264\" data-end=\"1267\" \/>\n<h3 data-start=\"1269\" data-end=\"1310\"><\/h3>\n<h1><img decoding=\"async\" style=\"font-size: 16px; color: #707070;\" src=\"https:\/\/ae01.alicdn.com\/kf\/Sd2292e70d86a4573991b2882248669ce0.jpeg\" width=\"750\" height=\"auto\" \/><\/h1>\n<p><img decoding=\"async\" src=\"https:\/\/ae01.alicdn.com\/kf\/S015e48c0a4554401801f13cb2e6f6130Y.png\" width=\"750\" height=\"auto\" \/><\/p>\n<p><img decoding=\"async\" src=\"https:\/\/ae01.alicdn.com\/kf\/S308c36c206d84a2da26423822a7bcc16z.jpg\" \/><\/p>\n<p class=\"MsoNormal\" style=\"text-align: left;\" align=\"left\"><span style=\"font-size: 16px; font-family: arial, helvetica, sans-serif;\">Portable Multifunctional Cosmetic Bag:Waterproof, dirt and crush resistant,Better storage for makeup brushes.<\/span><\/p>\n<p>&nbsp;<\/p>\n<p class=\"MsoNormal\" style=\"text-align: left;\" align=\"left\"><img decoding=\"async\" src=\"https:\/\/ae01.alicdn.com\/kf\/S0d9a560b670e495da5d386265f246475w.jpg\" \/><\/p>\n<p class=\"MsoNormal\" style=\"text-align: left;\" align=\"left\"><span style=\"font-size: 16px; font-family: arial, helvetica, sans-serif;\">Travel makeup bag: small body, large capacity. Store your cosmetics, make-up, eye shadow palettes, face masks, make-up brushes.<\/span><\/p>\n<p>&nbsp;<\/p>\n<p class=\"MsoNormal\" style=\"text-align: left;\" align=\"left\"><img decoding=\"async\" src=\"https:\/\/ae01.alicdn.com\/kf\/S0d3dae3dbf4c4bff832eba861a871709r.jpg\" \/><\/p>\n<p class=\"MsoNormal\" style=\"text-align: left;\" align=\"left\"><span style=\"font-size: 16px; font-family: arial, helvetica, sans-serif;\">Professional make-up bag: equipped with adjustable sponge dividers to meet different storage needs, free to dismantle the dividers as needed to adapt to different sizes of make-up storage.<\/span><\/p>\n<p>&nbsp;<\/p>\n<p class=\"MsoNormal\" style=\"text-align: left;\" align=\"left\"><img decoding=\"async\" src=\"https:\/\/ae01.alicdn.com\/kf\/S1464784142fd4711805fe21d1ba45b29G.jpg\" \/><\/p>\n<p class=\"MsoNormal\" style=\"text-align: left;\" align=\"left\"><span style=\"font-size: 16px; font-family: arial, helvetica, sans-serif;\">Portable travel makeup brush organizer: allows your brushes to be neatly arranged while being easy to access at a glance. Also, the configured plastic film keeps the items clean, making them free from makeup contamination.<\/span><\/p>\n<p>&nbsp;<\/p>\n<p class=\"MsoNormal\" style=\"text-align: left;\" align=\"left\"><img fetchpriority=\"high\" decoding=\"async\" src=\"https:\/\/ae01.alicdn.com\/kf\/S590bfb8f7b0e4b7db23482b7cbc443feC.jpg\" width=\"944\" height=\"1180\" \/><\/p>\n<p class=\"MsoNormal\" style=\"text-align: left;\" align=\"left\"><span style=\"font-size: 16px; font-family: arial, helvetica, sans-serif;\">Travel Make-up bag professional: reasonable partition, lightweight and portable, practical categorization. Built-in mask storage area and makeup brush storage area.<\/span><\/p>\n<p class=\"MsoNormal\" style=\"text-align: left;\" align=\"left\"><img decoding=\"async\" src=\"https:\/\/ae01.alicdn.com\/kf\/Sae3837b261c4440d951e8dbc06d674b6o.jpg\" \/><\/p>\n<p class=\"MsoNormal\" style=\"text-align: left;\" align=\"left\"><span style=\"font-size: 16px; font-family: arial, helvetica, sans-serif;\">Multiple scenarios available: The Makeup bag organizer is not limited to home storage, you can also take it with you on trips and use it for commercial purposes.<\/span><\/p>\n<p class=\"MsoNormal\" style=\"text-align: left;\" align=\"left\"><img decoding=\"async\" src=\"https:\/\/ae01.alicdn.com\/kf\/Sb508562efaf94da1b37619cd7384b83eX.jpg\" \/><\/p>\n<p class=\"MsoNormal\" style=\"text-align: left;\" align=\"left\"><span style=\"font-size: 16px; font-family: arial, helvetica, sans-serif;\">The Makeup organizer bag is equipped with a makeup brush layer that can hold more than 20 brushes of different sizes.<\/span><\/p>\n<p>&nbsp;<\/p>\n<p class=\"MsoNormal\" style=\"text-align: left;\" align=\"left\"><span style=\"font-size: 16px; font-family: arial, helvetica, sans-serif;\">The makeup organizer travel is also equipped with a mask and eyes shadow palette layer for neat storage.<\/span><\/p>\n<p>&nbsp;<\/p>\n<p class=\"MsoNormal\" style=\"text-align: left;\" align=\"left\"><span style=\"font-size: 16px; font-family: arial, helvetica, sans-serif;\">Soft carry handle: Equipped with a cotton carry handle, it allows you to lift the cosmetic travel bag with less effort.<\/span><\/p>\n<p>&nbsp;<\/p>\n<p class=\"MsoNormal\" style=\"text-align: left;\" align=\"left\"><span style=\"font-size: 16px; font-family: arial, helvetica, sans-serif;\">Adjustable removable sponge piece: free to remove and install the dividers according to your needs for free makeup storage.<\/span><\/p>\n<p>&nbsp;<\/p>\n<p class=\"MsoNormal\" style=\"text-align: left;\" align=\"left\"><img decoding=\"async\" src=\"https:\/\/ae01.alicdn.com\/kf\/Sf678049803a8449f9e948e7ed4cad377v.jpg\" \/><\/p>\n<p>&nbsp;<\/p>\n<p class=\"MsoNormal\" style=\"text-align: left;\" align=\"left\"><span style=\"font-size: 16px; font-family: arial, helvetica, sans-serif;\"><strong>Our goods are measured by hand there will be 1-2 cm error, the actual size to receive the physical prevail. Please be careful to buy if you mind!<\/strong><\/span><\/p>\n<p>&nbsp;<\/p>\n<p>&nbsp;<\/p>\n<p class=\"MsoNormal\" style=\"text-align: center;\" align=\"center\"><span style=\"font-size: 28px; font-family: arial, helvetica, sans-serif;\">Kind tips<\/span><\/p>\n<p><span style=\"font-size: 20px; font-family: arial, helvetica, sans-serif;\">1. The items in the box are for reference only, not for sale.<\/span><\/p>\n<p>&nbsp;<\/p>\n<p><span style=\"font-size: 20px; font-family: arial, helvetica, sans-serif;\">2. The box parts including box handles, keys, trolleys, etc. are all customized and not sold separately.<\/span><\/p>\n<p>&nbsp;<\/p>\n<p><span style=\"font-size: 20px; font-family: arial, helvetica, sans-serif;\">3. After receiving the goods, if you have any questions, please contact customer service; the profit is weak, please don&#8217;t give me a bad review.<\/span><\/p>\n<p>&nbsp;<\/p>\n<p><span style=\"font-size: 20px; font-family: arial, helvetica, sans-serif;\">4. Immediate refund is not accepted after auction, responsible for blacklisting and never trading.<\/span><\/p>\n<p>&nbsp;<\/p>\n<p><span style=\"font-size: 20px; font-family: arial, helvetica, sans-serif;\">5. If you don&#8217;t know how to check the logistics status of the product, please consult customer service. If the product has been signed for but still has not been received, please consult the local post office, this excuse is not used as a reason for refund.<\/span><\/p>\n","protected":false},"excerpt":{"rendered":"<p>Diese professionelle Make-up-Tasche von Maxulene ist die perfekte L\u00f6sung f\u00fcr alle, die ihre Kosmetik ordentlich und stilvoll aufbewahren m\u00f6chten \u2013 ob zu Hause oder unterwegs.Hergestellt aus hochwertigem, wasserdichtem Nylon, sch\u00fctzt sie Ihre Beauty-Produkte zuverl\u00e4ssig vor Feuchtigkeit und Schmutz. Mit mehreren F\u00e4chern und Pinseltaschen bietet sie gen\u00fcgend Platz f\u00fcr Make-up, Pflegeprodukte, Nagelutensilien oder Reisezubeh\u00f6r.Dank des robusten [&hellip;]<\/p>\n","protected":false},"featured_media":12048,"comment_status":"open","ping_status":"closed","template":"","meta":{"_seopress_robots_primary_cat":"none","_seopress_titles_title":"Professionelle wasserdichte Make-up-Tasche | Maxulene","_seopress_titles_desc":"Elegante, wasserdichte Kosmetiktasche mit F\u00e4chern f\u00fcr Pinsel & Manik\u00fcre. Perfekt f\u00fcr Reisen und Alltag. Jetzt entdecken \u2013 Maxulene!","_seopress_robots_index":"","googlesitekit_rrm_CAowz76iDA:productID":""},"product_brand":[],"product_cat":[2359],"product_tag":[2760,2753,2755,2754,2752,2756,2759,2757,2761,2758],"class_list":{"0":"post-12072","1":"product","2":"type-product","3":"status-publish","4":"has-post-thumbnail","6":"product_cat-kosmetiktaschen","7":"product_tag-beauty-organizer","8":"product_tag-kosmetiktasche-damen","9":"product_tag-make-up-brush-case","10":"product_tag-make-up-organizer","11":"product_tag-make-up-tasche","12":"product_tag-manikuere-tasche","13":"product_tag-maxulene-kosmetiktasche","14":"product_tag-reisetasche-kosmetik","15":"product_tag-schminktasche","16":"product_tag-wasserdichte-make-up-tasche","18":"first","19":"instock","20":"sale","21":"taxable","22":"shipping-taxable","23":"purchasable","24":"product-type-variable"},"_links":{"self":[{"href":"https:\/\/linkmarkt.eu\/en\/wp-json\/wp\/v2\/product\/12072","targetHints":{"allow":["GET"]}}],"collection":[{"href":"https:\/\/linkmarkt.eu\/en\/wp-json\/wp\/v2\/product"}],"about":[{"href":"https:\/\/linkmarkt.eu\/en\/wp-json\/wp\/v2\/types\/product"}],"replies":[{"embeddable":true,"href":"https:\/\/linkmarkt.eu\/en\/wp-json\/wp\/v2\/comments?post=12072"}],"version-history":[{"count":2,"href":"https:\/\/linkmarkt.eu\/en\/wp-json\/wp\/v2\/product\/12072\/revisions"}],"predecessor-version":[{"id":15966,"href":"https:\/\/linkmarkt.eu\/en\/wp-json\/wp\/v2\/product\/12072\/revisions\/15966"}],"wp:featuredmedia":[{"embeddable":true,"href":"https:\/\/linkmarkt.eu\/en\/wp-json\/wp\/v2\/media\/12048"}],"wp:attachment":[{"href":"https:\/\/linkmarkt.eu\/en\/wp-json\/wp\/v2\/media?parent=12072"}],"wp:term":[{"taxonomy":"product_brand","embeddable":true,"href":"https:\/\/linkmarkt.eu\/en\/wp-json\/wp\/v2\/product_brand?post=12072"},{"taxonomy":"product_cat","embeddable":true,"href":"https:\/\/linkmarkt.eu\/en\/wp-json\/wp\/v2\/product_cat?post=12072"},{"taxonomy":"product_tag","embeddable":true,"href":"https:\/\/linkmarkt.eu\/en\/wp-json\/wp\/v2\/product_tag?post=12072"}],"curies":[{"name":"wp","href":"https:\/\/api.w.org\/{rel}","templated":true}]}}