{"id":12107,"date":"2025-05-25T08:40:44","date_gmt":"2025-05-25T06:40:44","guid":{"rendered":"https:\/\/linkmarkt.eu\/?post_type=product&#038;p=12107"},"modified":"2025-12-24T22:40:52","modified_gmt":"2025-12-24T21:40:52","slug":"kinder-schminkset-prinzessin-waschbar-ungiftig-make-up-box","status":"publish","type":"product","link":"https:\/\/linkmarkt.eu\/en\/product\/kinder-schminkset-prinzessin-waschbar-ungiftig-make-up-box\/","title":{"rendered":"Kinder Schminkset Prinzessin \u2013 Waschbar &#038; Ungiftig Make-up Box."},"content":{"rendered":"<p data-start=\"587\" data-end=\"898\">Dieses <strong data-start=\"594\" data-end=\"627\">Kinder Schminkset f\u00fcr M\u00e4dchen<\/strong> ist das perfekte Geschenk f\u00fcr kleine Prinzessinnen, die Spa\u00df am Schminken und Verkleiden haben! Das Set enth\u00e4lt <strong data-start=\"740\" data-end=\"822\">Lidschatten, Lippenstift, Lipgloss, Rouge, Puder, Nagellack, Augenbrauenpinsel<\/strong> sowie eine <strong data-start=\"834\" data-end=\"861\">tragbare Kosmetiktasche<\/strong>, um alles ordentlich zu verstauen.<\/p>\n<p data-start=\"900\" data-end=\"1090\">Das Make-up ist <strong data-start=\"916\" data-end=\"958\">waschbar, ungiftig und CE-zertifiziert<\/strong> \u2013 hergestellt aus hochwertigen, hautfreundlichen Materialien ohne Blei, Cadmium oder Phthalate. Ideal f\u00fcr Kinder ab <strong data-start=\"1075\" data-end=\"1087\">3 Jahren<\/strong>.<\/p>\n<p data-start=\"1092\" data-end=\"1393\">\ud83d\udc84 <strong data-start=\"1095\" data-end=\"1110\">Highlights:<\/strong><br data-start=\"1110\" data-end=\"1113\" \/>\u2705 Waschbar &amp; hautfreundlich \u2013 leicht zu entfernen<br data-start=\"1162\" data-end=\"1165\" \/>\u2705 Ungiftig &amp; sicher \u2013 CE-zertifiziert<br data-start=\"1202\" data-end=\"1205\" \/>\u2705 Komplettes Schminkset mit vielen Accessoires<br data-start=\"1251\" data-end=\"1254\" \/>\u2705 F\u00f6rdert Kreativit\u00e4t &amp; Fantasie<br data-start=\"1286\" data-end=\"1289\" \/>\u2705 Perfektes Geschenk f\u00fcr Geburtstag, Weihnachten oder Ostern<br data-start=\"1349\" data-end=\"1352\" \/>\u2705 Tragbare Tasche \u2013 \u00fcberall spielbereit<\/p>\n<p data-start=\"1395\" data-end=\"1487\">\ud83d\udccf <strong data-start=\"1398\" data-end=\"1407\">Ma\u00dfe:<\/strong> 18 \u00d7 6,5 \u00d7 14,5 cm<br data-start=\"1426\" data-end=\"1429\" \/>\ud83d\udce6 <strong data-start=\"1432\" data-end=\"1449\">Lieferumfang:<\/strong> 1 \u00d7 Kinder Schminkset im Farbkarton<\/p>\n<p data-start=\"1489\" data-end=\"1633\">Mit diesem <strong data-start=\"1500\" data-end=\"1526\">Prinzessin-Make-up-Set<\/strong> k\u00f6nnen Kinder spielerisch in die Welt der Sch\u00f6nheit eintauchen \u2013 sicher, kreativ und mit ganz viel Spa\u00df!<\/p>\n<h1><img decoding=\"async\" style=\"font-size: 16px; color: #707070;\" src=\"https:\/\/ae01.alicdn.com\/kf\/S8cb480fd49134711a0d0ebec8f8b0c99e.jpg\" \/><img decoding=\"async\" style=\"font-size: 16px; color: #707070;\" src=\"https:\/\/ae01.alicdn.com\/kf\/Sba5a229efe4940e597c3ce8b355017b28.jpg\" \/><\/h1>\n<div>\n<p><img fetchpriority=\"high\" decoding=\"async\" src=\"https:\/\/ae01.alicdn.com\/kf\/S440aa5a71b41447a9c5b1272f35a9af3b.jpg\" width=\"944\" height=\"2008\" \/><img decoding=\"async\" src=\"https:\/\/ae01.alicdn.com\/kf\/Sb40537237db0448fa6a56a2560c93b58Q.jpg\" width=\"944\" height=\"1517\" \/><img decoding=\"async\" src=\"https:\/\/ae01.alicdn.com\/kf\/S4d400c21044944c38964da4b2808a33bU.jpg\" \/><img decoding=\"async\" src=\"https:\/\/ae01.alicdn.com\/kf\/S3ec7f630302f4c69b7b522f80c9fee67m.jpg\" \/><img decoding=\"async\" src=\"https:\/\/ae01.alicdn.com\/kf\/S6332197296a043a1b654d43580e05a4db.jpg\" width=\"944\" height=\"944\" \/><img loading=\"lazy\" decoding=\"async\" src=\"https:\/\/ae01.alicdn.com\/kf\/Sedab1dc964e84e1d8cfe35525c539f98H.jpg\" width=\"944\" height=\"858\" \/><\/p>\n<\/div>\n<p>&nbsp;<\/p>\n<p>&nbsp;<\/p>\n<p>&nbsp;<\/p>\n<p>&nbsp;<\/p>\n<p>&nbsp;<\/p>\n<p>&nbsp;<\/p>\n<p>&nbsp;<\/p>\n<p>&nbsp;<\/p>\n<p>&nbsp;<\/p>\n<p>&nbsp;<\/p>\n<p>&nbsp;<\/p>\n<p>&nbsp;<\/p>\n","protected":false},"excerpt":{"rendered":"<p>Dieses Kinder Schminkset f\u00fcr M\u00e4dchen ist das perfekte Geschenk f\u00fcr kleine Prinzessinnen, die Spa\u00df am Schminken und Verkleiden haben! Das Set enth\u00e4lt Lidschatten, Lippenstift, Lipgloss, Rouge, Puder, Nagellack, Augenbrauenpinsel sowie eine tragbare Kosmetiktasche, um alles ordentlich zu verstauen. Das Make-up ist waschbar, ungiftig und CE-zertifiziert \u2013 hergestellt aus hochwertigen, hautfreundlichen Materialien ohne Blei, Cadmium oder [&hellip;]<\/p>\n","protected":false},"featured_media":12089,"comment_status":"open","ping_status":"closed","template":"","meta":{"_seopress_robots_primary_cat":"none","_seopress_titles_title":"Sicheres, fantastisches Schminkset f\u00fcr M\u00e4dchen","_seopress_titles_desc":"Waschbares Kinder Schminkset f\u00fcr kleine Prinzessinnen! Mit Lippenstift, Lidschatten & Tasche. Sicher, ungiftig & CE-zertifiziert.","_seopress_robots_index":"","googlesitekit_rrm_CAowz76iDA:productID":""},"product_brand":[],"product_cat":[2659,2649],"product_tag":[2650,2657,2658,2652,2655,2651,2653,2656,2654],"class_list":{"0":"post-12107","1":"product","2":"type-product","3":"status-publish","4":"has-post-thumbnail","6":"product_cat-schmink-kosmetik-spielsets","7":"product_cat-spielzeug","8":"product_tag-kinder-schminkset","9":"product_tag-kosmetik-spielzeug","10":"product_tag-maedchen-geschenk-schminke","11":"product_tag-prinzessin-make-up-set","12":"product_tag-schminke-set-maedchen","13":"product_tag-schminkkoffer-maedchen","14":"product_tag-schminkspielzeug-kinder","15":"product_tag-ungiftiges-make-up-kinder","16":"product_tag-waschbare-schminke","18":"first","19":"instock","20":"sale","21":"taxable","22":"shipping-taxable","23":"purchasable","24":"product-type-variable"},"_links":{"self":[{"href":"https:\/\/linkmarkt.eu\/en\/wp-json\/wp\/v2\/product\/12107","targetHints":{"allow":["GET"]}}],"collection":[{"href":"https:\/\/linkmarkt.eu\/en\/wp-json\/wp\/v2\/product"}],"about":[{"href":"https:\/\/linkmarkt.eu\/en\/wp-json\/wp\/v2\/types\/product"}],"replies":[{"embeddable":true,"href":"https:\/\/linkmarkt.eu\/en\/wp-json\/wp\/v2\/comments?post=12107"}],"version-history":[{"count":2,"href":"https:\/\/linkmarkt.eu\/en\/wp-json\/wp\/v2\/product\/12107\/revisions"}],"predecessor-version":[{"id":15805,"href":"https:\/\/linkmarkt.eu\/en\/wp-json\/wp\/v2\/product\/12107\/revisions\/15805"}],"wp:featuredmedia":[{"embeddable":true,"href":"https:\/\/linkmarkt.eu\/en\/wp-json\/wp\/v2\/media\/12089"}],"wp:attachment":[{"href":"https:\/\/linkmarkt.eu\/en\/wp-json\/wp\/v2\/media?parent=12107"}],"wp:term":[{"taxonomy":"product_brand","embeddable":true,"href":"https:\/\/linkmarkt.eu\/en\/wp-json\/wp\/v2\/product_brand?post=12107"},{"taxonomy":"product_cat","embeddable":true,"href":"https:\/\/linkmarkt.eu\/en\/wp-json\/wp\/v2\/product_cat?post=12107"},{"taxonomy":"product_tag","embeddable":true,"href":"https:\/\/linkmarkt.eu\/en\/wp-json\/wp\/v2\/product_tag?post=12107"}],"curies":[{"name":"wp","href":"https:\/\/api.w.org\/{rel}","templated":true}]}}