{"id":13504,"date":"2025-06-30T15:53:27","date_gmt":"2025-06-30T13:53:27","guid":{"rendered":"https:\/\/linkmarkt.eu\/?post_type=product&#038;p=13504"},"modified":"2025-12-24T22:40:52","modified_gmt":"2025-12-24T21:40:52","slug":"schwarze-sportliche-brexclusive-cap","status":"publish","type":"product","link":"https:\/\/linkmarkt.eu\/en\/product\/schwarze-sportliche-brexclusive-cap\/","title":{"rendered":"Schwarze Sportliche Brexclusive Cap"},"content":{"rendered":"<p>Wir pr\u00e4sentieren die Schwarze Sportliche Brexclusive Cap, das ultimative Accessoire f\u00fcr alle, die ihren sportlichen Stil aufwerten m\u00f6chten. Diese aus hochwertigen Materialien gefertigte Kappe bietet eine bequeme Passform und ein schlankes, modernes Design, mit dem Sie sich von der Masse abheben. Die schwarze Farbe und der sportliche Look machen sie vielseitig genug, um sie zu einer Vielzahl von Outfits zu tragen, egal ob Sie ins Fitnessstudio gehen oder Besorgungen in der Stadt machen. Mit dem kultigen Brexclusive-Logo, das auf der Vorderseite aufgestickt ist, ist diese Kappe ein Muss f\u00fcr jeden Fan der Marke. Verpassen Sie nicht die Gelegenheit, diese Schwarze Sportliche Brexclusive Cap zu Ihrer Sammlung hinzuzuf\u00fcgen und Ihren sportlichen Stil auf die n\u00e4chste Stufe zu heben.<\/p>\n","protected":false},"excerpt":{"rendered":"<p>Wir pr\u00e4sentieren die Schwarze Sportliche Brexclusive Cap, das ultimative Accessoire f\u00fcr alle, die ihren sportlichen Stil aufwerten m\u00f6chten. Diese aus hochwertigen Materialien gefertigte Kappe bietet eine bequeme Passform und ein schlankes, modernes Design, mit dem Sie sich von der Masse abheben. Die schwarze Farbe und der sportliche Look machen sie vielseitig genug, um sie zu einer Vielzahl von Outfits zu tragen, egal ob Sie ins Fitnessstudio gehen oder Besorgungen in der Stadt machen. Mit dem kultigen Brexclusive-Logo, das auf der Vorderseite aufgestickt ist, ist diese Kappe ein Muss f\u00fcr jeden Fan der Marke. Verpassen Sie nicht die Gelegenheit, diese Schwarze Sportliche Brexclusive Cap zu Ihrer Sammlung hinzuzuf\u00fcgen und Ihren sportlichen Stil auf die n\u00e4chste Stufe zu heben.<\/p>\n","protected":false},"featured_media":13501,"comment_status":"open","ping_status":"closed","template":"","meta":{"_seopress_robots_primary_cat":"none","_seopress_titles_title":"","_seopress_titles_desc":"","_seopress_robots_index":"","googlesitekit_rrm_CAowz76iDA:productID":""},"product_brand":[],"product_cat":[292],"product_tag":[],"class_list":{"0":"post-13504","1":"product","2":"type-product","3":"status-publish","4":"has-post-thumbnail","6":"product_cat-store-packages","8":"first","9":"instock","10":"taxable","11":"shipping-taxable","12":"purchasable","13":"product-type-simple"},"_links":{"self":[{"href":"https:\/\/linkmarkt.eu\/en\/wp-json\/wp\/v2\/product\/13504","targetHints":{"allow":["GET"]}}],"collection":[{"href":"https:\/\/linkmarkt.eu\/en\/wp-json\/wp\/v2\/product"}],"about":[{"href":"https:\/\/linkmarkt.eu\/en\/wp-json\/wp\/v2\/types\/product"}],"replies":[{"embeddable":true,"href":"https:\/\/linkmarkt.eu\/en\/wp-json\/wp\/v2\/comments?post=13504"}],"version-history":[{"count":1,"href":"https:\/\/linkmarkt.eu\/en\/wp-json\/wp\/v2\/product\/13504\/revisions"}],"predecessor-version":[{"id":13505,"href":"https:\/\/linkmarkt.eu\/en\/wp-json\/wp\/v2\/product\/13504\/revisions\/13505"}],"wp:featuredmedia":[{"embeddable":true,"href":"https:\/\/linkmarkt.eu\/en\/wp-json\/wp\/v2\/media\/13501"}],"wp:attachment":[{"href":"https:\/\/linkmarkt.eu\/en\/wp-json\/wp\/v2\/media?parent=13504"}],"wp:term":[{"taxonomy":"product_brand","embeddable":true,"href":"https:\/\/linkmarkt.eu\/en\/wp-json\/wp\/v2\/product_brand?post=13504"},{"taxonomy":"product_cat","embeddable":true,"href":"https:\/\/linkmarkt.eu\/en\/wp-json\/wp\/v2\/product_cat?post=13504"},{"taxonomy":"product_tag","embeddable":true,"href":"https:\/\/linkmarkt.eu\/en\/wp-json\/wp\/v2\/product_tag?post=13504"}],"curies":[{"name":"wp","href":"https:\/\/api.w.org\/{rel}","templated":true}]}}