{"id":13512,"date":"2025-06-30T16:00:51","date_gmt":"2025-06-30T14:00:51","guid":{"rendered":"https:\/\/linkmarkt.eu\/?post_type=product&#038;p=13512"},"modified":"2025-12-24T22:40:52","modified_gmt":"2025-12-24T21:40:52","slug":"schwarze-mini-militaer-taschenlampe","status":"publish","type":"product","link":"https:\/\/linkmarkt.eu\/en\/product\/schwarze-mini-militaer-taschenlampe\/","title":{"rendered":"Schwarze Mini Milit\u00e4r Taschenlampe"},"content":{"rendered":"<p style=\"background: transparent; border: 0px; margin: 0px; padding: 0px; vertical-align: baseline; font: inherit;\">Mit dieser starken Taschenlampe, die Wasserfest und einstellbar ist, k\u00f6nnen sie Probleme im Handumdrehen l\u00f6sen, und sind auch optimal f\u00fcr spannende Campingausfl\u00fcge oder Outdooraktivit\u00e4ten gewappnet.\u00a0\ud83c\udf33\ud83d\udd26<\/p>\n<p style=\"background: transparent; border: 0px; margin: 0px; padding: 0px; vertical-align: baseline; font: inherit;\">F\u00fcr den gebrauch bei regnerischen Tagen, jedoch nicht f\u00fcr die Nutzung unter Wasser geeignet.<\/p>\n<p style=\"background: transparent; border: 0px; margin: 0px; padding: 0px; vertical-align: baseline; font: inherit;\">Zoom vorhanden.<\/p>\n<p style=\"background: transparent; border: 0px; margin: 0px; padding: 0px; vertical-align: baseline; font: inherit;\">Vorteile dieser LED Taschenlampe:<\/p>\n<p style=\"background: transparent; border: 0px; margin: 0px; padding: 0px; vertical-align: baseline; font: inherit;\">Mini LED Taschenlampen bieten eine Vielzahl von Vorteilen gegen\u00fcber herk\u00f6mmlichen Taschenlampen. Hier sind einige der wichtigsten Vorteile:<br style=\"font: inherit;\" \/><br style=\"font: inherit;\" \/>1.Die Helligkeit: LED-Lichter sind bekannt f\u00fcr ihre Helligkeit. Mini LED Taschenlampen k\u00f6nnen eine hohe Lichtleistung erzeugen, die es Ihnen erm\u00f6glicht, auch in dunklen Umgebungen gut zu sehen.<br style=\"font: inherit;\" \/><br style=\"font: inherit;\" \/>2. Energieeffizienz: LEDs verbrauchen weniger Energie als herk\u00f6mmliche Gl\u00fchbirnen, was bedeutet, dass Mini LED Taschenlampen l\u00e4nger halten und weniger Batterien ben\u00f6tigen.<br style=\"font: inherit;\" \/><br style=\"font: inherit;\" \/>3. Langlebigkeit: LEDs haben eine lange Lebensdauer im Vergleich zu herk\u00f6mmlichen Gl\u00fchbirnen. Eine Mini LED Taschenlampe kann Ihnen daher \u00fcber einen l\u00e4ngeren Zeitraum treue Dienste leisten.<br style=\"font: inherit;\" \/><br style=\"font: inherit;\" \/>4. Kompaktes Design: Mini LED Taschenlampen sind klein und leicht, was sie ideal f\u00fcr unterwegs macht. Sie passen problemlos in Ihre Tasche, Ihren Rucksack oder Ihre Handschuhfach.<\/p>\n<p style=\"background: transparent; border: 0px; margin: 0px; padding: 0px; vertical-align: baseline; font: inherit;\">Versand innerhalb der n\u00e4chsten 5\u00a0Werktagen.<\/p>\n<p style=\"background: transparent; border: 0px; margin: 0px; padding: 0px; vertical-align: baseline; font: inherit;\">R\u00fcckgabe ausgeschlossen.<\/p>\n","protected":false},"excerpt":{"rendered":"<p>Mit dieser starken Taschenlampe, die Wasserfest und einstellbar ist, k\u00f6nnen sie Probleme im Handumdrehen l\u00f6sen, und sind auch optimal f\u00fcr spannende Campingausfl\u00fcge oder Outdooraktivit\u00e4ten gewappnet. \ud83c\udf33\ud83d\udd26<\/p>\n<p>F\u00fcr den gebrauch bei regnerischen Tagen, jedoch nicht f\u00fcr die Nutzung unter Wasser geeignet.<\/p>\n<p>Zoom vorhanden.<\/p>\n<p>Vorteile dieser LED Taschenlampe:<\/p>\n<p>Mini LED Taschenlampen bieten eine Vielzahl von Vorteilen gegen\u00fcber herk\u00f6mmlichen Taschenlampen. Hier sind einige der wichtigsten Vorteile:<\/p>\n<p>1.Die Helligkeit: LED-Lichter sind bekannt f\u00fcr ihre Helligkeit. Mini LED Taschenlampen k\u00f6nnen eine hohe Lichtleistung erzeugen, die es Ihnen erm\u00f6glicht, auch in dunklen Umgebungen gut zu sehen.<\/p>\n<p>2. Energieeffizienz: LEDs verbrauchen weniger Energie als herk\u00f6mmliche Gl\u00fchbirnen, was bedeutet, dass Mini LED Taschenlampen l\u00e4nger halten und weniger Batterien ben\u00f6tigen.<\/p>\n<p>3. Langlebigkeit: LEDs haben eine lange Lebensdauer im Vergleich zu herk\u00f6mmlichen Gl\u00fchbirnen. Eine Mini LED Taschenlampe kann Ihnen daher \u00fcber einen l\u00e4ngeren Zeitraum treue Dienste leisten.<\/p>\n<p>4. Kompaktes Design: Mini LED Taschenlampen sind klein und leicht, was sie ideal f\u00fcr unterwegs macht. Sie passen problemlos in Ihre Tasche, Ihren Rucksack oder Ihre Handschuhfach.<\/p>\n<p>Versand innerhalb der n\u00e4chsten 5 Werktagen.<\/p>\n<p>R\u00fcckgabe ausgeschlossen.<\/p>\n","protected":false},"featured_media":13509,"comment_status":"open","ping_status":"closed","template":"","meta":{"_seopress_robots_primary_cat":"none","_seopress_titles_title":"","_seopress_titles_desc":"","_seopress_robots_index":"","googlesitekit_rrm_CAowz76iDA:productID":""},"product_brand":[],"product_cat":[53],"product_tag":[],"class_list":{"0":"post-13512","1":"product","2":"type-product","3":"status-publish","4":"has-post-thumbnail","6":"product_cat-lighting","8":"first","9":"instock","10":"taxable","11":"shipping-taxable","12":"purchasable","13":"product-type-simple"},"_links":{"self":[{"href":"https:\/\/linkmarkt.eu\/en\/wp-json\/wp\/v2\/product\/13512","targetHints":{"allow":["GET"]}}],"collection":[{"href":"https:\/\/linkmarkt.eu\/en\/wp-json\/wp\/v2\/product"}],"about":[{"href":"https:\/\/linkmarkt.eu\/en\/wp-json\/wp\/v2\/types\/product"}],"replies":[{"embeddable":true,"href":"https:\/\/linkmarkt.eu\/en\/wp-json\/wp\/v2\/comments?post=13512"}],"version-history":[{"count":3,"href":"https:\/\/linkmarkt.eu\/en\/wp-json\/wp\/v2\/product\/13512\/revisions"}],"predecessor-version":[{"id":13557,"href":"https:\/\/linkmarkt.eu\/en\/wp-json\/wp\/v2\/product\/13512\/revisions\/13557"}],"wp:featuredmedia":[{"embeddable":true,"href":"https:\/\/linkmarkt.eu\/en\/wp-json\/wp\/v2\/media\/13509"}],"wp:attachment":[{"href":"https:\/\/linkmarkt.eu\/en\/wp-json\/wp\/v2\/media?parent=13512"}],"wp:term":[{"taxonomy":"product_brand","embeddable":true,"href":"https:\/\/linkmarkt.eu\/en\/wp-json\/wp\/v2\/product_brand?post=13512"},{"taxonomy":"product_cat","embeddable":true,"href":"https:\/\/linkmarkt.eu\/en\/wp-json\/wp\/v2\/product_cat?post=13512"},{"taxonomy":"product_tag","embeddable":true,"href":"https:\/\/linkmarkt.eu\/en\/wp-json\/wp\/v2\/product_tag?post=13512"}],"curies":[{"name":"wp","href":"https:\/\/api.w.org\/{rel}","templated":true}]}}