{"id":13532,"date":"2025-06-30T16:10:02","date_gmt":"2025-06-30T14:10:02","guid":{"rendered":"https:\/\/linkmarkt.eu\/?post_type=product&#038;p=13532"},"modified":"2025-12-24T22:40:52","modified_gmt":"2025-12-24T21:40:52","slug":"sportliche-digitaluhr-von-smael-in-schwarz-blau","status":"publish","type":"product","link":"https:\/\/linkmarkt.eu\/en\/product\/sportliche-digitaluhr-von-smael-in-schwarz-blau\/","title":{"rendered":"Sportliche Digitaluhr von SMAEL in Schwarz Blau"},"content":{"rendered":"<p><strong style=\"background: transparent; border: 0px; margin: 0px; padding: 0px; vertical-align: baseline; color: #000000; font-family: poppins-extralight, poppins, sans-serif; font-size: 15px;\">Entdecken Sie die Sportliche Digitaluhr von SMAEL in Schwarz\/Blau \u2013 Ihr idealer Begleiter f\u00fcr alle In oder Outdoor-Abenteuer. Diese sch\u00f6ne, sportliche, bunte Uhr bietet nicht nur ein stilvolles Design, sondern auch robuste Funktionen f\u00fcr jeden Outdoor-Enthusiasten. Mit ihrem wasserdichten, sto\u00dffesten Geh\u00e4use ist sie bereit f\u00fcr extreme Bedingungen, w\u00e4hrend die vielseitigen digitalen Funktionen stets f\u00fcr pr\u00e4zise Zeitmessung sorgen.<\/strong><\/p>\n","protected":false},"excerpt":{"rendered":"<p>Entdecken Sie die Sportliche Digitaluhr von SMAEL in Schwarz\/Blau \u2013 Ihr idealer Begleiter f\u00fcr alle In oder Outdoor-Abenteuer. Diese sch\u00f6ne, sportliche, bunte Uhr bietet nicht nur ein stilvolles Design, sondern auch robuste Funktionen f\u00fcr jeden Outdoor-Enthusiasten. Mit ihrem wasserdichten, sto\u00dffesten Geh\u00e4use ist sie bereit f\u00fcr extreme Bedingungen, w\u00e4hrend die vielseitigen digitalen Funktionen stets f\u00fcr pr\u00e4zise Zeitmessung sorgen.<\/p>\n","protected":false},"featured_media":13529,"comment_status":"open","ping_status":"closed","template":"","meta":{"_seopress_robots_primary_cat":"none","_seopress_titles_title":"","_seopress_titles_desc":"","_seopress_robots_index":"","googlesitekit_rrm_CAowz76iDA:productID":""},"product_brand":[],"product_cat":[292],"product_tag":[],"class_list":{"0":"post-13532","1":"product","2":"type-product","3":"status-publish","4":"has-post-thumbnail","6":"product_cat-store-packages","8":"first","9":"instock","10":"taxable","11":"shipping-taxable","12":"purchasable","13":"product-type-simple"},"_links":{"self":[{"href":"https:\/\/linkmarkt.eu\/en\/wp-json\/wp\/v2\/product\/13532","targetHints":{"allow":["GET"]}}],"collection":[{"href":"https:\/\/linkmarkt.eu\/en\/wp-json\/wp\/v2\/product"}],"about":[{"href":"https:\/\/linkmarkt.eu\/en\/wp-json\/wp\/v2\/types\/product"}],"replies":[{"embeddable":true,"href":"https:\/\/linkmarkt.eu\/en\/wp-json\/wp\/v2\/comments?post=13532"}],"version-history":[{"count":2,"href":"https:\/\/linkmarkt.eu\/en\/wp-json\/wp\/v2\/product\/13532\/revisions"}],"predecessor-version":[{"id":13553,"href":"https:\/\/linkmarkt.eu\/en\/wp-json\/wp\/v2\/product\/13532\/revisions\/13553"}],"wp:featuredmedia":[{"embeddable":true,"href":"https:\/\/linkmarkt.eu\/en\/wp-json\/wp\/v2\/media\/13529"}],"wp:attachment":[{"href":"https:\/\/linkmarkt.eu\/en\/wp-json\/wp\/v2\/media?parent=13532"}],"wp:term":[{"taxonomy":"product_brand","embeddable":true,"href":"https:\/\/linkmarkt.eu\/en\/wp-json\/wp\/v2\/product_brand?post=13532"},{"taxonomy":"product_cat","embeddable":true,"href":"https:\/\/linkmarkt.eu\/en\/wp-json\/wp\/v2\/product_cat?post=13532"},{"taxonomy":"product_tag","embeddable":true,"href":"https:\/\/linkmarkt.eu\/en\/wp-json\/wp\/v2\/product_tag?post=13532"}],"curies":[{"name":"wp","href":"https:\/\/api.w.org\/{rel}","templated":true}]}}