{"id":13546,"date":"2025-06-30T16:16:42","date_gmt":"2025-06-30T14:16:42","guid":{"rendered":"https:\/\/linkmarkt.eu\/?post_type=product&#038;p=13546"},"modified":"2025-12-24T22:40:52","modified_gmt":"2025-12-24T21:40:52","slug":"powerbank-weiss","status":"publish","type":"product","link":"https:\/\/linkmarkt.eu\/en\/product\/powerbank-weiss\/","title":{"rendered":"Powerbank Wei\u00df"},"content":{"rendered":"<p><span style=\"color: #000000; font-family: poppins-extralight, poppins, sans-serif; font-size: 15px;\">Unsere Powerbank Wei\u00df vereint Stil und Leistung in einem schlanken und eleganten Design. Mit einer Akku Kapazit\u00e4t von 10000mAh steht sie bereit, um Ihre Ger\u00e4te unterwegs mit Energie zu versorgen &#8211; von Smartphones \u00fcber Tablets bis hin zu tragbaren Lautsprechern. Die wei\u00dfe Farbe verleiht der Powerbank einen zeitlosen Look, der zu jedem Outfit und Anlass passt. Mit dem mitgelieferten Kabel k\u00f6nnen Sie die Powerbank bequem aufladen, bevor Sie zu Ihrem n\u00e4chsten Abenteuer aufbrechen. Machen Sie sich keine Sorgen mehr \u00fcber leere Batterien &#8211; mit unserer Powerbank Wei\u00df sind Sie immer bereit, ausger\u00fcstet zu sein.<\/span><\/p>\n","protected":false},"excerpt":{"rendered":"<p>Unsere Powerbank Wei\u00df vereint Stil und Leistung in einem schlanken und eleganten Design. Mit einer Akku Kapazit\u00e4t von 10000mAh steht sie bereit, um Ihre Ger\u00e4te unterwegs mit Energie zu versorgen &#8211; von Smartphones \u00fcber Tablets bis hin zu tragbaren Lautsprechern. Die wei\u00dfe Farbe verleiht der Powerbank einen zeitlosen Look, der zu jedem Outfit und Anlass passt. Mit dem mitgelieferten Kabel k\u00f6nnen Sie die Powerbank bequem aufladen, bevor Sie zu Ihrem n\u00e4chsten Abenteuer aufbrechen. Machen Sie sich keine Sorgen mehr \u00fcber leere Batterien &#8211; mit unserer Powerbank Wei\u00df sind Sie immer bereit, ausger\u00fcstet zu sein.<\/p>\n","protected":false},"featured_media":13543,"comment_status":"open","ping_status":"closed","template":"","meta":{"_seopress_robots_primary_cat":"none","_seopress_titles_title":"","_seopress_titles_desc":"","_seopress_robots_index":"","googlesitekit_rrm_CAowz76iDA:productID":""},"product_brand":[],"product_cat":[292],"product_tag":[],"class_list":{"0":"post-13546","1":"product","2":"type-product","3":"status-publish","4":"has-post-thumbnail","6":"product_cat-store-packages","8":"first","9":"instock","10":"taxable","11":"shipping-taxable","12":"purchasable","13":"product-type-simple"},"_links":{"self":[{"href":"https:\/\/linkmarkt.eu\/en\/wp-json\/wp\/v2\/product\/13546","targetHints":{"allow":["GET"]}}],"collection":[{"href":"https:\/\/linkmarkt.eu\/en\/wp-json\/wp\/v2\/product"}],"about":[{"href":"https:\/\/linkmarkt.eu\/en\/wp-json\/wp\/v2\/types\/product"}],"replies":[{"embeddable":true,"href":"https:\/\/linkmarkt.eu\/en\/wp-json\/wp\/v2\/comments?post=13546"}],"version-history":[{"count":2,"href":"https:\/\/linkmarkt.eu\/en\/wp-json\/wp\/v2\/product\/13546\/revisions"}],"predecessor-version":[{"id":13551,"href":"https:\/\/linkmarkt.eu\/en\/wp-json\/wp\/v2\/product\/13546\/revisions\/13551"}],"wp:featuredmedia":[{"embeddable":true,"href":"https:\/\/linkmarkt.eu\/en\/wp-json\/wp\/v2\/media\/13543"}],"wp:attachment":[{"href":"https:\/\/linkmarkt.eu\/en\/wp-json\/wp\/v2\/media?parent=13546"}],"wp:term":[{"taxonomy":"product_brand","embeddable":true,"href":"https:\/\/linkmarkt.eu\/en\/wp-json\/wp\/v2\/product_brand?post=13546"},{"taxonomy":"product_cat","embeddable":true,"href":"https:\/\/linkmarkt.eu\/en\/wp-json\/wp\/v2\/product_cat?post=13546"},{"taxonomy":"product_tag","embeddable":true,"href":"https:\/\/linkmarkt.eu\/en\/wp-json\/wp\/v2\/product_tag?post=13546"}],"curies":[{"name":"wp","href":"https:\/\/api.w.org\/{rel}","templated":true}]}}