{"id":14044,"date":"2025-10-03T11:40:12","date_gmt":"2025-10-03T09:40:12","guid":{"rendered":"https:\/\/linkmarkt.eu\/product\/endunad-energia-koncentracja-i-zdrowie-komorkowe-dzieki-nad\/"},"modified":"2025-10-03T15:34:46","modified_gmt":"2025-10-03T13:34:46","slug":"endunad-energia-koncentracja-i-zdrowie-komorkowe-dzieki-nad","status":"publish","type":"product","link":"https:\/\/linkmarkt.eu\/en\/product\/endunad-energia-koncentracja-i-zdrowie-komorkowe-dzieki-nad\/","title":{"rendered":"Energia, koncentracja i zdrowie kom\u00f3rek dzi\u0119ki EnduNAD over+"},"content":{"rendered":"<p>Endunad to nowoczesny suplement diety, kt\u00f3ry wspiera naturalny poziom \u00fcber+, kluczowego zwi\u0105zku odpowiedzialnego za procesy energetyczne organizmu.<br \/>\nWspomaga regeneracj\u0119 i zdrowie kom\u00f3rek<br \/>\nZwi\u0119ksza energi\u0119 i koncentracj\u0119<br \/>\nPomaga zwalcza\u0107 zm\u0119czenie i stres<br \/>\nIdealny dla os\u00f3b aktywnych fizycznie i zawodowo<\/p>\n<p>Dobry wyb\u00f3r dla os\u00f3b poszukuj\u0105cych wi\u0119kszej wydajno\u015bci, witalno\u015bci i r\u00f3wnowagi ka\u017cdego dnia.<\/p>\n<p>Kontakt: support@linkmarkt.eu<br \/>\nZobacz szczeg\u00f3\u0142y: LinkMarkt.eu<\/p>\n","protected":false},"excerpt":{"rendered":"<p>Endunad to nowoczesny suplement diety, kt\u00f3ry wspiera naturalny poziom \u00fcber+, kluczowego zwi\u0105zku odpowiedzialnego za procesy energetyczne organizmu. Wspomaga regeneracj\u0119 i zdrowie kom\u00f3rek Zwi\u0119ksza energi\u0119 i koncentracj\u0119 Pomaga zwalcza\u0107 zm\u0119czenie i stres Idealny dla os\u00f3b aktywnych fizycznie i zawodowo Dobry wyb\u00f3r dla os\u00f3b poszukuj\u0105cych wi\u0119kszej wydajno\u015bci, witalno\u015bci i r\u00f3wnowagi ka\u017cdego dnia. Kontakt: support@linkmarkt.eu Zobacz szczeg\u00f3\u0142y: LinkMarkt.eu<\/p>\n","protected":false},"featured_media":0,"comment_status":"open","ping_status":"closed","template":"","meta":{"_seopress_robots_primary_cat":"none","_seopress_titles_title":"EnduNAD: Wi\u0119cej energii i koncentracji ka\u017cdego dnia","_seopress_titles_desc":"Zwi\u0119ksz sw\u00f3j poziom energii dzi\u0119ki EnduNAD! Wspomaga zdrowie kom\u00f3rek, poprawia koncentracj\u0119 i zwalcza stres. Idealny dla produktywnego \u017cycia.  ","_seopress_robots_index":"","googlesitekit_rrm_CAowz76iDA:productID":""},"product_brand":[],"product_cat":[1076],"product_tag":[],"class_list":{"0":"post-14044","1":"product","2":"type-product","3":"status-publish","5":"product_cat-listeo-booking-pl","7":"first","8":"instock","9":"virtual","10":"sold-individually","11":"taxable","12":"purchasable","13":"product-type-listing_booking"},"_links":{"self":[{"href":"https:\/\/linkmarkt.eu\/en\/wp-json\/wp\/v2\/product\/14044","targetHints":{"allow":["GET"]}}],"collection":[{"href":"https:\/\/linkmarkt.eu\/en\/wp-json\/wp\/v2\/product"}],"about":[{"href":"https:\/\/linkmarkt.eu\/en\/wp-json\/wp\/v2\/types\/product"}],"replies":[{"embeddable":true,"href":"https:\/\/linkmarkt.eu\/en\/wp-json\/wp\/v2\/comments?post=14044"}],"version-history":[{"count":1,"href":"https:\/\/linkmarkt.eu\/en\/wp-json\/wp\/v2\/product\/14044\/revisions"}],"predecessor-version":[{"id":14052,"href":"https:\/\/linkmarkt.eu\/en\/wp-json\/wp\/v2\/product\/14044\/revisions\/14052"}],"wp:attachment":[{"href":"https:\/\/linkmarkt.eu\/en\/wp-json\/wp\/v2\/media?parent=14044"}],"wp:term":[{"taxonomy":"product_brand","embeddable":true,"href":"https:\/\/linkmarkt.eu\/en\/wp-json\/wp\/v2\/product_brand?post=14044"},{"taxonomy":"product_cat","embeddable":true,"href":"https:\/\/linkmarkt.eu\/en\/wp-json\/wp\/v2\/product_cat?post=14044"},{"taxonomy":"product_tag","embeddable":true,"href":"https:\/\/linkmarkt.eu\/en\/wp-json\/wp\/v2\/product_tag?post=14044"}],"curies":[{"name":"wp","href":"https:\/\/api.w.org\/{rel}","templated":true}]}}