{"id":14071,"date":"2025-10-02T10:17:54","date_gmt":"2025-10-02T08:17:54","guid":{"rendered":"https:\/\/linkmarkt.eu\/product\/pozycjonowanie-stron-internetowych-to-tylko-50-euro-miesiecznie\/"},"modified":"2025-10-02T10:17:54","modified_gmt":"2025-10-02T08:17:54","slug":"pozycjonowanie-stron-internetowych-to-tylko-50-euro-miesiecznie","status":"publish","type":"product","link":"https:\/\/linkmarkt.eu\/en\/product\/pozycjonowanie-stron-internetowych-to-tylko-50-euro-miesiecznie\/","title":{"rendered":"Pozycjonowanie stron internetowych to tylko 50 euro miesi\u0119cznie"},"content":{"rendered":"<p>Chcesz, aby Twoja strona by\u0142a wy\u017cej w Google?<br \/>\nOferuje profesjonalne pozycjonowanie firm i sklep\u00f3w internetowych:<\/p>\n<p>Analiza SEO Twojej strony<br \/>\n4 miesi\u0119czne tre\u015bci (artyku\u0142y, blog, prezentacja produktu)<br \/>\nCel: Wi\u0119kszy ruch, lepsza widoczno\u015b\u0107, wi\u0119cej klient\u00f3w<br \/>\nSta\u0142a cena: 50 \u20ac miesi\u0119cznie<\/p>\n<p>Zapytaj bez rozwi\u0105zania: support@linkmarkt.eu whatsaap + 4915218208611<\/p>\n","protected":false},"excerpt":{"rendered":"<p>Chcesz, aby Twoja strona by\u0142a wy\u017cej w Google? Oferuje profesjonalne pozycjonowanie firm i sklep\u00f3w internetowych: Analiza SEO Twojej strony 4 miesi\u0119czne tre\u015bci (artyku\u0142y, blog, prezentacja produktu) Cel: Wi\u0119kszy ruch, lepsza widoczno\u015b\u0107, wi\u0119cej klient\u00f3w Sta\u0142a cena: 50 \u20ac miesi\u0119cznie Zapytaj bez rozwi\u0105zania: support@linkmarkt.eu whatsaap + 4915218208611<\/p>\n","protected":false},"featured_media":0,"comment_status":"open","ping_status":"closed","template":"","meta":{"_seopress_robots_primary_cat":"none","_seopress_titles_title":"Zwi\u0119ksz sw\u00f3j ranking Google dzi\u0119ki optymalizacji SEO!","_seopress_titles_desc":"Analiza SEO i 4 tre\u015bci\/miesi\u0105c za jedyne 50 \u20ac\/miesi\u0105c. Zwi\u0119ksz ruch w sieci i liczb\u0119 klient\u00f3w. Skontaktuj si\u0119 z nami: support@linkmarkt.eu  ","_seopress_robots_index":"","googlesitekit_rrm_CAowz76iDA:productID":""},"product_brand":[],"product_cat":[292],"product_tag":[],"class_list":{"0":"post-14071","1":"product","2":"type-product","3":"status-publish","5":"product_cat-store-packages","7":"first","8":"instock","9":"virtual","10":"sold-individually","11":"taxable","12":"purchasable","13":"product-type-listing_booking"},"_links":{"self":[{"href":"https:\/\/linkmarkt.eu\/en\/wp-json\/wp\/v2\/product\/14071","targetHints":{"allow":["GET"]}}],"collection":[{"href":"https:\/\/linkmarkt.eu\/en\/wp-json\/wp\/v2\/product"}],"about":[{"href":"https:\/\/linkmarkt.eu\/en\/wp-json\/wp\/v2\/types\/product"}],"replies":[{"embeddable":true,"href":"https:\/\/linkmarkt.eu\/en\/wp-json\/wp\/v2\/comments?post=14071"}],"version-history":[{"count":0,"href":"https:\/\/linkmarkt.eu\/en\/wp-json\/wp\/v2\/product\/14071\/revisions"}],"wp:attachment":[{"href":"https:\/\/linkmarkt.eu\/en\/wp-json\/wp\/v2\/media?parent=14071"}],"wp:term":[{"taxonomy":"product_brand","embeddable":true,"href":"https:\/\/linkmarkt.eu\/en\/wp-json\/wp\/v2\/product_brand?post=14071"},{"taxonomy":"product_cat","embeddable":true,"href":"https:\/\/linkmarkt.eu\/en\/wp-json\/wp\/v2\/product_cat?post=14071"},{"taxonomy":"product_tag","embeddable":true,"href":"https:\/\/linkmarkt.eu\/en\/wp-json\/wp\/v2\/product_tag?post=14071"}],"curies":[{"name":"wp","href":"https:\/\/api.w.org\/{rel}","templated":true}]}}