{"id":14151,"date":"2025-10-05T23:04:21","date_gmt":"2025-10-05T21:04:21","guid":{"rendered":"https:\/\/linkmarkt.eu\/product\/%f0%9f%8c%bf-neu-matcha-extreme-geniesse-deinen-gesunden-lifestyle\/"},"modified":"2025-12-24T22:40:52","modified_gmt":"2025-12-24T21:40:52","slug":"%f0%9f%8c%bf-neu-matcha-extreme-geniesse-deinen-gesunden-lifestyle","status":"publish","type":"product","link":"https:\/\/linkmarkt.eu\/en\/product\/%f0%9f%8c%bf-neu-matcha-extreme-geniesse-deinen-gesunden-lifestyle\/","title":{"rendered":"\ud83c\udf3f Neu: Matcha Extreme \u2013 Genie\u00dfe deinen gesunden Lifestyle!"},"content":{"rendered":"<p>Bist du auf der Suche nach einem nat\u00fcrlichen Weg, um deine Figur zu unterst\u00fctzen und gleichzeitig Energie zu erleben?<br \/>\nLerne Matcha Extreme kennen \u2013 eine kraftvolle Mischung aus biologischen Zutaten mit zahlreichen Vorteilen:<\/p>\n<p>\u2705 Unterst\u00fctzung beim Gewichtsmanagement<br \/>\n\u2705 F\u00f6rdert Stoffwechsel &amp; Verdauung<br \/>\n\u2705 Energieboost ohne M\u00fcdigkeit<br \/>\n\u2705 Entgiftungs- und Entw\u00e4sserungseffekte<br \/>\n\u2705 100 % nat\u00fcrliche Inhaltsstoffe<\/p>\n<p>\ud83d\udccc Interessiert? Schreib mir direkt eine Nachricht oder kommentiere unten \u2013 ich schicke dir alle<a href=\"https:\/\/nplink.net\/3s3yinus\"> Infos und Details zum Bestellen!<\/a><\/p>\n<p>#MatchaExtreme #Gesundheit #Abnehmen #Natur #Wellness #Energie #Superfood #Neuheiten<\/p>\n<p>&nbsp;<\/p>\n","protected":false},"excerpt":{"rendered":"<p>Bist du auf der Suche nach einem nat\u00fcrlichen Weg, um deine Figur zu unterst\u00fctzen und gleichzeitig Energie zu erleben? Lerne Matcha Extreme kennen \u2013 eine kraftvolle Mischung aus biologischen Zutaten mit zahlreichen Vorteilen: \u2705 Unterst\u00fctzung beim Gewichtsmanagement \u2705 F\u00f6rdert Stoffwechsel &amp; Verdauung \u2705 Energieboost ohne M\u00fcdigkeit \u2705 Entgiftungs- und Entw\u00e4sserungseffekte \u2705 100 % nat\u00fcrliche Inhaltsstoffe [&hellip;]<\/p>\n","protected":false},"featured_media":0,"comment_status":"open","ping_status":"closed","template":"","meta":{"_seopress_robots_primary_cat":"","_seopress_titles_title":"","_seopress_titles_desc":"","_seopress_robots_index":"","googlesitekit_rrm_CAowz76iDA:productID":""},"product_brand":[],"product_cat":[21],"product_tag":[],"class_list":{"0":"post-14151","1":"product","2":"type-product","3":"status-publish","5":"product_cat-listeo-booking","7":"first","8":"instock","9":"virtual","10":"sold-individually","11":"taxable","12":"purchasable","13":"product-type-listing_booking"},"_links":{"self":[{"href":"https:\/\/linkmarkt.eu\/en\/wp-json\/wp\/v2\/product\/14151","targetHints":{"allow":["GET"]}}],"collection":[{"href":"https:\/\/linkmarkt.eu\/en\/wp-json\/wp\/v2\/product"}],"about":[{"href":"https:\/\/linkmarkt.eu\/en\/wp-json\/wp\/v2\/types\/product"}],"replies":[{"embeddable":true,"href":"https:\/\/linkmarkt.eu\/en\/wp-json\/wp\/v2\/comments?post=14151"}],"version-history":[{"count":1,"href":"https:\/\/linkmarkt.eu\/en\/wp-json\/wp\/v2\/product\/14151\/revisions"}],"predecessor-version":[{"id":14178,"href":"https:\/\/linkmarkt.eu\/en\/wp-json\/wp\/v2\/product\/14151\/revisions\/14178"}],"wp:attachment":[{"href":"https:\/\/linkmarkt.eu\/en\/wp-json\/wp\/v2\/media?parent=14151"}],"wp:term":[{"taxonomy":"product_brand","embeddable":true,"href":"https:\/\/linkmarkt.eu\/en\/wp-json\/wp\/v2\/product_brand?post=14151"},{"taxonomy":"product_cat","embeddable":true,"href":"https:\/\/linkmarkt.eu\/en\/wp-json\/wp\/v2\/product_cat?post=14151"},{"taxonomy":"product_tag","embeddable":true,"href":"https:\/\/linkmarkt.eu\/en\/wp-json\/wp\/v2\/product_tag?post=14151"}],"curies":[{"name":"wp","href":"https:\/\/api.w.org\/{rel}","templated":true}]}}