{"id":14157,"date":"2025-10-05T23:13:02","date_gmt":"2025-10-05T21:13:02","guid":{"rendered":"https:\/\/linkmarkt.eu\/product\/%f0%9f%92%9a-matcha-power-detox-natuerlich-energie-balance-im-alltag\/"},"modified":"2025-12-24T22:40:53","modified_gmt":"2025-12-24T21:40:53","slug":"%f0%9f%92%9a-matcha-power-detox-natuerlich-energie-balance-im-alltag","status":"publish","type":"product","link":"https:\/\/linkmarkt.eu\/en\/product\/%f0%9f%92%9a-matcha-power-detox-natuerlich-energie-balance-im-alltag\/","title":{"rendered":"\ud83d\udc9a Matcha Power Detox \u2013 Nat\u00fcrlich Energie &#038; Balance im Alltag!"},"content":{"rendered":"<p>Erlebe die Kraft des gr\u00fcnen Tees in seiner reinsten Form!<br \/>\nMatcha Power Detox kombiniert hochwertigen Matcha mit wertvollen Pflanzenextrakten, um deinen K\u00f6rper auf nat\u00fcrliche Weise zu unterst\u00fctzen:<\/p>\n<p>\ud83c\udf3f Aktiviert den Stoffwechsel &amp; f\u00f6rdert die Fettverbrennung<br \/>\n\u26a1 Gibt dir Energie &amp; Konzentration f\u00fcr den ganzen Tag<br \/>\n\ud83d\udca7 Unterst\u00fctzt die nat\u00fcrliche Entgiftung<br \/>\n\ud83c\udf75 100 % nat\u00fcrlich \u2013 ohne Zucker &amp; k\u00fcnstliche Zus\u00e4tze<\/p>\n<p>Perfekt f\u00fcr alle, die sich fit, leicht und ausgeglichen f\u00fchlen m\u00f6chten!<\/p>\n<p>\ud83d\udcac Schreib mir bei Interesse direkt oder kommentiere unten \u2013<a href=\"https:\/\/nplink.net\/3s3yinus\"> ich sende dir alle Infos zur Bestellung.<\/a><\/p>\n<p>#MatchaExtreme #MatchaPower #Detox #Abnehmen #Gesundheit #Wellness #Energie #Superfood #Naturprodukte #FitBleiben #Deutschland #LinkMarkt<\/p>\n","protected":false},"excerpt":{"rendered":"<p>Erlebe die Kraft des gr\u00fcnen Tees in seiner reinsten Form! Matcha Power Detox kombiniert hochwertigen Matcha mit wertvollen Pflanzenextrakten, um deinen K\u00f6rper auf nat\u00fcrliche Weise zu unterst\u00fctzen: \ud83c\udf3f Aktiviert den Stoffwechsel &amp; f\u00f6rdert die Fettverbrennung \u26a1 Gibt dir Energie &amp; Konzentration f\u00fcr den ganzen Tag \ud83d\udca7 Unterst\u00fctzt die nat\u00fcrliche Entgiftung \ud83c\udf75 100 % nat\u00fcrlich \u2013 [&hellip;]<\/p>\n","protected":false},"featured_media":0,"comment_status":"open","ping_status":"closed","template":"","meta":{"_seopress_robots_primary_cat":"","_seopress_titles_title":"","_seopress_titles_desc":"","_seopress_robots_index":"","googlesitekit_rrm_CAowz76iDA:productID":""},"product_brand":[],"product_cat":[21],"product_tag":[],"class_list":{"0":"post-14157","1":"product","2":"type-product","3":"status-publish","5":"product_cat-listeo-booking","7":"first","8":"instock","9":"virtual","10":"sold-individually","11":"taxable","12":"purchasable","13":"product-type-listing_booking"},"_links":{"self":[{"href":"https:\/\/linkmarkt.eu\/en\/wp-json\/wp\/v2\/product\/14157","targetHints":{"allow":["GET"]}}],"collection":[{"href":"https:\/\/linkmarkt.eu\/en\/wp-json\/wp\/v2\/product"}],"about":[{"href":"https:\/\/linkmarkt.eu\/en\/wp-json\/wp\/v2\/types\/product"}],"replies":[{"embeddable":true,"href":"https:\/\/linkmarkt.eu\/en\/wp-json\/wp\/v2\/comments?post=14157"}],"version-history":[{"count":1,"href":"https:\/\/linkmarkt.eu\/en\/wp-json\/wp\/v2\/product\/14157\/revisions"}],"predecessor-version":[{"id":14177,"href":"https:\/\/linkmarkt.eu\/en\/wp-json\/wp\/v2\/product\/14157\/revisions\/14177"}],"wp:attachment":[{"href":"https:\/\/linkmarkt.eu\/en\/wp-json\/wp\/v2\/media?parent=14157"}],"wp:term":[{"taxonomy":"product_brand","embeddable":true,"href":"https:\/\/linkmarkt.eu\/en\/wp-json\/wp\/v2\/product_brand?post=14157"},{"taxonomy":"product_cat","embeddable":true,"href":"https:\/\/linkmarkt.eu\/en\/wp-json\/wp\/v2\/product_cat?post=14157"},{"taxonomy":"product_tag","embeddable":true,"href":"https:\/\/linkmarkt.eu\/en\/wp-json\/wp\/v2\/product_tag?post=14157"}],"curies":[{"name":"wp","href":"https:\/\/api.w.org\/{rel}","templated":true}]}}