{"id":14207,"date":"2025-10-06T09:55:55","date_gmt":"2025-10-06T07:55:55","guid":{"rendered":"https:\/\/linkmarkt.eu\/product\/%f0%9f%9a%80-qx7-smartwatch-sport-gesundheit-mit-stil-und-praezision\/"},"modified":"2025-12-24T22:40:53","modified_gmt":"2025-12-24T21:40:53","slug":"%f0%9f%9a%80-qx7-smartwatch-sport-gesundheit-mit-stil-und-praezision","status":"publish","type":"product","link":"https:\/\/linkmarkt.eu\/en\/product\/%f0%9f%9a%80-qx7-smartwatch-sport-gesundheit-mit-stil-und-praezision\/","title":{"rendered":"\ud83d\ude80 Inteligentny zegarek QX7-Sport i zdrowie ze stylem i precyzj\u0105!"},"content":{"rendered":"<p>Zawsze monitoruj swoj\u0105 kondycj\u0119 i zdrowie dzi\u0119ki smartwatchowi QX7.<br \/>\nNowoczesny design \u0142\u0105czy si\u0119 z zaawansowan\u0105 technologi\u0105.<\/p>\n<p>\ud83c\udfc3 GPS i sztuczna inteligencja-monitorowanie kondycji<br \/>\n\ud83d\udcac Zadzwo\u0144 bezpo\u015brednio z zegarka<br \/>\n\ud83d\udca7 Wodoodporny do ka\u017cdej aktywno\u015bci<br \/>\n\ud83c\udf19 Analiza stanu zdrowia i \u015bledzenie snu<\/p>\n<p>\ud83d\udccd Lokalizacja: Brema<\/p>\n","protected":false},"excerpt":{"rendered":"<p>Zawsze monitoruj swoj\u0105 kondycj\u0119 i zdrowie dzi\u0119ki smartwatchowi QX7. Nowoczesny design \u0142\u0105czy si\u0119 z zaawansowan\u0105 technologi\u0105. \ud83c\udfc3 GPS i sztuczna inteligencja-monitorowanie kondycji \ud83d\udcac Zadzwo\u0144 bezpo\u015brednio z zegarka \ud83d\udca7 Wodoodporny do ka\u017cdej aktywno\u015bci \ud83c\udf19 Analiza stanu zdrowia i \u015bledzenie snu \ud83d\udccd Lokalizacja: Brema<\/p>\n","protected":false},"featured_media":0,"comment_status":"open","ping_status":"closed","template":"","meta":{"_seopress_robots_primary_cat":"","_seopress_titles_title":"","_seopress_titles_desc":"","_seopress_robots_index":"","googlesitekit_rrm_CAowz76iDA:productID":""},"product_brand":[],"product_cat":[21],"product_tag":[],"class_list":{"0":"post-14207","1":"product","2":"type-product","3":"status-publish","5":"product_cat-listeo-booking","7":"first","8":"instock","9":"virtual","10":"sold-individually","11":"taxable","12":"purchasable","13":"product-type-listing_booking"},"_links":{"self":[{"href":"https:\/\/linkmarkt.eu\/en\/wp-json\/wp\/v2\/product\/14207","targetHints":{"allow":["GET"]}}],"collection":[{"href":"https:\/\/linkmarkt.eu\/en\/wp-json\/wp\/v2\/product"}],"about":[{"href":"https:\/\/linkmarkt.eu\/en\/wp-json\/wp\/v2\/types\/product"}],"replies":[{"embeddable":true,"href":"https:\/\/linkmarkt.eu\/en\/wp-json\/wp\/v2\/comments?post=14207"}],"version-history":[{"count":3,"href":"https:\/\/linkmarkt.eu\/en\/wp-json\/wp\/v2\/product\/14207\/revisions"}],"predecessor-version":[{"id":14295,"href":"https:\/\/linkmarkt.eu\/en\/wp-json\/wp\/v2\/product\/14207\/revisions\/14295"}],"wp:attachment":[{"href":"https:\/\/linkmarkt.eu\/en\/wp-json\/wp\/v2\/media?parent=14207"}],"wp:term":[{"taxonomy":"product_brand","embeddable":true,"href":"https:\/\/linkmarkt.eu\/en\/wp-json\/wp\/v2\/product_brand?post=14207"},{"taxonomy":"product_cat","embeddable":true,"href":"https:\/\/linkmarkt.eu\/en\/wp-json\/wp\/v2\/product_cat?post=14207"},{"taxonomy":"product_tag","embeddable":true,"href":"https:\/\/linkmarkt.eu\/en\/wp-json\/wp\/v2\/product_tag?post=14207"}],"curies":[{"name":"wp","href":"https:\/\/api.w.org\/{rel}","templated":true}]}}