{"id":14244,"date":"2025-10-07T09:59:24","date_gmt":"2025-10-07T07:59:24","guid":{"rendered":"https:\/\/linkmarkt.eu\/product\/360-full-service-werbekampagne-wir-uebernehmen-alles-fuer-sie-in-dortmund\/"},"modified":"2025-12-24T22:40:53","modified_gmt":"2025-12-24T21:40:53","slug":"360-full-service-werbekampagne-wir-uebernehmen-alles-fuer-sie-in-dortmund","status":"publish","type":"product","link":"https:\/\/linkmarkt.eu\/en\/product\/360-full-service-werbekampagne-wir-uebernehmen-alles-fuer-sie-in-dortmund\/","title":{"rendered":"Kampania reklamowa 360\u00b0 z pe\u0142nym zakresem us\u0142ug-zrobimy wszystko dla Ciebie w Dortmundzie"},"content":{"rendered":"<p>Nie masz czasu na reklam\u0119? nie ma problemu!<br \/>\nPrzygotujemy dla ciebie pe\u0142n\u0105 kampani\u0119 online 360 \u00b0 -od strategii po raportowanie.<\/p>\n<p>\u2714\ufe0f Ruch stacjonarny i mobilny dla maksymalnej widoczno\u015bci<br \/>\n\u2714\ufe0f Retargeting i \u015bledzenie pikseli s\u0105 w\u0142\u0105czone<br \/>\n\u2714\ufe0f Profesjonalne narz\u0119dzia reklamowe (obraz, tekst, wideo)<br \/>\n\u2714\ufe0f Indywidualne podej\u015bcie i raporty wydajno\u015bci<\/p>\n<p>\ud83d\udcbc Po prostu zarezerwuj, Zrelaksuj si\u0119 i ciesz si\u0119 wynikami \u2013<br \/>\n\ud83d\udc49 Zacznij ju\u017c teraz LinkMarkt.eu<\/p>\n","protected":false},"excerpt":{"rendered":"<p>Nie masz czasu na reklam\u0119? nie ma problemu! Przygotujemy dla ciebie pe\u0142n\u0105 kampani\u0119 online 360 \u00b0 -od strategii po raportowanie. \u2714\ufe0f Ruch stacjonarny i mobilny dla maksymalnej widoczno\u015bci \u2714\ufe0f Retargeting i \u015bledzenie pikseli s\u0105 w\u0142\u0105czone \u2714\ufe0f Profesjonalne narz\u0119dzia reklamowe (obraz, tekst, wideo) \u2714\ufe0f Indywidualne podej\u015bcie i raporty wydajno\u015bci \ud83d\udcbc Po prostu zarezerwuj, Zrelaksuj si\u0119 i [&hellip;]<\/p>\n","protected":false},"featured_media":0,"comment_status":"open","ping_status":"closed","template":"","meta":{"_seopress_robots_primary_cat":"","_seopress_titles_title":"","_seopress_titles_desc":"","_seopress_robots_index":"","googlesitekit_rrm_CAowz76iDA:productID":""},"product_brand":[],"product_cat":[21],"product_tag":[],"class_list":{"0":"post-14244","1":"product","2":"type-product","3":"status-publish","5":"product_cat-listeo-booking","7":"first","8":"instock","9":"virtual","10":"sold-individually","11":"taxable","12":"purchasable","13":"product-type-listing_booking"},"_links":{"self":[{"href":"https:\/\/linkmarkt.eu\/en\/wp-json\/wp\/v2\/product\/14244","targetHints":{"allow":["GET"]}}],"collection":[{"href":"https:\/\/linkmarkt.eu\/en\/wp-json\/wp\/v2\/product"}],"about":[{"href":"https:\/\/linkmarkt.eu\/en\/wp-json\/wp\/v2\/types\/product"}],"replies":[{"embeddable":true,"href":"https:\/\/linkmarkt.eu\/en\/wp-json\/wp\/v2\/comments?post=14244"}],"version-history":[{"count":2,"href":"https:\/\/linkmarkt.eu\/en\/wp-json\/wp\/v2\/product\/14244\/revisions"}],"predecessor-version":[{"id":14279,"href":"https:\/\/linkmarkt.eu\/en\/wp-json\/wp\/v2\/product\/14244\/revisions\/14279"}],"wp:attachment":[{"href":"https:\/\/linkmarkt.eu\/en\/wp-json\/wp\/v2\/media?parent=14244"}],"wp:term":[{"taxonomy":"product_brand","embeddable":true,"href":"https:\/\/linkmarkt.eu\/en\/wp-json\/wp\/v2\/product_brand?post=14244"},{"taxonomy":"product_cat","embeddable":true,"href":"https:\/\/linkmarkt.eu\/en\/wp-json\/wp\/v2\/product_cat?post=14244"},{"taxonomy":"product_tag","embeddable":true,"href":"https:\/\/linkmarkt.eu\/en\/wp-json\/wp\/v2\/product_tag?post=14244"}],"curies":[{"name":"wp","href":"https:\/\/api.w.org\/{rel}","templated":true}]}}