{"id":14258,"date":"2025-10-07T10:19:03","date_gmt":"2025-10-07T08:19:03","guid":{"rendered":"https:\/\/linkmarkt.eu\/product\/werbekampagne-frankfurt-desktop-mobile-traffic-mit-360-retargeting\/"},"modified":"2025-12-24T22:40:53","modified_gmt":"2025-12-24T21:40:53","slug":"werbekampagne-frankfurt-desktop-mobile-traffic-mit-360-retargeting","status":"publish","type":"product","link":"https:\/\/linkmarkt.eu\/en\/product\/werbekampagne-frankfurt-desktop-mobile-traffic-mit-360-retargeting\/","title":{"rendered":"Kampania reklamowa Frankfurt &#8211; ruch stacjonarny i mobilny z retargetingiem 360 \u00b0"},"content":{"rendered":"<p>Kampania reklamowa Frankfurt &#8211; ruch stacjonarny i mobilny z retargetingiem 360 \u00b0<\/p>\n<p>Opis:<br \/>\nDla firm we Frankfurcie:<br \/>\nStworzymy Twoj\u0105 pe\u0142n\u0105 kampani\u0119 reklamow\u0105 360 \u00b0 z ruchem na komputery i urz\u0105dzenia mobilne, retargetingiem, integracj\u0105 z pikselami i profesjonaln\u0105 reklam\u0105.<\/p>\n<p>\ud83d\udcbc Idealny dla sklep\u00f3w, startup\u00f3w i us\u0142ugodawc\u00f3w<br \/>\n\ud83d\udcca Obejmuje 31-dniow\u0105 optymalizacj\u0119 i raportowanie<\/p>\n<p>\u27a1 Zacznij teraz na LinkMarkt.eu<\/p>\n","protected":false},"excerpt":{"rendered":"<p>Kampania reklamowa Frankfurt &#8211; ruch stacjonarny i mobilny z retargetingiem 360 \u00b0 Opis: Dla firm we Frankfurcie: Stworzymy Twoj\u0105 pe\u0142n\u0105 kampani\u0119 reklamow\u0105 360 \u00b0 z ruchem na komputery i urz\u0105dzenia mobilne, retargetingiem, integracj\u0105 z pikselami i profesjonaln\u0105 reklam\u0105. \ud83d\udcbc Idealny dla sklep\u00f3w, startup\u00f3w i us\u0142ugodawc\u00f3w \ud83d\udcca Obejmuje 31-dniow\u0105 optymalizacj\u0119 i raportowanie \u27a1 Zacznij teraz na [&hellip;]<\/p>\n","protected":false},"featured_media":0,"comment_status":"open","ping_status":"closed","template":"","meta":{"_seopress_robots_primary_cat":"","_seopress_titles_title":"","_seopress_titles_desc":"","_seopress_robots_index":"","googlesitekit_rrm_CAowz76iDA:productID":""},"product_brand":[],"product_cat":[21],"product_tag":[],"class_list":{"0":"post-14258","1":"product","2":"type-product","3":"status-publish","5":"product_cat-listeo-booking","7":"first","8":"instock","9":"virtual","10":"sold-individually","11":"taxable","12":"purchasable","13":"product-type-listing_booking"},"_links":{"self":[{"href":"https:\/\/linkmarkt.eu\/en\/wp-json\/wp\/v2\/product\/14258","targetHints":{"allow":["GET"]}}],"collection":[{"href":"https:\/\/linkmarkt.eu\/en\/wp-json\/wp\/v2\/product"}],"about":[{"href":"https:\/\/linkmarkt.eu\/en\/wp-json\/wp\/v2\/types\/product"}],"replies":[{"embeddable":true,"href":"https:\/\/linkmarkt.eu\/en\/wp-json\/wp\/v2\/comments?post=14258"}],"version-history":[{"count":2,"href":"https:\/\/linkmarkt.eu\/en\/wp-json\/wp\/v2\/product\/14258\/revisions"}],"predecessor-version":[{"id":14267,"href":"https:\/\/linkmarkt.eu\/en\/wp-json\/wp\/v2\/product\/14258\/revisions\/14267"}],"wp:attachment":[{"href":"https:\/\/linkmarkt.eu\/en\/wp-json\/wp\/v2\/media?parent=14258"}],"wp:term":[{"taxonomy":"product_brand","embeddable":true,"href":"https:\/\/linkmarkt.eu\/en\/wp-json\/wp\/v2\/product_brand?post=14258"},{"taxonomy":"product_cat","embeddable":true,"href":"https:\/\/linkmarkt.eu\/en\/wp-json\/wp\/v2\/product_cat?post=14258"},{"taxonomy":"product_tag","embeddable":true,"href":"https:\/\/linkmarkt.eu\/en\/wp-json\/wp\/v2\/product_tag?post=14258"}],"curies":[{"name":"wp","href":"https:\/\/api.w.org\/{rel}","templated":true}]}}