{"id":14274,"date":"2025-10-07T23:26:27","date_gmt":"2025-10-07T21:26:27","guid":{"rendered":"https:\/\/linkmarkt.eu\/product\/marketing-cyfrowy-hamburg-kampania-reklamowa-360-z-retargetingiem\/"},"modified":"2025-10-07T23:26:27","modified_gmt":"2025-10-07T21:26:27","slug":"marketing-cyfrowy-hamburg-kampania-reklamowa-360-z-retargetingiem","status":"publish","type":"product","link":"https:\/\/linkmarkt.eu\/en\/product\/marketing-cyfrowy-hamburg-kampania-reklamowa-360-z-retargetingiem\/","title":{"rendered":"Marketing cyfrowy Hamburg-kampania reklamowa 360 \u00b0 z retargetingiem"},"content":{"rendered":"<p>Przyci\u0105gnij klient\u00f3w w Hamburgu dzi\u0119ki profesjonalnej reklamie online.<br \/>\nNasz pakiet 360 \u00b0 zapewnia ukierunkowany ruch na komputery stacjonarne i urz\u0105dzenia mobilne, w tym retargeting i \u015bledzenie.<\/p>\n<p>\u2714\ufe0f Reklama natywna na portalach Premium<br \/>\n\u2714\ufe0f Ci\u0105g\u0142a optymalizacja kampanii<br \/>\n\u2714\ufe0f Dzienny bud\u017cet w wysoko\u015bci 50 euro-maksymalna wydajno\u015b\u0107<\/p>\n<p>\ud83d\uded2 Zarezerwuj swoj\u0105 kampani\u0119 na LinkMarkt.eu<\/p>\n","protected":false},"excerpt":{"rendered":"<p>Przyci\u0105gnij klient\u00f3w w Hamburgu dzi\u0119ki profesjonalnej reklamie online. Nasz pakiet 360 \u00b0 zapewnia ukierunkowany ruch na komputery stacjonarne i urz\u0105dzenia mobilne, w tym retargeting i \u015bledzenie. \u2714\ufe0f Reklama natywna na portalach Premium \u2714\ufe0f Ci\u0105g\u0142a optymalizacja kampanii \u2714\ufe0f Dzienny bud\u017cet w wysoko\u015bci 50 euro-maksymalna wydajno\u015b\u0107 \ud83d\uded2 Zarezerwuj swoj\u0105 kampani\u0119 na LinkMarkt.eu<\/p>\n","protected":false},"featured_media":0,"comment_status":"open","ping_status":"closed","template":"","meta":{"_seopress_robots_primary_cat":"","_seopress_titles_title":"","_seopress_titles_desc":"","_seopress_robots_index":"","googlesitekit_rrm_CAowz76iDA:productID":""},"product_brand":[],"product_cat":[1076],"product_tag":[],"class_list":{"0":"post-14274","1":"product","2":"type-product","3":"status-publish","5":"product_cat-listeo-booking-pl","7":"first","8":"instock","9":"downloadable","10":"virtual","11":"sold-individually","12":"taxable","13":"purchasable","14":"product-type-listing_booking"},"_links":{"self":[{"href":"https:\/\/linkmarkt.eu\/en\/wp-json\/wp\/v2\/product\/14274","targetHints":{"allow":["GET"]}}],"collection":[{"href":"https:\/\/linkmarkt.eu\/en\/wp-json\/wp\/v2\/product"}],"about":[{"href":"https:\/\/linkmarkt.eu\/en\/wp-json\/wp\/v2\/types\/product"}],"replies":[{"embeddable":true,"href":"https:\/\/linkmarkt.eu\/en\/wp-json\/wp\/v2\/comments?post=14274"}],"version-history":[{"count":0,"href":"https:\/\/linkmarkt.eu\/en\/wp-json\/wp\/v2\/product\/14274\/revisions"}],"wp:attachment":[{"href":"https:\/\/linkmarkt.eu\/en\/wp-json\/wp\/v2\/media?parent=14274"}],"wp:term":[{"taxonomy":"product_brand","embeddable":true,"href":"https:\/\/linkmarkt.eu\/en\/wp-json\/wp\/v2\/product_brand?post=14274"},{"taxonomy":"product_cat","embeddable":true,"href":"https:\/\/linkmarkt.eu\/en\/wp-json\/wp\/v2\/product_cat?post=14274"},{"taxonomy":"product_tag","embeddable":true,"href":"https:\/\/linkmarkt.eu\/en\/wp-json\/wp\/v2\/product_tag?post=14274"}],"curies":[{"name":"wp","href":"https:\/\/api.w.org\/{rel}","templated":true}]}}