{"id":14286,"date":"2025-10-07T23:37:21","date_gmt":"2025-10-07T21:37:21","guid":{"rendered":"https:\/\/linkmarkt.eu\/product\/popraw-widocznosc-w-wuppertalu-dzieki-naszej-kampanii-reklamowej-360-komputery-stacjonarne-i-urzadzenia-mobilne\/"},"modified":"2025-10-07T23:37:21","modified_gmt":"2025-10-07T21:37:21","slug":"popraw-widocznosc-w-wuppertalu-dzieki-naszej-kampanii-reklamowej-360-komputery-stacjonarne-i-urzadzenia-mobilne","status":"publish","type":"product","link":"https:\/\/linkmarkt.eu\/en\/product\/popraw-widocznosc-w-wuppertalu-dzieki-naszej-kampanii-reklamowej-360-komputery-stacjonarne-i-urzadzenia-mobilne\/","title":{"rendered":"Popraw widoczno\u015b\u0107 w Wuppertalu dzi\u0119ki naszej kampanii reklamowej 360 \u00b0 &#8211; komputery stacjonarne i urz\u0105dzenia mobilne"},"content":{"rendered":"<p>\ud83d\ude80 Zwi\u0119ksz \u015bwiadomo\u015b\u0107 swojej marki dzi\u0119ki ukierunkowanym reklamom na wiod\u0105cych portalach i mediach spo\u0142eczno\u015bciowych.<br \/>\nNasza kampania 360 \u00b0 \u0142\u0105czy zasi\u0119g i trafno\u015b\u0107-idealna do budowania marki i pozyskiwania klient\u00f3w.<\/p>\n<p>\u2714\ufe0f Po\u0142\u0105czenie ruchu Google, medi\u00f3w spo\u0142eczno\u015bciowych i tre\u015bci<br \/>\n\u2714\ufe0f Profesjonalne tworzenie baner\u00f3w, tekst\u00f3w i film\u00f3w<br \/>\n\u2714\ufe0f Retargeting jest w\u0142\u0105czony \u2013 b\u0105d\u017a na bie\u017c\u0105co z grup\u0105 docelow\u0105<\/p>\n<p>\ud83d\udcc8 Idealny dla firm, kt\u00f3re chc\u0105 pozosta\u0107 widoczne.<br \/>\n\ud83d\udc49 Zacznij teraz: LinkMarkt.eu<\/p>\n","protected":false},"excerpt":{"rendered":"<p>\ud83d\ude80 Zwi\u0119ksz \u015bwiadomo\u015b\u0107 swojej marki dzi\u0119ki ukierunkowanym reklamom na wiod\u0105cych portalach i mediach spo\u0142eczno\u015bciowych. Nasza kampania 360 \u00b0 \u0142\u0105czy zasi\u0119g i trafno\u015b\u0107-idealna do budowania marki i pozyskiwania klient\u00f3w. \u2714\ufe0f Po\u0142\u0105czenie ruchu Google, medi\u00f3w spo\u0142eczno\u015bciowych i tre\u015bci \u2714\ufe0f Profesjonalne tworzenie baner\u00f3w, tekst\u00f3w i film\u00f3w \u2714\ufe0f Retargeting jest w\u0142\u0105czony \u2013 b\u0105d\u017a na bie\u017c\u0105co z grup\u0105 docelow\u0105 \ud83d\udcc8 [&hellip;]<\/p>\n","protected":false},"featured_media":0,"comment_status":"open","ping_status":"closed","template":"","meta":{"_seopress_robots_primary_cat":"","_seopress_titles_title":"","_seopress_titles_desc":"","_seopress_robots_index":"","googlesitekit_rrm_CAowz76iDA:productID":""},"product_brand":[],"product_cat":[1076],"product_tag":[],"class_list":{"0":"post-14286","1":"product","2":"type-product","3":"status-publish","5":"product_cat-listeo-booking-pl","7":"first","8":"instock","9":"downloadable","10":"virtual","11":"sold-individually","12":"taxable","13":"purchasable","14":"product-type-listing_booking"},"_links":{"self":[{"href":"https:\/\/linkmarkt.eu\/en\/wp-json\/wp\/v2\/product\/14286","targetHints":{"allow":["GET"]}}],"collection":[{"href":"https:\/\/linkmarkt.eu\/en\/wp-json\/wp\/v2\/product"}],"about":[{"href":"https:\/\/linkmarkt.eu\/en\/wp-json\/wp\/v2\/types\/product"}],"replies":[{"embeddable":true,"href":"https:\/\/linkmarkt.eu\/en\/wp-json\/wp\/v2\/comments?post=14286"}],"version-history":[{"count":0,"href":"https:\/\/linkmarkt.eu\/en\/wp-json\/wp\/v2\/product\/14286\/revisions"}],"wp:attachment":[{"href":"https:\/\/linkmarkt.eu\/en\/wp-json\/wp\/v2\/media?parent=14286"}],"wp:term":[{"taxonomy":"product_brand","embeddable":true,"href":"https:\/\/linkmarkt.eu\/en\/wp-json\/wp\/v2\/product_brand?post=14286"},{"taxonomy":"product_cat","embeddable":true,"href":"https:\/\/linkmarkt.eu\/en\/wp-json\/wp\/v2\/product_cat?post=14286"},{"taxonomy":"product_tag","embeddable":true,"href":"https:\/\/linkmarkt.eu\/en\/wp-json\/wp\/v2\/product_tag?post=14286"}],"curies":[{"name":"wp","href":"https:\/\/api.w.org\/{rel}","templated":true}]}}