{"id":14298,"date":"2025-10-07T23:48:17","date_gmt":"2025-10-07T21:48:17","guid":{"rendered":"https:\/\/linkmarkt.eu\/product\/%f0%9f%92%9a-zielona-energia-matcha-to-twoj-naturalny-poczatek-dnia\/"},"modified":"2025-10-07T23:48:17","modified_gmt":"2025-10-07T21:48:17","slug":"%f0%9f%92%9a-zielona-energia-matcha-to-twoj-naturalny-poczatek-dnia","status":"publish","type":"product","link":"https:\/\/linkmarkt.eu\/en\/product\/%f0%9f%92%9a-zielona-energia-matcha-to-twoj-naturalny-poczatek-dnia\/","title":{"rendered":"\ud83d\udc9a Zielona energia matcha to tw\u00f3j naturalny pocz\u0105tek dnia!"},"content":{"rendered":"<p>Poczuj si\u0119 energiczny, lekki i pe\u0142en energii-naturalnie!<br \/>\nMatcha Green Energy \u0142\u0105czy wysokiej jako\u015bci japo\u0144sk\u0105 match\u0119 z aktywnymi ekstraktami ro\u015blinnymi, kt\u00f3re delikatnie wspieraj\u0105 twoje cia\u0142o:<\/p>\n<p>\ud83c\udf75 Wspomaga spalanie t\u0142uszczu i metabolizm<br \/>\n\ud83d\udca7 Wspiera naturaln\u0105 detoksykacj\u0119<br \/>\n\u26a1 Zwi\u0119ksza koncentracj\u0119 i energi\u0119<br \/>\n\ud83c\udf3f 100% naturalny-bez sztucznych dodatk\u00f3w<\/p>\n<p>Idealny dla tych, kt\u00f3rzy chc\u0105 \u017cy\u0107 zdrowiej i czu\u0107 si\u0119 lepiej ka\u017cdego dnia.<br \/>\nZacznij dzie\u0144 od naturalnej energii i wewn\u0119trznej r\u00f3wnowagi!<\/p>\n<p>\ud83d\udcac Je\u015bli jeste\u015b zainteresowany, napisz do mnie bezpo\u015brednio lub skomentuj poni\u017cej \u2013 prze\u015bl\u0119 Ci wszystkie informacje i wskaz\u00f3wki dotycz\u0105ce aplikacji.<\/p>\n<p>\ud83d\udccd Lokalizacja: Berlin \ud83c\udde9 \ud83c\uddea<\/p>\n<p># Matchagreenergy # MatchaExtreme # Detox # zdrowie # wellness #naturalne odchudzanie # po\u017cywienie #Energia # Berlin #Niemcy #LinkMarkt<\/p>\n","protected":false},"excerpt":{"rendered":"<p>Poczuj si\u0119 energiczny, lekki i pe\u0142en energii-naturalnie! Matcha Green Energy \u0142\u0105czy wysokiej jako\u015bci japo\u0144sk\u0105 match\u0119 z aktywnymi ekstraktami ro\u015blinnymi, kt\u00f3re delikatnie wspieraj\u0105 twoje cia\u0142o: \ud83c\udf75 Wspomaga spalanie t\u0142uszczu i metabolizm \ud83d\udca7 Wspiera naturaln\u0105 detoksykacj\u0119 \u26a1 Zwi\u0119ksza koncentracj\u0119 i energi\u0119 \ud83c\udf3f 100% naturalny-bez sztucznych dodatk\u00f3w Idealny dla tych, kt\u00f3rzy chc\u0105 \u017cy\u0107 zdrowiej i czu\u0107 si\u0119 lepiej [&hellip;]<\/p>\n","protected":false},"featured_media":0,"comment_status":"open","ping_status":"closed","template":"","meta":{"_seopress_robots_primary_cat":"","_seopress_titles_title":"","_seopress_titles_desc":"","_seopress_robots_index":"","googlesitekit_rrm_CAowz76iDA:productID":""},"product_brand":[],"product_cat":[1076],"product_tag":[],"class_list":{"0":"post-14298","1":"product","2":"type-product","3":"status-publish","5":"product_cat-listeo-booking-pl","7":"first","8":"instock","9":"downloadable","10":"virtual","11":"sold-individually","12":"taxable","13":"purchasable","14":"product-type-listing_booking"},"_links":{"self":[{"href":"https:\/\/linkmarkt.eu\/en\/wp-json\/wp\/v2\/product\/14298","targetHints":{"allow":["GET"]}}],"collection":[{"href":"https:\/\/linkmarkt.eu\/en\/wp-json\/wp\/v2\/product"}],"about":[{"href":"https:\/\/linkmarkt.eu\/en\/wp-json\/wp\/v2\/types\/product"}],"replies":[{"embeddable":true,"href":"https:\/\/linkmarkt.eu\/en\/wp-json\/wp\/v2\/comments?post=14298"}],"version-history":[{"count":0,"href":"https:\/\/linkmarkt.eu\/en\/wp-json\/wp\/v2\/product\/14298\/revisions"}],"wp:attachment":[{"href":"https:\/\/linkmarkt.eu\/en\/wp-json\/wp\/v2\/media?parent=14298"}],"wp:term":[{"taxonomy":"product_brand","embeddable":true,"href":"https:\/\/linkmarkt.eu\/en\/wp-json\/wp\/v2\/product_brand?post=14298"},{"taxonomy":"product_cat","embeddable":true,"href":"https:\/\/linkmarkt.eu\/en\/wp-json\/wp\/v2\/product_cat?post=14298"},{"taxonomy":"product_tag","embeddable":true,"href":"https:\/\/linkmarkt.eu\/en\/wp-json\/wp\/v2\/product_tag?post=14298"}],"curies":[{"name":"wp","href":"https:\/\/api.w.org\/{rel}","templated":true}]}}