{"id":14313,"date":"2025-10-08T09:30:22","date_gmt":"2025-10-08T07:30:22","guid":{"rendered":"https:\/\/linkmarkt.eu\/product\/dodaj-swoje-darmowe-ogloszenie-w-warszawie\/"},"modified":"2025-10-08T09:30:22","modified_gmt":"2025-10-08T07:30:22","slug":"dodaj-swoje-darmowe-ogloszenie-w-warszawie","status":"publish","type":"product","link":"https:\/\/linkmarkt.eu\/en\/product\/dodaj-swoje-darmowe-ogloszenie-w-warszawie\/","title":{"rendered":"Dodaj swoje darmowe og\u0142oszenie w Warszawie!"},"content":{"rendered":"<p>Stw\u00f3rz w\u0142asn\u0105 ofert\u0119 lub og\u0142oszenie lokalnie w Warszawie. Sprzedawaj, oferuj us\u0142ugi lub Promuj swoj\u0105 firm\u0119 za darmo na LinkMarkt.eu.<a href=\"https:\/\/linkmarkt.eu\/pl\/\">https: \/ \/ linkmarkt. eu<\/a><\/p>\n","protected":false},"excerpt":{"rendered":"<p>Stw\u00f3rz w\u0142asn\u0105 ofert\u0119 lub og\u0142oszenie lokalnie w Warszawie. Sprzedawaj, oferuj us\u0142ugi lub Promuj swoj\u0105 firm\u0119 za darmo na LinkMarkt.eu.https: \/ \/ linkmarkt. eu<\/p>\n","protected":false},"featured_media":0,"comment_status":"open","ping_status":"closed","template":"","meta":{"_seopress_robots_primary_cat":"","_seopress_titles_title":"","_seopress_titles_desc":"","_seopress_robots_index":"","googlesitekit_rrm_CAowz76iDA:productID":""},"product_brand":[],"product_cat":[1076],"product_tag":[],"class_list":{"0":"post-14313","1":"product","2":"type-product","3":"status-publish","5":"product_cat-listeo-booking-pl","7":"first","8":"instock","9":"downloadable","10":"virtual","11":"sold-individually","12":"taxable","13":"purchasable","14":"product-type-listing_booking"},"_links":{"self":[{"href":"https:\/\/linkmarkt.eu\/en\/wp-json\/wp\/v2\/product\/14313","targetHints":{"allow":["GET"]}}],"collection":[{"href":"https:\/\/linkmarkt.eu\/en\/wp-json\/wp\/v2\/product"}],"about":[{"href":"https:\/\/linkmarkt.eu\/en\/wp-json\/wp\/v2\/types\/product"}],"replies":[{"embeddable":true,"href":"https:\/\/linkmarkt.eu\/en\/wp-json\/wp\/v2\/comments?post=14313"}],"version-history":[{"count":0,"href":"https:\/\/linkmarkt.eu\/en\/wp-json\/wp\/v2\/product\/14313\/revisions"}],"wp:attachment":[{"href":"https:\/\/linkmarkt.eu\/en\/wp-json\/wp\/v2\/media?parent=14313"}],"wp:term":[{"taxonomy":"product_brand","embeddable":true,"href":"https:\/\/linkmarkt.eu\/en\/wp-json\/wp\/v2\/product_brand?post=14313"},{"taxonomy":"product_cat","embeddable":true,"href":"https:\/\/linkmarkt.eu\/en\/wp-json\/wp\/v2\/product_cat?post=14313"},{"taxonomy":"product_tag","embeddable":true,"href":"https:\/\/linkmarkt.eu\/en\/wp-json\/wp\/v2\/product_tag?post=14313"}],"curies":[{"name":"wp","href":"https:\/\/api.w.org\/{rel}","templated":true}]}}