{"id":14334,"date":"2025-10-08T09:56:58","date_gmt":"2025-10-08T07:56:58","guid":{"rendered":"https:\/\/linkmarkt.eu\/product\/lokale-anzeigen-in-danzig-kostenlos-und-einfach\/"},"modified":"2025-12-24T22:40:53","modified_gmt":"2025-12-24T21:40:53","slug":"lokale-anzeigen-in-danzig-kostenlos-und-einfach","status":"publish","type":"product","link":"https:\/\/linkmarkt.eu\/en\/product\/lokale-anzeigen-in-danzig-kostenlos-und-einfach\/","title":{"rendered":"Lokalne og\u0142oszenia w Gda\u0144sku \u2013 za darmo i prosto!"},"content":{"rendered":"<p>Rozpocznij sw\u00f3j biznes online. Dodawaj og\u0142oszenia produkt\u00f3w, us\u0142ug i pracy.<\/p>\n","protected":false},"excerpt":{"rendered":"<p>Rozpocznij sw\u00f3j biznes online. Dodawaj og\u0142oszenia produkt\u00f3w, us\u0142ug i pracy.<\/p>\n","protected":false},"featured_media":0,"comment_status":"open","ping_status":"closed","template":"","meta":{"_seopress_robots_primary_cat":"","_seopress_titles_title":"","_seopress_titles_desc":"","_seopress_robots_index":"","googlesitekit_rrm_CAowz76iDA:productID":""},"product_brand":[],"product_cat":[21],"product_tag":[],"class_list":{"0":"post-14334","1":"product","2":"type-product","3":"status-publish","5":"product_cat-listeo-booking","7":"first","8":"instock","9":"virtual","10":"sold-individually","11":"taxable","12":"purchasable","13":"product-type-listing_booking"},"_links":{"self":[{"href":"https:\/\/linkmarkt.eu\/en\/wp-json\/wp\/v2\/product\/14334","targetHints":{"allow":["GET"]}}],"collection":[{"href":"https:\/\/linkmarkt.eu\/en\/wp-json\/wp\/v2\/product"}],"about":[{"href":"https:\/\/linkmarkt.eu\/en\/wp-json\/wp\/v2\/types\/product"}],"replies":[{"embeddable":true,"href":"https:\/\/linkmarkt.eu\/en\/wp-json\/wp\/v2\/comments?post=14334"}],"version-history":[{"count":3,"href":"https:\/\/linkmarkt.eu\/en\/wp-json\/wp\/v2\/product\/14334\/revisions"}],"predecessor-version":[{"id":14345,"href":"https:\/\/linkmarkt.eu\/en\/wp-json\/wp\/v2\/product\/14334\/revisions\/14345"}],"wp:attachment":[{"href":"https:\/\/linkmarkt.eu\/en\/wp-json\/wp\/v2\/media?parent=14334"}],"wp:term":[{"taxonomy":"product_brand","embeddable":true,"href":"https:\/\/linkmarkt.eu\/en\/wp-json\/wp\/v2\/product_brand?post=14334"},{"taxonomy":"product_cat","embeddable":true,"href":"https:\/\/linkmarkt.eu\/en\/wp-json\/wp\/v2\/product_cat?post=14334"},{"taxonomy":"product_tag","embeddable":true,"href":"https:\/\/linkmarkt.eu\/en\/wp-json\/wp\/v2\/product_tag?post=14334"}],"curies":[{"name":"wp","href":"https:\/\/api.w.org\/{rel}","templated":true}]}}