{"id":14344,"date":"2025-10-08T10:02:42","date_gmt":"2025-10-08T08:02:42","guid":{"rendered":"https:\/\/linkmarkt.eu\/product\/lokalne-ogloszenia-w-gdansku-za-darmo-i-prosto\/"},"modified":"2025-10-08T10:02:42","modified_gmt":"2025-10-08T08:02:42","slug":"lokalne-ogloszenia-w-gdansku-za-darmo-i-prosto","status":"publish","type":"product","link":"https:\/\/linkmarkt.eu\/en\/product\/lokalne-ogloszenia-w-gdansku-za-darmo-i-prosto\/","title":{"rendered":"Lokalne og\u0142oszenia w Gda\u0144sku \u2013 za darmo i prosto!"},"content":{"rendered":"<p>Rozpocznij sw\u00f3j biznes online. Dodawaj og\u0142oszenia produkt\u00f3w, us\u0142ug i pracy.<\/p>\n","protected":false},"excerpt":{"rendered":"<p>Rozpocznij sw\u00f3j biznes online. Dodawaj og\u0142oszenia produkt\u00f3w, us\u0142ug i pracy.<\/p>\n","protected":false},"featured_media":0,"comment_status":"open","ping_status":"closed","template":"","meta":{"_seopress_robots_primary_cat":"","_seopress_titles_title":"","_seopress_titles_desc":"","_seopress_robots_index":"","googlesitekit_rrm_CAowz76iDA:productID":""},"product_brand":[],"product_cat":[1076],"product_tag":[],"class_list":{"0":"post-14344","1":"product","2":"type-product","3":"status-publish","5":"product_cat-listeo-booking-pl","7":"first","8":"instock","9":"downloadable","10":"virtual","11":"sold-individually","12":"taxable","13":"purchasable","14":"product-type-listing_booking"},"_links":{"self":[{"href":"https:\/\/linkmarkt.eu\/en\/wp-json\/wp\/v2\/product\/14344","targetHints":{"allow":["GET"]}}],"collection":[{"href":"https:\/\/linkmarkt.eu\/en\/wp-json\/wp\/v2\/product"}],"about":[{"href":"https:\/\/linkmarkt.eu\/en\/wp-json\/wp\/v2\/types\/product"}],"replies":[{"embeddable":true,"href":"https:\/\/linkmarkt.eu\/en\/wp-json\/wp\/v2\/comments?post=14344"}],"version-history":[{"count":0,"href":"https:\/\/linkmarkt.eu\/en\/wp-json\/wp\/v2\/product\/14344\/revisions"}],"wp:attachment":[{"href":"https:\/\/linkmarkt.eu\/en\/wp-json\/wp\/v2\/media?parent=14344"}],"wp:term":[{"taxonomy":"product_brand","embeddable":true,"href":"https:\/\/linkmarkt.eu\/en\/wp-json\/wp\/v2\/product_brand?post=14344"},{"taxonomy":"product_cat","embeddable":true,"href":"https:\/\/linkmarkt.eu\/en\/wp-json\/wp\/v2\/product_cat?post=14344"},{"taxonomy":"product_tag","embeddable":true,"href":"https:\/\/linkmarkt.eu\/en\/wp-json\/wp\/v2\/product_tag?post=14344"}],"curies":[{"name":"wp","href":"https:\/\/api.w.org\/{rel}","templated":true}]}}