{"id":14359,"date":"2025-10-08T10:17:06","date_gmt":"2025-10-08T08:17:06","guid":{"rendered":"https:\/\/linkmarkt.eu\/product\/oglaszaj-sie-we-wroclawiu-i-zdobywaj-nowych-klientow\/"},"modified":"2025-10-08T10:17:06","modified_gmt":"2025-10-08T08:17:06","slug":"oglaszaj-sie-we-wroclawiu-i-zdobywaj-nowych-klientow","status":"publish","type":"product","link":"https:\/\/linkmarkt.eu\/en\/product\/oglaszaj-sie-we-wroclawiu-i-zdobywaj-nowych-klientow\/","title":{"rendered":"Og\u0142aszaj si\u0119 we Wroc\u0142awiu i zdobywaj nowych klient\u00f3w!"},"content":{"rendered":"<p>Dotrzyj do ludzi w swoim regionie. Og\u0142aszaj si\u0119 i promuj za darmo.<\/p>\n","protected":false},"excerpt":{"rendered":"<p>Dotrzyj do ludzi w swoim regionie. Og\u0142aszaj si\u0119 i promuj za darmo.<\/p>\n","protected":false},"featured_media":0,"comment_status":"open","ping_status":"closed","template":"","meta":{"_seopress_robots_primary_cat":"","_seopress_titles_title":"","_seopress_titles_desc":"","_seopress_robots_index":"","googlesitekit_rrm_CAowz76iDA:productID":""},"product_brand":[],"product_cat":[1076],"product_tag":[],"class_list":{"0":"post-14359","1":"product","2":"type-product","3":"status-publish","5":"product_cat-listeo-booking-pl","7":"first","8":"instock","9":"downloadable","10":"virtual","11":"sold-individually","12":"taxable","13":"purchasable","14":"product-type-listing_booking"},"_links":{"self":[{"href":"https:\/\/linkmarkt.eu\/en\/wp-json\/wp\/v2\/product\/14359","targetHints":{"allow":["GET"]}}],"collection":[{"href":"https:\/\/linkmarkt.eu\/en\/wp-json\/wp\/v2\/product"}],"about":[{"href":"https:\/\/linkmarkt.eu\/en\/wp-json\/wp\/v2\/types\/product"}],"replies":[{"embeddable":true,"href":"https:\/\/linkmarkt.eu\/en\/wp-json\/wp\/v2\/comments?post=14359"}],"version-history":[{"count":0,"href":"https:\/\/linkmarkt.eu\/en\/wp-json\/wp\/v2\/product\/14359\/revisions"}],"wp:attachment":[{"href":"https:\/\/linkmarkt.eu\/en\/wp-json\/wp\/v2\/media?parent=14359"}],"wp:term":[{"taxonomy":"product_brand","embeddable":true,"href":"https:\/\/linkmarkt.eu\/en\/wp-json\/wp\/v2\/product_brand?post=14359"},{"taxonomy":"product_cat","embeddable":true,"href":"https:\/\/linkmarkt.eu\/en\/wp-json\/wp\/v2\/product_cat?post=14359"},{"taxonomy":"product_tag","embeddable":true,"href":"https:\/\/linkmarkt.eu\/en\/wp-json\/wp\/v2\/product_tag?post=14359"}],"curies":[{"name":"wp","href":"https:\/\/api.w.org\/{rel}","templated":true}]}}