{"id":14374,"date":"2025-10-08T10:27:58","date_gmt":"2025-10-08T08:27:58","guid":{"rendered":"https:\/\/linkmarkt.eu\/product\/twoje-ogloszenie-w-poznaniu-lokalnie-widocznie-za-darmo\/"},"modified":"2025-10-08T10:27:58","modified_gmt":"2025-10-08T08:27:58","slug":"twoje-ogloszenie-w-poznaniu-lokalnie-widocznie-za-darmo","status":"publish","type":"product","link":"https:\/\/linkmarkt.eu\/en\/product\/twoje-ogloszenie-w-poznaniu-lokalnie-widocznie-za-darmo\/","title":{"rendered":"Twoje og\u0142oszenie w Poznaniu \u2013 lokalnie, widocznie, za darmo!"},"content":{"rendered":"<p>Po\u0142\u0105cz si\u0119 z lokalnymi kupuj\u0105cymi i sprzedaj\u0105cymi. Zarejestruj si\u0119 i zacznij dodawa\u0107 og\u0142oszenia.<\/p>\n","protected":false},"excerpt":{"rendered":"<p>Po\u0142\u0105cz si\u0119 z lokalnymi kupuj\u0105cymi i sprzedaj\u0105cymi. Zarejestruj si\u0119 i zacznij dodawa\u0107 og\u0142oszenia.<\/p>\n","protected":false},"featured_media":0,"comment_status":"open","ping_status":"closed","template":"","meta":{"_seopress_robots_primary_cat":"","_seopress_titles_title":"","_seopress_titles_desc":"","_seopress_robots_index":"","googlesitekit_rrm_CAowz76iDA:productID":""},"product_brand":[],"product_cat":[1076],"product_tag":[],"class_list":{"0":"post-14374","1":"product","2":"type-product","3":"status-publish","5":"product_cat-listeo-booking-pl","7":"first","8":"instock","9":"downloadable","10":"virtual","11":"sold-individually","12":"taxable","13":"purchasable","14":"product-type-listing_booking"},"_links":{"self":[{"href":"https:\/\/linkmarkt.eu\/en\/wp-json\/wp\/v2\/product\/14374","targetHints":{"allow":["GET"]}}],"collection":[{"href":"https:\/\/linkmarkt.eu\/en\/wp-json\/wp\/v2\/product"}],"about":[{"href":"https:\/\/linkmarkt.eu\/en\/wp-json\/wp\/v2\/types\/product"}],"replies":[{"embeddable":true,"href":"https:\/\/linkmarkt.eu\/en\/wp-json\/wp\/v2\/comments?post=14374"}],"version-history":[{"count":0,"href":"https:\/\/linkmarkt.eu\/en\/wp-json\/wp\/v2\/product\/14374\/revisions"}],"wp:attachment":[{"href":"https:\/\/linkmarkt.eu\/en\/wp-json\/wp\/v2\/media?parent=14374"}],"wp:term":[{"taxonomy":"product_brand","embeddable":true,"href":"https:\/\/linkmarkt.eu\/en\/wp-json\/wp\/v2\/product_brand?post=14374"},{"taxonomy":"product_cat","embeddable":true,"href":"https:\/\/linkmarkt.eu\/en\/wp-json\/wp\/v2\/product_cat?post=14374"},{"taxonomy":"product_tag","embeddable":true,"href":"https:\/\/linkmarkt.eu\/en\/wp-json\/wp\/v2\/product_tag?post=14374"}],"curies":[{"name":"wp","href":"https:\/\/api.w.org\/{rel}","templated":true}]}}