{"id":14382,"date":"2025-10-09T08:34:58","date_gmt":"2025-10-09T06:34:58","guid":{"rendered":"https:\/\/linkmarkt.eu\/product\/strahlende-haut-mit-bioaoua-reis-traube-6-teiliges-pflegeset\/"},"modified":"2025-12-24T22:40:53","modified_gmt":"2025-12-24T21:40:53","slug":"strahlende-haut-mit-bioaoua-reis-traube-6-teiliges-pflegeset","status":"publish","type":"product","link":"https:\/\/linkmarkt.eu\/en\/product\/strahlende-haut-mit-bioaoua-reis-traube-6-teiliges-pflegeset\/","title":{"rendered":"Strahlende Haut mit BIOAOUA Reis &#038; Traube \u2013 6-teiliges Pflegeset"},"content":{"rendered":"<p>G\u00f6nnen Sie Ihrer Haut ein luxuri\u00f6ses Verw\u00f6hnprogramm mit dem BIOAOUA 6-teiligen Gesichtspflege-Set, angereichert mit Reis- und Traubenessenz. Dieses Set wurde sorgf\u00e4ltig zusammengestellt, um Ihnen alles zu bieten, was Ihre Haut braucht: Reinigung, Tonisierung, Pflege und Anti-Aging in einem harmonischen Pflegeritual.<\/p>\n<p>Im Set enthalten<br \/>\nRice Hyaluron Serum (15 ml) \u2013 intensive Feuchtigkeit &amp; Anti-Aging-Effekt<br \/>\nReis-Emulsion (120 ml) \u2013 leichte Pflege mit tiefem Einzug<br \/>\nReis-Gesichtscreme (50 g) \u2013 n\u00e4hrend und sch\u00fctzend<br \/>\nRice Toner (120 ml) \u2013 verfeinert Poren &amp; bereitet auf die Pflege vor<br \/>\nReinigungscreme (100 g) \u2013 mild, aber gr\u00fcndlich<br \/>\nAugencreme (20 g) \u2013 gegen Schwellungen &amp; feine Linien<br \/>\nVorteile &amp; Eigenschaften<br \/>\nVersorgt die Haut mit intensiver Feuchtigkeit (Hyalurons\u00e4ure)<br \/>\nVerfeinert Poren und verbessert die Hautstruktur<br \/>\nSchutz vor Umwelteinfl\u00fcssen &amp; vorzeitiger Hautalterung<br \/>\nIdeal f\u00fcr trockene &amp; empfindliche Hauttypen<br \/>\n<a href=\"https:\/\/linkmarkt.eu\/produkt\/6-teiliges-bioaoua-gesichtspflege-set-mit-reis-und-traubenessenz-feuchtigkeitsspendende-anti-aging-pflege-mit-serum-toner-und-creme\/\">Frei von aggressiven Substanzen<\/a><\/p>\n","protected":false},"excerpt":{"rendered":"<p>G\u00f6nnen Sie Ihrer Haut ein luxuri\u00f6ses Verw\u00f6hnprogramm mit dem BIOAOUA 6-teiligen Gesichtspflege-Set, angereichert mit Reis- und Traubenessenz. Dieses Set wurde sorgf\u00e4ltig zusammengestellt, um Ihnen alles zu bieten, was Ihre Haut braucht: Reinigung, Tonisierung, Pflege und Anti-Aging in einem harmonischen Pflegeritual. Im Set enthalten Rice Hyaluron Serum (15 ml) \u2013 intensive Feuchtigkeit &amp; Anti-Aging-Effekt Reis-Emulsion (120 [&hellip;]<\/p>\n","protected":false},"featured_media":0,"comment_status":"open","ping_status":"closed","template":"","meta":{"_seopress_robots_primary_cat":"","_seopress_titles_title":"","_seopress_titles_desc":"","_seopress_robots_index":"","googlesitekit_rrm_CAowz76iDA:productID":""},"product_brand":[],"product_cat":[21],"product_tag":[],"class_list":{"0":"post-14382","1":"product","2":"type-product","3":"status-publish","5":"product_cat-listeo-booking","7":"first","8":"instock","9":"virtual","10":"sold-individually","11":"taxable","12":"purchasable","13":"product-type-listing_booking"},"_links":{"self":[{"href":"https:\/\/linkmarkt.eu\/en\/wp-json\/wp\/v2\/product\/14382","targetHints":{"allow":["GET"]}}],"collection":[{"href":"https:\/\/linkmarkt.eu\/en\/wp-json\/wp\/v2\/product"}],"about":[{"href":"https:\/\/linkmarkt.eu\/en\/wp-json\/wp\/v2\/types\/product"}],"replies":[{"embeddable":true,"href":"https:\/\/linkmarkt.eu\/en\/wp-json\/wp\/v2\/comments?post=14382"}],"version-history":[{"count":1,"href":"https:\/\/linkmarkt.eu\/en\/wp-json\/wp\/v2\/product\/14382\/revisions"}],"predecessor-version":[{"id":14385,"href":"https:\/\/linkmarkt.eu\/en\/wp-json\/wp\/v2\/product\/14382\/revisions\/14385"}],"wp:attachment":[{"href":"https:\/\/linkmarkt.eu\/en\/wp-json\/wp\/v2\/media?parent=14382"}],"wp:term":[{"taxonomy":"product_brand","embeddable":true,"href":"https:\/\/linkmarkt.eu\/en\/wp-json\/wp\/v2\/product_brand?post=14382"},{"taxonomy":"product_cat","embeddable":true,"href":"https:\/\/linkmarkt.eu\/en\/wp-json\/wp\/v2\/product_cat?post=14382"},{"taxonomy":"product_tag","embeddable":true,"href":"https:\/\/linkmarkt.eu\/en\/wp-json\/wp\/v2\/product_tag?post=14382"}],"curies":[{"name":"wp","href":"https:\/\/api.w.org\/{rel}","templated":true}]}}