{"id":14414,"date":"2025-10-10T11:35:04","date_gmt":"2025-10-10T09:35:04","guid":{"rendered":"https:\/\/linkmarkt.eu\/product\/beruhigung-balance-fuer-deine-haut\/"},"modified":"2025-12-24T22:40:53","modified_gmt":"2025-12-24T21:40:53","slug":"beruhigung-balance-fuer-deine-haut","status":"publish","type":"product","link":"https:\/\/linkmarkt.eu\/en\/product\/beruhigung-balance-fuer-deine-haut\/","title":{"rendered":"Beruhigung &#038; Balance f\u00fcr deine Haut"},"content":{"rendered":"<p>F\u00fchlst du Spannungsgef\u00fchle oder Trockenheit nach dem Duschen?<br \/>\nMit der BIOAQUA Aloe Vera Creme bringst du deine Haut wieder ins Gleichgewicht.<br \/>\nDie beruhigende Pflegeformel mit Aloe Vera hydratisiert, k\u00fchlt und regeneriert \u2013 ideal auch nach dem Sonnenbad.<\/p>\n<p>\ud83c\udf3f Wirkung:<\/p>\n<p>Sofortige Feuchtigkeit &amp; Erfrischung<br \/>\nBeruhigt irritierte Haut<br \/>\nUnterst\u00fctzt nat\u00fcrliche Hauterneuerung<br \/>\n<a href=\"https:\/\/linkmarkt.eu\/produkt\/bioaqua-aloe-vera-gesichtscreme-tiefe-feuchtigkeitsversorgung-tagescreme-fuer-trockene-und-normale-haut-50g\/\">F\u00fcr samtig zarte Haut jeden Tag<\/a><\/p>\n","protected":false},"excerpt":{"rendered":"<p>F\u00fchlst du Spannungsgef\u00fchle oder Trockenheit nach dem Duschen? Mit der BIOAQUA Aloe Vera Creme bringst du deine Haut wieder ins Gleichgewicht. Die beruhigende Pflegeformel mit Aloe Vera hydratisiert, k\u00fchlt und regeneriert \u2013 ideal auch nach dem Sonnenbad. \ud83c\udf3f Wirkung: Sofortige Feuchtigkeit &amp; Erfrischung Beruhigt irritierte Haut Unterst\u00fctzt nat\u00fcrliche Hauterneuerung F\u00fcr samtig zarte Haut jeden Tag<\/p>\n","protected":false},"featured_media":0,"comment_status":"open","ping_status":"closed","template":"","meta":{"_seopress_robots_primary_cat":"","_seopress_titles_title":"","_seopress_titles_desc":"","_seopress_robots_index":"","googlesitekit_rrm_CAowz76iDA:productID":""},"product_brand":[],"product_cat":[21],"product_tag":[],"class_list":{"0":"post-14414","1":"product","2":"type-product","3":"status-publish","5":"product_cat-listeo-booking","7":"first","8":"instock","9":"virtual","10":"sold-individually","11":"taxable","12":"purchasable","13":"product-type-listing_booking"},"_links":{"self":[{"href":"https:\/\/linkmarkt.eu\/en\/wp-json\/wp\/v2\/product\/14414","targetHints":{"allow":["GET"]}}],"collection":[{"href":"https:\/\/linkmarkt.eu\/en\/wp-json\/wp\/v2\/product"}],"about":[{"href":"https:\/\/linkmarkt.eu\/en\/wp-json\/wp\/v2\/types\/product"}],"replies":[{"embeddable":true,"href":"https:\/\/linkmarkt.eu\/en\/wp-json\/wp\/v2\/comments?post=14414"}],"version-history":[{"count":1,"href":"https:\/\/linkmarkt.eu\/en\/wp-json\/wp\/v2\/product\/14414\/revisions"}],"predecessor-version":[{"id":14417,"href":"https:\/\/linkmarkt.eu\/en\/wp-json\/wp\/v2\/product\/14414\/revisions\/14417"}],"wp:attachment":[{"href":"https:\/\/linkmarkt.eu\/en\/wp-json\/wp\/v2\/media?parent=14414"}],"wp:term":[{"taxonomy":"product_brand","embeddable":true,"href":"https:\/\/linkmarkt.eu\/en\/wp-json\/wp\/v2\/product_brand?post=14414"},{"taxonomy":"product_cat","embeddable":true,"href":"https:\/\/linkmarkt.eu\/en\/wp-json\/wp\/v2\/product_cat?post=14414"},{"taxonomy":"product_tag","embeddable":true,"href":"https:\/\/linkmarkt.eu\/en\/wp-json\/wp\/v2\/product_tag?post=14414"}],"curies":[{"name":"wp","href":"https:\/\/api.w.org\/{rel}","templated":true}]}}