{"id":14437,"date":"2025-10-12T08:52:49","date_gmt":"2025-10-12T06:52:49","guid":{"rendered":"https:\/\/linkmarkt.eu\/product\/arganoel-haarpflege-serum-intensive-reparatur-glanz\/"},"modified":"2025-12-24T22:40:53","modified_gmt":"2025-12-24T21:40:53","slug":"arganoel-haarpflege-serum-intensive-reparatur-glanz","status":"publish","type":"product","link":"https:\/\/linkmarkt.eu\/en\/product\/arganoel-haarpflege-serum-intensive-reparatur-glanz\/","title":{"rendered":"Argan\u00f6l Haarpflege Serum \u2013 Intensive Reparatur &#038; Glanz"},"content":{"rendered":"<p>Regeneriere dein Haar mit der nat\u00fcrlichen Kraft des Argan\u00f6ls. Dieses Serum von MOONBIFFY repariert gesch\u00e4digtes Haar, spendet Feuchtigkeit und sorgt f\u00fcr seidigen Glanz. Ideal f\u00fcr trockenes, spr\u00f6des <a href=\"https:\/\/linkmarkt.eu\/produkt\/arganoel-haarpflege-serum-reparierende-pflege-glaettung-feuchtigkeit-glanz-schutz-fuer-geschaedigtes-haar-moonbiffy-80-ml\/\">oder farbbehandeltes Haar.<\/a><\/p>\n","protected":false},"excerpt":{"rendered":"<p>Regeneriere dein Haar mit der nat\u00fcrlichen Kraft des Argan\u00f6ls. Dieses Serum von MOONBIFFY repariert gesch\u00e4digtes Haar, spendet Feuchtigkeit und sorgt f\u00fcr seidigen Glanz. Ideal f\u00fcr trockenes, spr\u00f6des oder farbbehandeltes Haar.<\/p>\n","protected":false},"featured_media":0,"comment_status":"open","ping_status":"closed","template":"","meta":{"_seopress_robots_primary_cat":"","_seopress_titles_title":"","_seopress_titles_desc":"","_seopress_robots_index":"","googlesitekit_rrm_CAowz76iDA:productID":""},"product_brand":[],"product_cat":[21],"product_tag":[],"class_list":{"0":"post-14437","1":"product","2":"type-product","3":"status-publish","5":"product_cat-listeo-booking","7":"first","8":"instock","9":"virtual","10":"sold-individually","11":"taxable","12":"purchasable","13":"product-type-listing_booking"},"_links":{"self":[{"href":"https:\/\/linkmarkt.eu\/en\/wp-json\/wp\/v2\/product\/14437","targetHints":{"allow":["GET"]}}],"collection":[{"href":"https:\/\/linkmarkt.eu\/en\/wp-json\/wp\/v2\/product"}],"about":[{"href":"https:\/\/linkmarkt.eu\/en\/wp-json\/wp\/v2\/types\/product"}],"replies":[{"embeddable":true,"href":"https:\/\/linkmarkt.eu\/en\/wp-json\/wp\/v2\/comments?post=14437"}],"version-history":[{"count":1,"href":"https:\/\/linkmarkt.eu\/en\/wp-json\/wp\/v2\/product\/14437\/revisions"}],"predecessor-version":[{"id":14468,"href":"https:\/\/linkmarkt.eu\/en\/wp-json\/wp\/v2\/product\/14437\/revisions\/14468"}],"wp:attachment":[{"href":"https:\/\/linkmarkt.eu\/en\/wp-json\/wp\/v2\/media?parent=14437"}],"wp:term":[{"taxonomy":"product_brand","embeddable":true,"href":"https:\/\/linkmarkt.eu\/en\/wp-json\/wp\/v2\/product_brand?post=14437"},{"taxonomy":"product_cat","embeddable":true,"href":"https:\/\/linkmarkt.eu\/en\/wp-json\/wp\/v2\/product_cat?post=14437"},{"taxonomy":"product_tag","embeddable":true,"href":"https:\/\/linkmarkt.eu\/en\/wp-json\/wp\/v2\/product_tag?post=14437"}],"curies":[{"name":"wp","href":"https:\/\/api.w.org\/{rel}","templated":true}]}}