{"id":14443,"date":"2025-10-12T09:06:45","date_gmt":"2025-10-12T07:06:45","guid":{"rendered":"https:\/\/linkmarkt.eu\/product\/natuerliches-arganoel-fuer-gesundes-glaenzendes-haar\/"},"modified":"2025-12-24T22:40:53","modified_gmt":"2025-12-24T21:40:53","slug":"natuerliches-arganoel-fuer-gesundes-glaenzendes-haar","status":"publish","type":"product","link":"https:\/\/linkmarkt.eu\/en\/product\/natuerliches-arganoel-fuer-gesundes-glaenzendes-haar\/","title":{"rendered":"Nat\u00fcrliches Argan\u00f6l f\u00fcr gesundes, gl\u00e4nzendes Haar"},"content":{"rendered":"<p>Das MOONBIFFY Argan\u00f6l pflegt dein Haar tiefenwirksam. Es sch\u00fctzt vor Hitze, macht das Haar weich und bek\u00e4mpft Frizz. Perfekt als t\u00e4gliche <a href=\"https:\/\/linkmarkt.eu\/produkt\/arganoel-haarpflege-serum-reparierende-pflege-glaettung-feuchtigkeit-glanz-schutz-fuer-geschaedigtes-haar-moonbiffy-80-ml\/\">Pflege oder nach dem Gl\u00e4tten.<\/a><\/p>\n","protected":false},"excerpt":{"rendered":"<p>Das MOONBIFFY Argan\u00f6l pflegt dein Haar tiefenwirksam. Es sch\u00fctzt vor Hitze, macht das Haar weich und bek\u00e4mpft Frizz. Perfekt als t\u00e4gliche Pflege oder nach dem Gl\u00e4tten.<\/p>\n","protected":false},"featured_media":0,"comment_status":"open","ping_status":"closed","template":"","meta":{"_seopress_robots_primary_cat":"","_seopress_titles_title":"","_seopress_titles_desc":"","_seopress_robots_index":"","googlesitekit_rrm_CAowz76iDA:productID":""},"product_brand":[],"product_cat":[21],"product_tag":[],"class_list":{"0":"post-14443","1":"product","2":"type-product","3":"status-publish","5":"product_cat-listeo-booking","7":"first","8":"instock","9":"virtual","10":"sold-individually","11":"taxable","12":"purchasable","13":"product-type-listing_booking"},"_links":{"self":[{"href":"https:\/\/linkmarkt.eu\/en\/wp-json\/wp\/v2\/product\/14443","targetHints":{"allow":["GET"]}}],"collection":[{"href":"https:\/\/linkmarkt.eu\/en\/wp-json\/wp\/v2\/product"}],"about":[{"href":"https:\/\/linkmarkt.eu\/en\/wp-json\/wp\/v2\/types\/product"}],"replies":[{"embeddable":true,"href":"https:\/\/linkmarkt.eu\/en\/wp-json\/wp\/v2\/comments?post=14443"}],"version-history":[{"count":1,"href":"https:\/\/linkmarkt.eu\/en\/wp-json\/wp\/v2\/product\/14443\/revisions"}],"predecessor-version":[{"id":14467,"href":"https:\/\/linkmarkt.eu\/en\/wp-json\/wp\/v2\/product\/14443\/revisions\/14467"}],"wp:attachment":[{"href":"https:\/\/linkmarkt.eu\/en\/wp-json\/wp\/v2\/media?parent=14443"}],"wp:term":[{"taxonomy":"product_brand","embeddable":true,"href":"https:\/\/linkmarkt.eu\/en\/wp-json\/wp\/v2\/product_brand?post=14443"},{"taxonomy":"product_cat","embeddable":true,"href":"https:\/\/linkmarkt.eu\/en\/wp-json\/wp\/v2\/product_cat?post=14443"},{"taxonomy":"product_tag","embeddable":true,"href":"https:\/\/linkmarkt.eu\/en\/wp-json\/wp\/v2\/product_tag?post=14443"}],"curies":[{"name":"wp","href":"https:\/\/api.w.org\/{rel}","templated":true}]}}