{"id":14455,"date":"2025-10-12T09:18:33","date_gmt":"2025-10-12T07:18:33","guid":{"rendered":"https:\/\/linkmarkt.eu\/product\/feuchtigkeit-schutz-mit-arganoel-haarserum\/"},"modified":"2025-12-24T22:40:53","modified_gmt":"2025-12-24T21:40:53","slug":"feuchtigkeit-schutz-mit-arganoel-haarserum","status":"publish","type":"product","link":"https:\/\/linkmarkt.eu\/en\/product\/feuchtigkeit-schutz-mit-arganoel-haarserum\/","title":{"rendered":"Feuchtigkeit &#038; Schutz mit Argan\u00f6l Haarserum"},"content":{"rendered":"<p>Erlebe pure Pflege mit Argan\u00f6l! Dieses Serum gl\u00e4ttet die Haarstruktur, spendet intensive Feuchtigkeit und sch\u00fctzt vor Trockenheit. Besonders empfohlen bei spr\u00f6dem,<a href=\"https:\/\/linkmarkt.eu\/produkt\/arganoel-haarpflege-serum-reparierende-pflege-glaettung-feuchtigkeit-glanz-schutz-fuer-geschaedigtes-haar-moonbiffy-80-ml\/\"> strapaziertem Haar.<\/a><\/p>\n","protected":false},"excerpt":{"rendered":"<p>Erlebe pure Pflege mit Argan\u00f6l! Dieses Serum gl\u00e4ttet die Haarstruktur, spendet intensive Feuchtigkeit und sch\u00fctzt vor Trockenheit. Besonders empfohlen bei spr\u00f6dem, strapaziertem Haar.<\/p>\n","protected":false},"featured_media":0,"comment_status":"open","ping_status":"closed","template":"","meta":{"_seopress_robots_primary_cat":"","_seopress_titles_title":"","_seopress_titles_desc":"","_seopress_robots_index":"","googlesitekit_rrm_CAowz76iDA:productID":""},"product_brand":[],"product_cat":[21],"product_tag":[],"class_list":{"0":"post-14455","1":"product","2":"type-product","3":"status-publish","5":"product_cat-listeo-booking","7":"first","8":"instock","9":"virtual","10":"sold-individually","11":"taxable","12":"purchasable","13":"product-type-listing_booking"},"_links":{"self":[{"href":"https:\/\/linkmarkt.eu\/en\/wp-json\/wp\/v2\/product\/14455","targetHints":{"allow":["GET"]}}],"collection":[{"href":"https:\/\/linkmarkt.eu\/en\/wp-json\/wp\/v2\/product"}],"about":[{"href":"https:\/\/linkmarkt.eu\/en\/wp-json\/wp\/v2\/types\/product"}],"replies":[{"embeddable":true,"href":"https:\/\/linkmarkt.eu\/en\/wp-json\/wp\/v2\/comments?post=14455"}],"version-history":[{"count":1,"href":"https:\/\/linkmarkt.eu\/en\/wp-json\/wp\/v2\/product\/14455\/revisions"}],"predecessor-version":[{"id":14465,"href":"https:\/\/linkmarkt.eu\/en\/wp-json\/wp\/v2\/product\/14455\/revisions\/14465"}],"wp:attachment":[{"href":"https:\/\/linkmarkt.eu\/en\/wp-json\/wp\/v2\/media?parent=14455"}],"wp:term":[{"taxonomy":"product_brand","embeddable":true,"href":"https:\/\/linkmarkt.eu\/en\/wp-json\/wp\/v2\/product_brand?post=14455"},{"taxonomy":"product_cat","embeddable":true,"href":"https:\/\/linkmarkt.eu\/en\/wp-json\/wp\/v2\/product_cat?post=14455"},{"taxonomy":"product_tag","embeddable":true,"href":"https:\/\/linkmarkt.eu\/en\/wp-json\/wp\/v2\/product_tag?post=14455"}],"curies":[{"name":"wp","href":"https:\/\/api.w.org\/{rel}","templated":true}]}}