{"id":14461,"date":"2025-10-12T09:25:15","date_gmt":"2025-10-12T07:25:15","guid":{"rendered":"https:\/\/linkmarkt.eu\/product\/arganoel-behandlung-gegen-trockenes-geschaedigtes-haar\/"},"modified":"2025-12-24T22:40:53","modified_gmt":"2025-12-24T21:40:53","slug":"arganoel-behandlung-gegen-trockenes-geschaedigtes-haar","status":"publish","type":"product","link":"https:\/\/linkmarkt.eu\/en\/product\/arganoel-behandlung-gegen-trockenes-geschaedigtes-haar\/","title":{"rendered":"Argan\u00f6l Behandlung gegen trockenes &#038; gesch\u00e4digtes Haar"},"content":{"rendered":"<p>Luxuri\u00f6se Haarpflege mit Argan\u00f6l \u2013 revitalisiert das Haar und verleiht nat\u00fcrlichen Glanz. Das MOONBIFFY Serum eignet sich perfekt f\u00fcr die t\u00e4gliche <a href=\"https:\/\/linkmarkt.eu\/produkt\/arganoel-haarpflege-serum-reparierende-pflege-glaettung-feuchtigkeit-glanz-schutz-fuer-geschaedigtes-haar-moonbiffy-80-ml\/\">Anwendung nach dem Waschen.<\/a><\/p>\n","protected":false},"excerpt":{"rendered":"<p>Luxuri\u00f6se Haarpflege mit Argan\u00f6l \u2013 revitalisiert das Haar und verleiht nat\u00fcrlichen Glanz. Das MOONBIFFY Serum eignet sich perfekt f\u00fcr die t\u00e4gliche Anwendung nach dem Waschen.<\/p>\n","protected":false},"featured_media":0,"comment_status":"open","ping_status":"closed","template":"","meta":{"_seopress_robots_primary_cat":"","_seopress_titles_title":"","_seopress_titles_desc":"","_seopress_robots_index":"","googlesitekit_rrm_CAowz76iDA:productID":""},"product_brand":[],"product_cat":[21],"product_tag":[],"class_list":{"0":"post-14461","1":"product","2":"type-product","3":"status-publish","5":"product_cat-listeo-booking","7":"first","8":"instock","9":"virtual","10":"sold-individually","11":"taxable","12":"purchasable","13":"product-type-listing_booking"},"_links":{"self":[{"href":"https:\/\/linkmarkt.eu\/en\/wp-json\/wp\/v2\/product\/14461","targetHints":{"allow":["GET"]}}],"collection":[{"href":"https:\/\/linkmarkt.eu\/en\/wp-json\/wp\/v2\/product"}],"about":[{"href":"https:\/\/linkmarkt.eu\/en\/wp-json\/wp\/v2\/types\/product"}],"replies":[{"embeddable":true,"href":"https:\/\/linkmarkt.eu\/en\/wp-json\/wp\/v2\/comments?post=14461"}],"version-history":[{"count":1,"href":"https:\/\/linkmarkt.eu\/en\/wp-json\/wp\/v2\/product\/14461\/revisions"}],"predecessor-version":[{"id":14464,"href":"https:\/\/linkmarkt.eu\/en\/wp-json\/wp\/v2\/product\/14461\/revisions\/14464"}],"wp:attachment":[{"href":"https:\/\/linkmarkt.eu\/en\/wp-json\/wp\/v2\/media?parent=14461"}],"wp:term":[{"taxonomy":"product_brand","embeddable":true,"href":"https:\/\/linkmarkt.eu\/en\/wp-json\/wp\/v2\/product_brand?post=14461"},{"taxonomy":"product_cat","embeddable":true,"href":"https:\/\/linkmarkt.eu\/en\/wp-json\/wp\/v2\/product_cat?post=14461"},{"taxonomy":"product_tag","embeddable":true,"href":"https:\/\/linkmarkt.eu\/en\/wp-json\/wp\/v2\/product_tag?post=14461"}],"curies":[{"name":"wp","href":"https:\/\/api.w.org\/{rel}","templated":true}]}}