{"id":14473,"date":"2025-10-13T10:07:57","date_gmt":"2025-10-13T08:07:57","guid":{"rendered":"https:\/\/linkmarkt.eu\/product\/nuvialab-flex-unterstuetzung-fuer-gesunde-und-flexible-gelenke\/"},"modified":"2025-12-24T22:40:53","modified_gmt":"2025-12-24T21:40:53","slug":"nuvialab-flex-unterstuetzung-fuer-gesunde-und-flexible-gelenke","status":"publish","type":"product","link":"https:\/\/linkmarkt.eu\/en\/product\/nuvialab-flex-unterstuetzung-fuer-gesunde-und-flexible-gelenke\/","title":{"rendered":"NuviaLab Flex \u2013 Unterst\u00fctzung f\u00fcr gesunde und flexible Gelenke"},"content":{"rendered":"<p>NuviaLab Flex ist ein hochwertiges, mehrfach komponentiges Nahrungserg\u00e4nzungsmittel, das die Gesundheit und Beweglichkeit der Gelenke unterst\u00fctzt.<br \/>\nDurch die regelm\u00e4\u00dfige Einnahme hilft es, die Elastizit\u00e4t und den Komfort der Gelenke zu erhalten \u2013 unabh\u00e4ngig davon, wodurch die Beschwerden verursacht werden.<\/p>\n<p>Die sorgf\u00e4ltig ausgew\u00e4hlten Inhaltsstoffe tragen dazu bei, Entz\u00fcndungsreaktionen im K\u00f6rper zu kontrollieren und die Gesundheit von Knochen und Gelenken zu f\u00f6rdern.<br \/>\nDar\u00fcber hinaus unterst\u00fctzt NuviaLab Flex die nat\u00fcrliche Kollagenproduktion, was zu einer optimalen Funktion des Knorpelgewebes f\u00fchrt.<\/p>\n<p>Dank seiner hohen Wirksamkeit ist NuviaLab Flex die Nr. 1 Wahl f\u00fcr Menschen, die unter Gelenkschmerzen leiden oder ihre Beweglichkeit langfristig erhalten m\u00f6chten.<\/p>\n<p>\ud83d\udcaa Ihre Vorteile:<\/p>\n<p>F\u00f6rdert gesunde und flexible Gelenke<br \/>\nUnterst\u00fctzt Knochen und Knorpel<br \/>\nReduziert Entz\u00fcndungsprozesse<br \/>\nSteigert die nat\u00fcrliche Kollagenproduktion<br \/>\n<a href=\"https:\/\/nplink.net\/rwu6a0tp\">Klinisch getestete Inhaltsstoffe<\/a><\/p>\n","protected":false},"excerpt":{"rendered":"<p>NuviaLab Flex ist ein hochwertiges, mehrfach komponentiges Nahrungserg\u00e4nzungsmittel, das die Gesundheit und Beweglichkeit der Gelenke unterst\u00fctzt. Durch die regelm\u00e4\u00dfige Einnahme hilft es, die Elastizit\u00e4t und den Komfort der Gelenke zu erhalten \u2013 unabh\u00e4ngig davon, wodurch die Beschwerden verursacht werden. Die sorgf\u00e4ltig ausgew\u00e4hlten Inhaltsstoffe tragen dazu bei, Entz\u00fcndungsreaktionen im K\u00f6rper zu kontrollieren und die Gesundheit von [&hellip;]<\/p>\n","protected":false},"featured_media":0,"comment_status":"open","ping_status":"closed","template":"","meta":{"_seopress_robots_primary_cat":"","_seopress_titles_title":"","_seopress_titles_desc":"","_seopress_robots_index":"","googlesitekit_rrm_CAowz76iDA:productID":""},"product_brand":[],"product_cat":[21],"product_tag":[],"class_list":{"0":"post-14473","1":"product","2":"type-product","3":"status-publish","5":"product_cat-listeo-booking","7":"first","8":"instock","9":"virtual","10":"sold-individually","11":"taxable","12":"purchasable","13":"product-type-listing_booking"},"_links":{"self":[{"href":"https:\/\/linkmarkt.eu\/en\/wp-json\/wp\/v2\/product\/14473","targetHints":{"allow":["GET"]}}],"collection":[{"href":"https:\/\/linkmarkt.eu\/en\/wp-json\/wp\/v2\/product"}],"about":[{"href":"https:\/\/linkmarkt.eu\/en\/wp-json\/wp\/v2\/types\/product"}],"replies":[{"embeddable":true,"href":"https:\/\/linkmarkt.eu\/en\/wp-json\/wp\/v2\/comments?post=14473"}],"version-history":[{"count":1,"href":"https:\/\/linkmarkt.eu\/en\/wp-json\/wp\/v2\/product\/14473\/revisions"}],"predecessor-version":[{"id":14497,"href":"https:\/\/linkmarkt.eu\/en\/wp-json\/wp\/v2\/product\/14473\/revisions\/14497"}],"wp:attachment":[{"href":"https:\/\/linkmarkt.eu\/en\/wp-json\/wp\/v2\/media?parent=14473"}],"wp:term":[{"taxonomy":"product_brand","embeddable":true,"href":"https:\/\/linkmarkt.eu\/en\/wp-json\/wp\/v2\/product_brand?post=14473"},{"taxonomy":"product_cat","embeddable":true,"href":"https:\/\/linkmarkt.eu\/en\/wp-json\/wp\/v2\/product_cat?post=14473"},{"taxonomy":"product_tag","embeddable":true,"href":"https:\/\/linkmarkt.eu\/en\/wp-json\/wp\/v2\/product_tag?post=14473"}],"curies":[{"name":"wp","href":"https:\/\/api.w.org\/{rel}","templated":true}]}}