{"id":14479,"date":"2025-10-13T10:13:57","date_gmt":"2025-10-13T08:13:57","guid":{"rendered":"https:\/\/linkmarkt.eu\/product\/nuvialab-flex-starke-gelenke-und-neue-beweglichkeit-in-muenchen\/"},"modified":"2025-12-24T22:40:53","modified_gmt":"2025-12-24T21:40:53","slug":"nuvialab-flex-starke-gelenke-und-neue-beweglichkeit-in-muenchen","status":"publish","type":"product","link":"https:\/\/linkmarkt.eu\/en\/product\/nuvialab-flex-starke-gelenke-und-neue-beweglichkeit-in-muenchen\/","title":{"rendered":"NuviaLab Flex \u2013 Starke Gelenke und neue Beweglichkeit in M\u00fcnchen"},"content":{"rendered":"<p>NuviaLab Flex ist ein innovatives Nahrungserg\u00e4nzungsmittel, das speziell entwickelt wurde, um Gelenke, Knorpel und Knochen zu st\u00e4rken.<br \/>\nDie einzigartige Formel kombiniert nat\u00fcrliche Inhaltsstoffe, die helfen, Schmerzen zu lindern, Entz\u00fcndungen zu reduzieren und die Beweglichkeit wiederherzustellen.<\/p>\n<p>Ob durch Alter, k\u00f6rperliche Arbeit oder sportliche Belastung \u2013<a href=\"https:\/\/nplink.net\/rwu6a0tp\"> NuviaLab Flex unterst\u00fctzt die Regeneration und sorgt f\u00fcr mehr Komfort im<\/a> Alltag.<br \/>\nEs hilft, die Kollagenproduktion zu aktivieren und somit die Struktur des Gelenkknorpels langfristig zu erhalten.<\/p>\n<p>\ud83d\udd25 Warum NuviaLab Flex?<\/p>\n<p>Unterst\u00fctzt gesunde Gelenke und Beweglichkeit<br \/>\nReduziert Gelenkentz\u00fcndungen auf nat\u00fcrliche Weise<br \/>\nF\u00f6rdert die Kollagenbildung f\u00fcr starke Knorpel<br \/>\nIdeal f\u00fcr aktive Menschen und Senioren<br \/>\n<a href=\"https:\/\/nplink.net\/rwu6a0tp\">Klinisch getestete Inhaltsstoffe mit hoher Bioverf\u00fcgbarkeit<\/a><\/p>\n","protected":false},"excerpt":{"rendered":"<p>NuviaLab Flex ist ein innovatives Nahrungserg\u00e4nzungsmittel, das speziell entwickelt wurde, um Gelenke, Knorpel und Knochen zu st\u00e4rken. Die einzigartige Formel kombiniert nat\u00fcrliche Inhaltsstoffe, die helfen, Schmerzen zu lindern, Entz\u00fcndungen zu reduzieren und die Beweglichkeit wiederherzustellen. Ob durch Alter, k\u00f6rperliche Arbeit oder sportliche Belastung \u2013 NuviaLab Flex unterst\u00fctzt die Regeneration und sorgt f\u00fcr mehr Komfort im [&hellip;]<\/p>\n","protected":false},"featured_media":0,"comment_status":"open","ping_status":"closed","template":"","meta":{"_seopress_robots_primary_cat":"","_seopress_titles_title":"","_seopress_titles_desc":"","_seopress_robots_index":"","googlesitekit_rrm_CAowz76iDA:productID":""},"product_brand":[],"product_cat":[21],"product_tag":[],"class_list":{"0":"post-14479","1":"product","2":"type-product","3":"status-publish","5":"product_cat-listeo-booking","7":"first","8":"instock","9":"virtual","10":"sold-individually","11":"taxable","12":"purchasable","13":"product-type-listing_booking"},"_links":{"self":[{"href":"https:\/\/linkmarkt.eu\/en\/wp-json\/wp\/v2\/product\/14479","targetHints":{"allow":["GET"]}}],"collection":[{"href":"https:\/\/linkmarkt.eu\/en\/wp-json\/wp\/v2\/product"}],"about":[{"href":"https:\/\/linkmarkt.eu\/en\/wp-json\/wp\/v2\/types\/product"}],"replies":[{"embeddable":true,"href":"https:\/\/linkmarkt.eu\/en\/wp-json\/wp\/v2\/comments?post=14479"}],"version-history":[{"count":1,"href":"https:\/\/linkmarkt.eu\/en\/wp-json\/wp\/v2\/product\/14479\/revisions"}],"predecessor-version":[{"id":14496,"href":"https:\/\/linkmarkt.eu\/en\/wp-json\/wp\/v2\/product\/14479\/revisions\/14496"}],"wp:attachment":[{"href":"https:\/\/linkmarkt.eu\/en\/wp-json\/wp\/v2\/media?parent=14479"}],"wp:term":[{"taxonomy":"product_brand","embeddable":true,"href":"https:\/\/linkmarkt.eu\/en\/wp-json\/wp\/v2\/product_brand?post=14479"},{"taxonomy":"product_cat","embeddable":true,"href":"https:\/\/linkmarkt.eu\/en\/wp-json\/wp\/v2\/product_cat?post=14479"},{"taxonomy":"product_tag","embeddable":true,"href":"https:\/\/linkmarkt.eu\/en\/wp-json\/wp\/v2\/product_tag?post=14479"}],"curies":[{"name":"wp","href":"https:\/\/api.w.org\/{rel}","templated":true}]}}