{"id":14485,"date":"2025-10-13T10:19:39","date_gmt":"2025-10-13T08:19:39","guid":{"rendered":"https:\/\/linkmarkt.eu\/product\/nuvialab-flex-natuerliche-unterstuetzung-fuer-gesunde-gelenke-in-frankfurt-am-main\/"},"modified":"2025-12-24T22:40:53","modified_gmt":"2025-12-24T21:40:53","slug":"nuvialab-flex-natuerliche-unterstuetzung-fuer-gesunde-gelenke-in-frankfurt-am-main","status":"publish","type":"product","link":"https:\/\/linkmarkt.eu\/en\/product\/nuvialab-flex-natuerliche-unterstuetzung-fuer-gesunde-gelenke-in-frankfurt-am-main\/","title":{"rendered":"NuviaLab Flex \u2013 Nat\u00fcrliche Unterst\u00fctzung f\u00fcr gesunde Gelenke in Frankfurt am Main"},"content":{"rendered":"<p>NuviaLab Flex ist ein modernes Nahrungserg\u00e4nzungsmittel, das speziell entwickelt wurde, um Gelenke, Knochen und Knorpelgewebe zu unterst\u00fctzen.<br \/>\nDank seiner sorgf\u00e4ltig ausgew\u00e4hlten Inhaltsstoffe hilft es, Entz\u00fcndungen zu reduzieren, die Beweglichkeit zu verbessern und die nat\u00fcrliche Elastizit\u00e4t der Gelenke zu erhalten.<\/p>\n<p>Ob durch k\u00f6rperliche Arbeit, Sport oder das \u00c4lterwerden \u2013 NuviaLab Flex sorgt daf\u00fcr, dass sich Ihre Gelenke wieder frei und schmerzfrei bewegen k\u00f6nnen.<br \/>\nDie regelm\u00e4\u00dfige Einnahme f\u00f6rdert au\u00dferdem die<a href=\"https:\/\/nplink.net\/rwu6a0tp\"> Kollagenproduktion, was die Struktur des Knorpels st\u00e4rkt und die Belastbarkeit erh\u00f6ht.<\/a><\/p>\n<p>\u2728 Vorteile von NuviaLab Flex:<\/p>\n<p>Unterst\u00fctzt die Regeneration der Gelenke<br \/>\nVerbessert die Beweglichkeit und Flexibilit\u00e4t<br \/>\nReduziert Entz\u00fcndungen auf nat\u00fcrliche Weise<br \/>\nF\u00f6rdert die Bildung von Kollagen<br \/>\nIdeal f\u00fcr aktive Menschen und Senioren<br \/>\nErleben Sie mehr Leichtigkeit und <a href=\"https:\/\/nplink.net\/rwu6a0tp\">Wohlbefinden im Alltag mit NuviaLab Flex \u2013 f\u00fcr starke, gesunde Gelenke jeden Tag!<\/a><\/p>\n","protected":false},"excerpt":{"rendered":"<p>NuviaLab Flex ist ein modernes Nahrungserg\u00e4nzungsmittel, das speziell entwickelt wurde, um Gelenke, Knochen und Knorpelgewebe zu unterst\u00fctzen. Dank seiner sorgf\u00e4ltig ausgew\u00e4hlten Inhaltsstoffe hilft es, Entz\u00fcndungen zu reduzieren, die Beweglichkeit zu verbessern und die nat\u00fcrliche Elastizit\u00e4t der Gelenke zu erhalten. Ob durch k\u00f6rperliche Arbeit, Sport oder das \u00c4lterwerden \u2013 NuviaLab Flex sorgt daf\u00fcr, dass sich Ihre [&hellip;]<\/p>\n","protected":false},"featured_media":0,"comment_status":"open","ping_status":"closed","template":"","meta":{"_seopress_robots_primary_cat":"","_seopress_titles_title":"","_seopress_titles_desc":"","_seopress_robots_index":"","googlesitekit_rrm_CAowz76iDA:productID":""},"product_brand":[],"product_cat":[21],"product_tag":[],"class_list":{"0":"post-14485","1":"product","2":"type-product","3":"status-publish","5":"product_cat-listeo-booking","7":"first","8":"instock","9":"virtual","10":"sold-individually","11":"taxable","12":"purchasable","13":"product-type-listing_booking"},"_links":{"self":[{"href":"https:\/\/linkmarkt.eu\/en\/wp-json\/wp\/v2\/product\/14485","targetHints":{"allow":["GET"]}}],"collection":[{"href":"https:\/\/linkmarkt.eu\/en\/wp-json\/wp\/v2\/product"}],"about":[{"href":"https:\/\/linkmarkt.eu\/en\/wp-json\/wp\/v2\/types\/product"}],"replies":[{"embeddable":true,"href":"https:\/\/linkmarkt.eu\/en\/wp-json\/wp\/v2\/comments?post=14485"}],"version-history":[{"count":1,"href":"https:\/\/linkmarkt.eu\/en\/wp-json\/wp\/v2\/product\/14485\/revisions"}],"predecessor-version":[{"id":14495,"href":"https:\/\/linkmarkt.eu\/en\/wp-json\/wp\/v2\/product\/14485\/revisions\/14495"}],"wp:attachment":[{"href":"https:\/\/linkmarkt.eu\/en\/wp-json\/wp\/v2\/media?parent=14485"}],"wp:term":[{"taxonomy":"product_brand","embeddable":true,"href":"https:\/\/linkmarkt.eu\/en\/wp-json\/wp\/v2\/product_brand?post=14485"},{"taxonomy":"product_cat","embeddable":true,"href":"https:\/\/linkmarkt.eu\/en\/wp-json\/wp\/v2\/product_cat?post=14485"},{"taxonomy":"product_tag","embeddable":true,"href":"https:\/\/linkmarkt.eu\/en\/wp-json\/wp\/v2\/product_tag?post=14485"}],"curies":[{"name":"wp","href":"https:\/\/api.w.org\/{rel}","templated":true}]}}