{"id":15240,"date":"2025-10-16T10:43:11","date_gmt":"2025-10-16T08:43:11","guid":{"rendered":"https:\/\/linkmarkt.eu\/product\/%f0%9f%a6%b7-dentolan-natuerliche-pflege-fuer-frischen-atem-und-gesunde-verdauung\/"},"modified":"2025-12-24T22:40:54","modified_gmt":"2025-12-24T21:40:54","slug":"%f0%9f%a6%b7-dentolan-natuerliche-pflege-fuer-frischen-atem-und-gesunde-verdauung","status":"publish","type":"product","link":"https:\/\/linkmarkt.eu\/en\/product\/%f0%9f%a6%b7-dentolan-natuerliche-pflege-fuer-frischen-atem-und-gesunde-verdauung\/","title":{"rendered":"\ud83e\uddb7 Dentolan \u2013 Nat\u00fcrliche Pflege f\u00fcr frischen Atem und gesunde Verdauung"},"content":{"rendered":"<p>Dentolan ist ein innovatives, mehrkomponentiges Nahrungserg\u00e4nzungsmittel, das speziell f\u00fcr Menschen mit Mundgeruch (Halitosis) entwickelt wurde. Die sorgf\u00e4ltig ausgew\u00e4hlte Zusammensetzung wirkt beruhigend auf Hals und Stimmb\u00e4nder, unterst\u00fctzt die Verdauung und tr\u00e4gt zur Aufrechterhaltung eines gesunden <a href=\"https:\/\/nplink.net\/dlpf29cl\">pH-Werts im Magen bei.<\/a><\/p>\n<p>Ganz gleich, ob der unangenehme Atem durch Bakterien, Rauchen, Verdauungsprobleme oder bestimmte Lebensmittel verursacht wird \u2013 Dentolan wirkt effektiv unabh\u00e4ngig von der Ursache.<\/p>\n<p>\u2728 Vorteile auf einen Blick:<\/p>\n<p>Unterst\u00fctzt die normale Funktion von Magen und Darm<br \/>\nF\u00f6rdert ein angenehmes Mundgef\u00fchl und frischen Atem<br \/>\nLindert Reizungen im Hals<br \/>\nPflanzliche, mehrschichtige Formel<br \/>\nEinfach anzuwenden \u2013 nur 1 Kapsel t\u00e4glich<br \/>\nKategorie: Gesundheit &amp; Wohlbefinden<br \/>\nOrt: Berlin, Deutschland<br \/>\nVersand: Deutschlandweit<\/p>\n<p>\ud83d\udc9a <a href=\"https:\/\/nplink.net\/dlpf29cl\">Jetzt entdecken und wieder frei aufatmen \u2013 nat\u00fcrlich mit Dentolan!<\/a><\/p>\n","protected":false},"excerpt":{"rendered":"<p>Dentolan ist ein innovatives, mehrkomponentiges Nahrungserg\u00e4nzungsmittel, das speziell f\u00fcr Menschen mit Mundgeruch (Halitosis) entwickelt wurde. Die sorgf\u00e4ltig ausgew\u00e4hlte Zusammensetzung wirkt beruhigend auf Hals und Stimmb\u00e4nder, unterst\u00fctzt die Verdauung und tr\u00e4gt zur Aufrechterhaltung eines gesunden pH-Werts im Magen bei. Ganz gleich, ob der unangenehme Atem durch Bakterien, Rauchen, Verdauungsprobleme oder bestimmte Lebensmittel verursacht wird \u2013 Dentolan [&hellip;]<\/p>\n","protected":false},"featured_media":0,"comment_status":"open","ping_status":"closed","template":"","meta":{"_seopress_robots_primary_cat":"","_seopress_titles_title":"","_seopress_titles_desc":"","_seopress_robots_index":"","googlesitekit_rrm_CAowz76iDA:productID":""},"product_brand":[],"product_cat":[21],"product_tag":[],"class_list":{"0":"post-15240","1":"product","2":"type-product","3":"status-publish","5":"product_cat-listeo-booking","7":"first","8":"instock","9":"virtual","10":"sold-individually","11":"taxable","12":"purchasable","13":"product-type-listing_booking"},"_links":{"self":[{"href":"https:\/\/linkmarkt.eu\/en\/wp-json\/wp\/v2\/product\/15240","targetHints":{"allow":["GET"]}}],"collection":[{"href":"https:\/\/linkmarkt.eu\/en\/wp-json\/wp\/v2\/product"}],"about":[{"href":"https:\/\/linkmarkt.eu\/en\/wp-json\/wp\/v2\/types\/product"}],"replies":[{"embeddable":true,"href":"https:\/\/linkmarkt.eu\/en\/wp-json\/wp\/v2\/comments?post=15240"}],"version-history":[{"count":1,"href":"https:\/\/linkmarkt.eu\/en\/wp-json\/wp\/v2\/product\/15240\/revisions"}],"predecessor-version":[{"id":15264,"href":"https:\/\/linkmarkt.eu\/en\/wp-json\/wp\/v2\/product\/15240\/revisions\/15264"}],"wp:attachment":[{"href":"https:\/\/linkmarkt.eu\/en\/wp-json\/wp\/v2\/media?parent=15240"}],"wp:term":[{"taxonomy":"product_brand","embeddable":true,"href":"https:\/\/linkmarkt.eu\/en\/wp-json\/wp\/v2\/product_brand?post=15240"},{"taxonomy":"product_cat","embeddable":true,"href":"https:\/\/linkmarkt.eu\/en\/wp-json\/wp\/v2\/product_cat?post=15240"},{"taxonomy":"product_tag","embeddable":true,"href":"https:\/\/linkmarkt.eu\/en\/wp-json\/wp\/v2\/product_tag?post=15240"}],"curies":[{"name":"wp","href":"https:\/\/api.w.org\/{rel}","templated":true}]}}