{"id":15246,"date":"2025-10-16T10:48:50","date_gmt":"2025-10-16T08:48:50","guid":{"rendered":"https:\/\/linkmarkt.eu\/product\/dentolan-fuer-ein-frisches-mundgefuehl-und-gesunden-magen\/"},"modified":"2025-12-24T22:40:54","modified_gmt":"2025-12-24T21:40:54","slug":"dentolan-fuer-ein-frisches-mundgefuehl-und-gesunden-magen","status":"publish","type":"product","link":"https:\/\/linkmarkt.eu\/en\/product\/dentolan-fuer-ein-frisches-mundgefuehl-und-gesunden-magen\/","title":{"rendered":"Dentolan \u2013 F\u00fcr ein frisches Mundgef\u00fchl und gesunden Magen"},"content":{"rendered":"<p>Unangenehmer Atem kann viele Ursachen haben \u2013 vom Magen \u00fcber die Ern\u00e4hrung bis hin zu Bakterien im Mundraum. Dentolan bietet eine ganzheitliche L\u00f6sung, die von innen wirkt.<\/p>\n<p>Die einzigartige Kombination aus pflanzlichen Inhaltsstoffen unterst\u00fctzt eine gesunde Verdauung, beruhigt den Hals und die Stimmb\u00e4nder und sorgt gleichzeitig f\u00fcr langanhaltend frischen Atem.<\/p>\n<p>Egal, ob Sie Kaffee trinken, rauchen oder unter Verdauungsproblemen leiden \u2013<a href=\"https:\/\/nplink.net\/dlpf29cl\"> Dentolan hilft, das nat\u00fcrliche Gleichgewicht wiederherzustellen.<\/a><\/p>\n<p>\u2728 Ihre Vorteile:<\/p>\n<p>Wirkt von innen gegen Mundgeruch<br \/>\nUnterst\u00fctzt Magen- und Darmgesundheit<br \/>\nBeruhigt Hals und Rachen<br \/>\n<a href=\"https:\/\/nplink.net\/dlpf29cl\">100 % nat\u00fcrlich, vegan und sicher<\/a><br \/>\nMade in EU<\/p>\n<p>\ud83d\udc9a Dentolan \u2013 die nat\u00fcrliche Unterst\u00fctzung f\u00fcr frischen Atem und ein gutes Bauchgef\u00fchl.<\/p>\n","protected":false},"excerpt":{"rendered":"<p>Unangenehmer Atem kann viele Ursachen haben \u2013 vom Magen \u00fcber die Ern\u00e4hrung bis hin zu Bakterien im Mundraum. Dentolan bietet eine ganzheitliche L\u00f6sung, die von innen wirkt. Die einzigartige Kombination aus pflanzlichen Inhaltsstoffen unterst\u00fctzt eine gesunde Verdauung, beruhigt den Hals und die Stimmb\u00e4nder und sorgt gleichzeitig f\u00fcr langanhaltend frischen Atem. Egal, ob Sie Kaffee trinken, [&hellip;]<\/p>\n","protected":false},"featured_media":0,"comment_status":"open","ping_status":"closed","template":"","meta":{"_seopress_robots_primary_cat":"","_seopress_titles_title":"","_seopress_titles_desc":"","_seopress_robots_index":"","googlesitekit_rrm_CAowz76iDA:productID":""},"product_brand":[],"product_cat":[21],"product_tag":[],"class_list":{"0":"post-15246","1":"product","2":"type-product","3":"status-publish","5":"product_cat-listeo-booking","7":"first","8":"instock","9":"virtual","10":"sold-individually","11":"taxable","12":"purchasable","13":"product-type-listing_booking"},"_links":{"self":[{"href":"https:\/\/linkmarkt.eu\/en\/wp-json\/wp\/v2\/product\/15246","targetHints":{"allow":["GET"]}}],"collection":[{"href":"https:\/\/linkmarkt.eu\/en\/wp-json\/wp\/v2\/product"}],"about":[{"href":"https:\/\/linkmarkt.eu\/en\/wp-json\/wp\/v2\/types\/product"}],"replies":[{"embeddable":true,"href":"https:\/\/linkmarkt.eu\/en\/wp-json\/wp\/v2\/comments?post=15246"}],"version-history":[{"count":1,"href":"https:\/\/linkmarkt.eu\/en\/wp-json\/wp\/v2\/product\/15246\/revisions"}],"predecessor-version":[{"id":15263,"href":"https:\/\/linkmarkt.eu\/en\/wp-json\/wp\/v2\/product\/15246\/revisions\/15263"}],"wp:attachment":[{"href":"https:\/\/linkmarkt.eu\/en\/wp-json\/wp\/v2\/media?parent=15246"}],"wp:term":[{"taxonomy":"product_brand","embeddable":true,"href":"https:\/\/linkmarkt.eu\/en\/wp-json\/wp\/v2\/product_brand?post=15246"},{"taxonomy":"product_cat","embeddable":true,"href":"https:\/\/linkmarkt.eu\/en\/wp-json\/wp\/v2\/product_cat?post=15246"},{"taxonomy":"product_tag","embeddable":true,"href":"https:\/\/linkmarkt.eu\/en\/wp-json\/wp\/v2\/product_tag?post=15246"}],"curies":[{"name":"wp","href":"https:\/\/api.w.org\/{rel}","templated":true}]}}