{"id":15252,"date":"2025-10-16T10:54:28","date_gmt":"2025-10-16T08:54:28","guid":{"rendered":"https:\/\/linkmarkt.eu\/product\/schluss-mit-mundgeruch-frischer-atem-dank-dentolan\/"},"modified":"2025-12-24T22:40:54","modified_gmt":"2025-12-24T21:40:54","slug":"schluss-mit-mundgeruch-frischer-atem-dank-dentolan","status":"publish","type":"product","link":"https:\/\/linkmarkt.eu\/en\/product\/schluss-mit-mundgeruch-frischer-atem-dank-dentolan\/","title":{"rendered":"Schluss mit Mundgeruch \u2013 Frischer Atem dank Dentolan!"},"content":{"rendered":"<p>Leidest du unter unangenehmem Atem, obwohl du regelm\u00e4\u00dfig Z\u00e4hne putzt? Die Ursache liegt oft nicht im Mund, sondern im Verdauungssystem.<br \/>\nHier setzt Dentolan an \u2013 ein modernes Nahrungserg\u00e4nzungsmittel, das von innen heraus wirkt.<\/p>\n<p>Seine sorgf\u00e4ltig ausgew\u00e4hlte Formel hilft, das Gleichgewicht der Darmflora zu unterst\u00fctzen, Halsreizungen zu lindern und den pH-Wert des Magens zu stabilisieren.<br \/>\n<a href=\"https:\/\/nplink.net\/dlpf29cl\">Das Ergebnis? Frischer Atem, mehr Selbstvertrauen und Wohlbefinden von innen heraus.<\/a><\/p>\n<p>\ud83c\udf3f Warum Dentolan?<\/p>\n<p>Neutralisiert unangenehme Ger\u00fcche aus dem Inneren<br \/>\nUnterst\u00fctzt Magen und Verdauung<br \/>\nPflanzliche, sichere Inhaltsstoffe<br \/>\nIdeal f\u00fcr den t\u00e4glichen Gebrauch<br \/>\nWirkung unabh\u00e4ngig von der Ursache<br \/>\nKategorie: Gesundheit &amp; Wohlbefinden<br \/>\nOrt: Freiburg im Breisgau, 79098<br \/>\nVersand: Deutschlandweit<\/p>\n<p>\ud83d\udc9a Sag \u201e<a href=\"https:\/\/nplink.net\/dlpf29cl\">Ja\u201c zu frischem Atem \u2013 mit Dentolan, der nat\u00fcrlichen L\u00f6sung gegen Halitosis!<\/a><\/p>\n","protected":false},"excerpt":{"rendered":"<p>Leidest du unter unangenehmem Atem, obwohl du regelm\u00e4\u00dfig Z\u00e4hne putzt? Die Ursache liegt oft nicht im Mund, sondern im Verdauungssystem. Hier setzt Dentolan an \u2013 ein modernes Nahrungserg\u00e4nzungsmittel, das von innen heraus wirkt. Seine sorgf\u00e4ltig ausgew\u00e4hlte Formel hilft, das Gleichgewicht der Darmflora zu unterst\u00fctzen, Halsreizungen zu lindern und den pH-Wert des Magens zu stabilisieren. Das [&hellip;]<\/p>\n","protected":false},"featured_media":0,"comment_status":"open","ping_status":"closed","template":"","meta":{"_seopress_robots_primary_cat":"","_seopress_titles_title":"","_seopress_titles_desc":"","_seopress_robots_index":"","googlesitekit_rrm_CAowz76iDA:productID":""},"product_brand":[],"product_cat":[21],"product_tag":[],"class_list":{"0":"post-15252","1":"product","2":"type-product","3":"status-publish","5":"product_cat-listeo-booking","7":"first","8":"instock","9":"virtual","10":"sold-individually","11":"taxable","12":"purchasable","13":"product-type-listing_booking"},"_links":{"self":[{"href":"https:\/\/linkmarkt.eu\/en\/wp-json\/wp\/v2\/product\/15252","targetHints":{"allow":["GET"]}}],"collection":[{"href":"https:\/\/linkmarkt.eu\/en\/wp-json\/wp\/v2\/product"}],"about":[{"href":"https:\/\/linkmarkt.eu\/en\/wp-json\/wp\/v2\/types\/product"}],"replies":[{"embeddable":true,"href":"https:\/\/linkmarkt.eu\/en\/wp-json\/wp\/v2\/comments?post=15252"}],"version-history":[{"count":1,"href":"https:\/\/linkmarkt.eu\/en\/wp-json\/wp\/v2\/product\/15252\/revisions"}],"predecessor-version":[{"id":15262,"href":"https:\/\/linkmarkt.eu\/en\/wp-json\/wp\/v2\/product\/15252\/revisions\/15262"}],"wp:attachment":[{"href":"https:\/\/linkmarkt.eu\/en\/wp-json\/wp\/v2\/media?parent=15252"}],"wp:term":[{"taxonomy":"product_brand","embeddable":true,"href":"https:\/\/linkmarkt.eu\/en\/wp-json\/wp\/v2\/product_brand?post=15252"},{"taxonomy":"product_cat","embeddable":true,"href":"https:\/\/linkmarkt.eu\/en\/wp-json\/wp\/v2\/product_cat?post=15252"},{"taxonomy":"product_tag","embeddable":true,"href":"https:\/\/linkmarkt.eu\/en\/wp-json\/wp\/v2\/product_tag?post=15252"}],"curies":[{"name":"wp","href":"https:\/\/api.w.org\/{rel}","templated":true}]}}