{"id":15258,"date":"2025-10-16T10:59:14","date_gmt":"2025-10-16T08:59:14","guid":{"rendered":"https:\/\/linkmarkt.eu\/product\/dentolan-wissenschaftlich-entwickelte-formel-fuer-frischen-atem-und-gesunde-verdauung\/"},"modified":"2025-12-24T22:40:54","modified_gmt":"2025-12-24T21:40:54","slug":"dentolan-wissenschaftlich-entwickelte-formel-fuer-frischen-atem-und-gesunde-verdauung","status":"publish","type":"product","link":"https:\/\/linkmarkt.eu\/en\/product\/dentolan-wissenschaftlich-entwickelte-formel-fuer-frischen-atem-und-gesunde-verdauung\/","title":{"rendered":"Dentolan \u2013 Wissenschaftlich entwickelte Formel f\u00fcr frischen Atem und gesunde Verdauung"},"content":{"rendered":"<p>Dentolan ist ein speziell entwickeltes Nahrungserg\u00e4nzungsmittel, das auf wissenschaftlicher Basis zur Pflege von Mund, Hals und Verdauungssystem beitr\u00e4gt.<br \/>\nDie Kombination aus nat\u00fcrlichen Pflanzenextrakten, Enzymen und Mineralstoffen unterst\u00fctzt die Verdauungsprozesse und tr\u00e4gt dazu bei, ein ausgeglichenes Magenmilieu zu erhalten.<\/p>\n<p>Dadurch kann die Entstehung unangenehmer Ger\u00fcche effektiv reduziert werden \u2013 unabh\u00e4ngig davon, ob sie durch Bakterien, bestimmte Nahrungsmittel oder Verdauungsst\u00f6rungen verursacht werden.<\/p>\n<p>\ud83e\uddec Gesundheitliche Vorteile:<\/p>\n<p><a href=\"https:\/\/nplink.net\/dlpf29cl\">Unterst\u00fctzt eine normale Magen- und Darmfunktion<\/a><br \/>\nHilft, das nat\u00fcrliche pH-Gleichgewicht zu erhalten<br \/>\nBeruhigt Hals und Stimmb\u00e4nder<br \/>\nF\u00f6rdert die Mundhygiene von innen<br \/>\nKlinisch getestete Zusammensetzung<br \/>\nKategorie: Gesundheit &amp; Medizin<br \/>\nOrt: Erfurt, 99084<br \/>\nVersand: Deutschlandweit<\/p>\n<p>\ud83d\udc9a <a href=\"https:\/\/nplink.net\/dlpf29cl\">Dentolan \u2013 die professionelle Unterst\u00fctzung f\u00fcr frischen Atem und ein gesundes Verdauungssystem.<\/a><\/p>\n","protected":false},"excerpt":{"rendered":"<p>Dentolan ist ein speziell entwickeltes Nahrungserg\u00e4nzungsmittel, das auf wissenschaftlicher Basis zur Pflege von Mund, Hals und Verdauungssystem beitr\u00e4gt. Die Kombination aus nat\u00fcrlichen Pflanzenextrakten, Enzymen und Mineralstoffen unterst\u00fctzt die Verdauungsprozesse und tr\u00e4gt dazu bei, ein ausgeglichenes Magenmilieu zu erhalten. Dadurch kann die Entstehung unangenehmer Ger\u00fcche effektiv reduziert werden \u2013 unabh\u00e4ngig davon, ob sie durch Bakterien, bestimmte [&hellip;]<\/p>\n","protected":false},"featured_media":0,"comment_status":"open","ping_status":"closed","template":"","meta":{"_seopress_robots_primary_cat":"","_seopress_titles_title":"","_seopress_titles_desc":"","_seopress_robots_index":"","googlesitekit_rrm_CAowz76iDA:productID":""},"product_brand":[],"product_cat":[21],"product_tag":[],"class_list":{"0":"post-15258","1":"product","2":"type-product","3":"status-publish","5":"product_cat-listeo-booking","7":"first","8":"instock","9":"virtual","10":"sold-individually","11":"taxable","12":"purchasable","13":"product-type-listing_booking"},"_links":{"self":[{"href":"https:\/\/linkmarkt.eu\/en\/wp-json\/wp\/v2\/product\/15258","targetHints":{"allow":["GET"]}}],"collection":[{"href":"https:\/\/linkmarkt.eu\/en\/wp-json\/wp\/v2\/product"}],"about":[{"href":"https:\/\/linkmarkt.eu\/en\/wp-json\/wp\/v2\/types\/product"}],"replies":[{"embeddable":true,"href":"https:\/\/linkmarkt.eu\/en\/wp-json\/wp\/v2\/comments?post=15258"}],"version-history":[{"count":1,"href":"https:\/\/linkmarkt.eu\/en\/wp-json\/wp\/v2\/product\/15258\/revisions"}],"predecessor-version":[{"id":15261,"href":"https:\/\/linkmarkt.eu\/en\/wp-json\/wp\/v2\/product\/15258\/revisions\/15261"}],"wp:attachment":[{"href":"https:\/\/linkmarkt.eu\/en\/wp-json\/wp\/v2\/media?parent=15258"}],"wp:term":[{"taxonomy":"product_brand","embeddable":true,"href":"https:\/\/linkmarkt.eu\/en\/wp-json\/wp\/v2\/product_brand?post=15258"},{"taxonomy":"product_cat","embeddable":true,"href":"https:\/\/linkmarkt.eu\/en\/wp-json\/wp\/v2\/product_cat?post=15258"},{"taxonomy":"product_tag","embeddable":true,"href":"https:\/\/linkmarkt.eu\/en\/wp-json\/wp\/v2\/product_tag?post=15258"}],"curies":[{"name":"wp","href":"https:\/\/api.w.org\/{rel}","templated":true}]}}