{"id":15431,"date":"2025-10-19T11:43:55","date_gmt":"2025-10-19T09:43:55","guid":{"rendered":"https:\/\/linkmarkt.eu\/?post_type=product&#038;p=15431"},"modified":"2025-12-24T22:40:54","modified_gmt":"2025-12-24T21:40:54","slug":"niedlicher-baby-overall-mit-kapuze-winter-warmer-cartoon-strampler-fuer-jungen-maedchen-0-18-monate","status":"publish","type":"product","link":"https:\/\/linkmarkt.eu\/en\/product\/niedlicher-baby-overall-mit-kapuze-winter-warmer-cartoon-strampler-fuer-jungen-maedchen-0-18-monate\/","title":{"rendered":"Niedlicher Baby Overall mit Kapuze \u2013 Winter Warmer Cartoon Strampler f\u00fcr Jungen &#038; M\u00e4dchen (0\u201318 Monate)"},"content":{"rendered":"<p data-start=\"287\" data-end=\"769\">Der <strong data-start=\"326\" data-end=\"349\">Cartoon Baby Romper<\/strong> ist der perfekte Begleiter f\u00fcr kalte Wintertage. Hergestellt aus weicher <strong data-start=\"423\" data-end=\"451\">Baumwolle und Polarvlies<\/strong>, h\u00e4lt er dein Baby warm, bequem und gesch\u00fctzt. Der lange Rei\u00dfverschluss erleichtert das An- und Ausziehen, und das niedliche Kapuzendesign sorgt f\u00fcr zus\u00e4tzlichen Komfort. Ideal f\u00fcr <strong data-start=\"633\" data-end=\"672\">Neugeborene und Babys bis 18 Monate<\/strong>.<br data-start=\"673\" data-end=\"676\" \/>Perfekt f\u00fcr Spazierg\u00e4nge, Zuhause oder als liebevolles Geschenk f\u00fcr frischgebackene Eltern.<\/p>\n<p data-start=\"771\" data-end=\"795\"><strong data-start=\"771\" data-end=\"793\">\ud83c\udf21\ufe0f Eigenschaften:<\/strong><\/p>\n<ul data-start=\"796\" data-end=\"1030\">\n<li data-start=\"796\" data-end=\"843\">\n<p data-start=\"798\" data-end=\"843\">Weich &amp; atmungsaktiv: Baumwolle + Polyester<\/p>\n<\/li>\n<li data-start=\"844\" data-end=\"880\">\n<p data-start=\"846\" data-end=\"880\">Warm gef\u00fcttert mit Arctic Velvet<\/p>\n<\/li>\n<li data-start=\"881\" data-end=\"909\">\n<p data-start=\"883\" data-end=\"909\">Einfacher Rei\u00dfverschluss<\/p>\n<\/li>\n<li data-start=\"910\" data-end=\"952\">\n<p data-start=\"912\" data-end=\"952\">F\u00fcr Jungen &amp; M\u00e4dchen geeignet (Unisex)<\/p>\n<\/li>\n<li data-start=\"953\" data-end=\"996\">\n<p data-start=\"955\" data-end=\"996\">Gr\u00f6\u00dfen: 0\u20133M, 3\u20136M, 6\u20139M, 9\u201312M, 12\u201318M<\/p>\n<\/li>\n<li data-start=\"997\" data-end=\"1030\">\n<p data-start=\"999\" data-end=\"1030\">Pflegeleicht &amp; hautfreundlich<\/p>\n<\/li>\n<\/ul>\n<hr data-start=\"1032\" data-end=\"1035\" \/>\n<div class=\"detailmodule_html\">\n<div class=\"detail-desc-decorate-richtext\">\n<div style=\", roboto, arial, helvetica, sans-serif, simsun;font-size: 14px; font-weight: 400; letter-spacing: normal; text-align: start; margin: 0px; padding: 0px;\" align=\"start\">\n<div style=\"margin: 0px; padding: 0px;\">\n<div style=\"margin: 0px; padding: 0px;\">\n<table class=\"Table\" style=\"border-collapse: collapse; border: 1pt solid windowtext;\" width=\"744\">\n<tbody>\n<tr>\n<td style=\"border: 1pt solid windowtext; width: 93pt;\" width=\"124\">\n<p style=\"text-align: center; padding: 0cm 5.4pt 0cm 5em;\" align=\"center\"><span style=\"font-size: 12pt;\">Size<\/span><\/p>\n<\/td>\n<td style=\"width: 93.05pt;\" width=\"124\">\n<p style=\"text-align: center; padding: 0cm 5.4pt 0cm 5em;\" align=\"center\"><span style=\"font-size: 12pt;\">Body Length<\/span><\/p>\n<\/td>\n<td style=\"width: 93.05pt;\" width=\"124\">\n<p style=\"text-align: center; padding: 0cm 5.4pt 0cm 5em;\" align=\"center\"><span style=\"font-size: 12pt;\">Chest Width<\/span><\/p>\n<\/td>\n<td style=\"width: 93.05pt;\" width=\"124\">\n<p style=\"text-align: center; padding: 0cm 5.4pt 0cm 5em;\" align=\"center\"><span style=\"font-size: 12pt;\">Height Range<\/span><\/p>\n<\/td>\n<td style=\"width: 93.05pt;\" width=\"124\">\n<p style=\"text-align: center; padding: 0cm 5.4pt 0cm 5em;\" align=\"center\"><span style=\"font-size: 12pt;\">Weight Range<\/span><\/p>\n<\/td>\n<td style=\"width: 93.05pt;\" width=\"124\">\n<p style=\"text-align: center; padding: 0cm 5.4pt 0cm 5em;\" align=\"center\"><span style=\"font-size: 12pt;\">Age<\/span><\/p>\n<\/td>\n<\/tr>\n<tr>\n<td style=\"width: 93pt;\" width=\"124\">\n<p style=\"text-align: center; padding: 0cm 5.4pt 0cm 5em;\" align=\"center\"><span style=\"font-size: 12pt;\">0-3M<\/span><\/p>\n<\/td>\n<td style=\"width: 93.05pt;\" width=\"124\">\n<p style=\"text-align: center; padding: 0cm 5.4pt 0cm 5em;\" align=\"center\"><span style=\"font-size: 12pt;\">48<\/span><\/p>\n<\/td>\n<td style=\"width: 93.05pt;\" width=\"124\">\n<p style=\"text-align: center; padding: 0cm 5.4pt 0cm 5em;\" align=\"center\"><span style=\"font-size: 12pt;\">27<\/span><\/p>\n<\/td>\n<td style=\"width: 93.05pt;\" width=\"124\">\n<p style=\"text-align: center; padding: 0cm 5.4pt 0cm 5em;\" align=\"center\"><span style=\"font-size: 12pt;\">52-59<\/span><\/p>\n<\/td>\n<td style=\"width: 93.05pt;\" width=\"124\">\n<p style=\"text-align: center; padding: 0cm 5.4pt 0cm 5em;\" align=\"center\"><span style=\"font-size: 12pt;\">3-5Kg<\/span><\/p>\n<\/td>\n<td style=\"width: 93.05pt;\" width=\"124\">\n<p style=\"text-align: center; padding: 0cm 5.4pt 0cm 5em;\" align=\"center\"><span style=\"font-size: 12pt;\">0-3Months<\/span><\/p>\n<\/td>\n<\/tr>\n<tr>\n<td style=\"width: 93pt;\" width=\"124\">\n<p style=\"text-align: center; padding: 0cm 5.4pt 0cm 5em;\" align=\"center\"><span style=\"font-size: 12pt;\">3-6M<\/span><\/p>\n<\/td>\n<td style=\"width: 93.05pt;\" width=\"124\">\n<p style=\"text-align: center; padding: 0cm 5.4pt 0cm 5em;\" align=\"center\"><span style=\"font-size: 12pt;\">53<\/span><\/p>\n<\/td>\n<td style=\"width: 93.05pt;\" width=\"124\">\n<p style=\"text-align: center; padding: 0cm 5.4pt 0cm 5em;\" align=\"center\"><span style=\"font-size: 12pt;\">28<\/span><\/p>\n<\/td>\n<td style=\"width: 93.05pt;\" width=\"124\">\n<p style=\"text-align: center; padding: 0cm 5.4pt 0cm 5em;\" align=\"center\"><span style=\"font-size: 12pt;\">59-66<\/span><\/p>\n<\/td>\n<td style=\"width: 93.05pt;\" width=\"124\">\n<p style=\"text-align: center; padding: 0cm 5.4pt 0cm 5em;\" align=\"center\"><span style=\"font-size: 12pt;\">5-7Kg<\/span><\/p>\n<\/td>\n<td style=\"width: 93.05pt;\" width=\"124\">\n<p style=\"text-align: center; padding: 0cm 5.4pt 0cm 5em;\" align=\"center\"><span style=\"font-size: 12pt;\">3-6Months<\/span><\/p>\n<\/td>\n<\/tr>\n<tr>\n<td style=\"width: 93pt;\" width=\"124\">\n<p style=\"text-align: center; padding: 0cm 5.4pt 0cm 5em;\" align=\"center\"><span style=\"font-size: 12pt;\">6-9M<\/span><\/p>\n<\/td>\n<td style=\"width: 93.05pt;\" width=\"124\">\n<p style=\"text-align: center; padding: 0cm 5.4pt 0cm 5em;\" align=\"center\"><span style=\"font-size: 12pt;\">58<\/span><\/p>\n<\/td>\n<td style=\"width: 93.05pt;\" width=\"124\">\n<p style=\"text-align: center; padding: 0cm 5.4pt 0cm 5em;\" align=\"center\"><span style=\"font-size: 12pt;\">29<\/span><\/p>\n<\/td>\n<td style=\"width: 93.05pt;\" width=\"124\">\n<p style=\"text-align: center; padding: 0cm 5.4pt 0cm 5em;\" align=\"center\"><span style=\"font-size: 12pt;\">66-73<\/span><\/p>\n<\/td>\n<td style=\"width: 93.05pt;\" width=\"124\">\n<p style=\"text-align: center; padding: 0cm 5.4pt 0cm 5em;\" align=\"center\"><span style=\"font-size: 12pt;\">7-9Kg<\/span><\/p>\n<\/td>\n<td style=\"width: 93.05pt;\" width=\"124\">\n<p style=\"text-align: center; padding: 0cm 5.4pt 0cm 5em;\" align=\"center\"><span style=\"font-size: 12pt;\">6-9Months<\/span><\/p>\n<\/td>\n<\/tr>\n<tr>\n<td style=\"width: 93pt;\" width=\"124\">\n<p style=\"text-align: center; padding: 0cm 5.4pt 0cm 5em;\" align=\"center\"><span style=\"font-size: 12pt;\">9-12M<\/span><\/p>\n<\/td>\n<td style=\"width: 93.05pt;\" width=\"124\">\n<p style=\"text-align: center; padding: 0cm 5.4pt 0cm 5em;\" align=\"center\"><span style=\"font-size: 12pt;\">63<\/span><\/p>\n<\/td>\n<td style=\"width: 93.05pt;\" width=\"124\">\n<p style=\"text-align: center; padding: 0cm 5.4pt 0cm 5em;\" align=\"center\"><span style=\"font-size: 12pt;\">30<\/span><\/p>\n<\/td>\n<td style=\"width: 93.05pt;\" width=\"124\">\n<p style=\"text-align: center; padding: 0cm 5.4pt 0cm 5em;\" align=\"center\"><span style=\"font-size: 12pt;\">73-80<\/span><\/p>\n<\/td>\n<td style=\"width: 93.05pt;\" width=\"124\">\n<p style=\"text-align: center; padding: 0cm 5.4pt 0cm 5em;\" align=\"center\"><span style=\"font-size: 12pt;\">9-11Kg<\/span><\/p>\n<\/td>\n<td style=\"width: 93.05pt;\" width=\"124\">\n<p style=\"text-align: center; padding: 0cm 5.4pt 0cm 5em;\" align=\"center\"><span style=\"font-size: 12pt;\">9-12Months<\/span><\/p>\n<\/td>\n<\/tr>\n<tr>\n<td style=\"width: 93pt;\" width=\"124\">\n<p style=\"text-align: center; padding: 0cm 5.4pt 0cm 5em;\" align=\"center\"><span style=\"font-size: 12pt;\">12-18M<\/span><\/p>\n<\/td>\n<td style=\"width: 93.05pt;\" width=\"124\">\n<p style=\"text-align: center; padding: 0cm 5.4pt 0cm 5em;\" align=\"center\"><span style=\"font-size: 12pt;\">68<\/span><\/p>\n<\/td>\n<td style=\"width: 93.05pt;\" width=\"124\">\n<p style=\"text-align: center; padding: 0cm 5.4pt 0cm 5em;\" align=\"center\"><span style=\"font-size: 12pt;\">31<\/span><\/p>\n<\/td>\n<td style=\"width: 93.05pt;\" width=\"124\">\n<p style=\"text-align: center; padding: 0cm 5.4pt 0cm 5em;\" align=\"center\"><span style=\"font-size: 12pt;\">80-85<\/span><\/p>\n<\/td>\n<td style=\"width: 93.05pt;\" width=\"124\">\n<p style=\"text-align: center; padding: 0cm 5.4pt 0cm 5em;\" align=\"center\"><span style=\"font-size: 12pt;\">11-12Kg<\/span><\/p>\n<\/td>\n<td style=\"width: 93.05pt;\" width=\"124\">\n<p style=\"text-align: center; padding: 0cm 5.4pt 0cm 5em;\" align=\"center\"><span style=\"font-size: 12pt;\">12-18Months<\/span><\/p>\n<\/td>\n<\/tr>\n<\/tbody>\n<\/table>\n<\/div>\n<\/div>\n<\/div>\n<p style=\"text-align: left; margin: 0px;\" align=\"left\"><img decoding=\"async\" style=\"width: 750px;\" src=\"https:\/\/ae01.alicdn.com\/kf\/H5ca26e7f7d294eda86bf9efb9eb23ffbf.jpg?width=750&amp;height=400&amp;hash=1150\" width=\"750px\" \/><img decoding=\"async\" src=\"https:\/\/ae01.alicdn.com\/kf\/S1694a7a10740456eb8b4fa908ba886fas.jpg?width=750&amp;height=750&amp;hash=1500\" \/><img decoding=\"async\" src=\"https:\/\/ae01.alicdn.com\/kf\/Sf2ac1ad452d34c45b933ebb52bef3b5cf.jpg?width=750&amp;height=750&amp;hash=1500\" \/><img decoding=\"async\" src=\"https:\/\/ae01.alicdn.com\/kf\/S710e1f640fff4c99a363b4da3691fc148.jpg?width=750&amp;height=750&amp;hash=1500\" \/><img decoding=\"async\" src=\"https:\/\/ae01.alicdn.com\/kf\/Sf8c7844a3fcf40f3bb88813ace9989d8r.jpg?width=750&amp;height=750&amp;hash=1500\" \/><img decoding=\"async\" src=\"https:\/\/ae01.alicdn.com\/kf\/S4959510e29d34222ba9e42b1da6d110cX.jpg?width=750&amp;height=750&amp;hash=1500\" \/><img decoding=\"async\" src=\"https:\/\/ae01.alicdn.com\/kf\/S4000f9a89f6642a4a0d3c3b941dd4332p.jpg?width=750&amp;height=750&amp;hash=1500\" \/><img decoding=\"async\" src=\"https:\/\/ae01.alicdn.com\/kf\/S7bbb3ddd022648eba7a1982fc81312dbV.jpg?width=750&amp;height=750&amp;hash=1500\" \/><img decoding=\"async\" src=\"https:\/\/ae01.alicdn.com\/kf\/Sc078b91d508141c4a53e4f35273b17b1Y.jpg?width=750&amp;height=750&amp;hash=1500\" \/><img decoding=\"async\" src=\"https:\/\/ae01.alicdn.com\/kf\/S1ac24686842249f18d87f2cc9894d7ccj.jpg?width=750&amp;height=750&amp;hash=1500\" \/><img decoding=\"async\" src=\"https:\/\/ae01.alicdn.com\/kf\/S8c9379d18c2c42429ab9284f8b6651ddG.jpg?width=750&amp;height=750&amp;hash=1500\" \/><img decoding=\"async\" src=\"https:\/\/ae01.alicdn.com\/kf\/Saa09e757c91c4b7f98a23bb821284e5bv.jpg?width=750&amp;height=750&amp;hash=1500\" \/><img decoding=\"async\" src=\"https:\/\/ae01.alicdn.com\/kf\/S6332b6263b284dafbdb0530dda6b790f2.jpg?width=750&amp;height=750&amp;hash=1500\" \/><img decoding=\"async\" src=\"https:\/\/ae01.alicdn.com\/kf\/S4bd290e59f854cdcaeda1b4737386f32k.jpg?width=750&amp;height=750&amp;hash=1500\" \/><\/p>\n<\/div>\n<\/div>\n<p>&nbsp;<\/p>\n","protected":false},"excerpt":{"rendered":"<p>Der Cartoon Baby Romper ist der perfekte Begleiter f\u00fcr kalte Wintertage. Hergestellt aus weicher Baumwolle und Polarvlies, h\u00e4lt er dein Baby warm, bequem und gesch\u00fctzt. Der lange Rei\u00dfverschluss erleichtert das An- und Ausziehen, und das niedliche Kapuzendesign sorgt f\u00fcr zus\u00e4tzlichen Komfort. Ideal f\u00fcr Neugeborene und Babys bis 18 Monate.Perfekt f\u00fcr Spazierg\u00e4nge, Zuhause oder als liebevolles [&hellip;]<\/p>\n","protected":false},"featured_media":15395,"comment_status":"open","ping_status":"closed","template":"","meta":{"_seopress_robots_primary_cat":"none","_seopress_titles_title":"Winter Baby Overall mit Kapuze \u2013 Warmer Cartoon Strampler f\u00fcr Jungen & M\u00e4dchen 0\u201318 Monate","_seopress_titles_desc":"Halte dein Baby warm mit dem s\u00fc\u00dfen Winter-Overall aus Baumwolle & Fleece. Der Cartoon-Strampler mit Kapuze ist weich, bequem und ideal f\u00fcr Babys von 0 bis 18 Monaten. Perfekt f\u00fcr kalte Tage und als Geschenk.","_seopress_robots_index":"","googlesitekit_rrm_CAowz76iDA:productID":""},"product_brand":[],"product_cat":[611,613],"product_tag":[],"class_list":{"0":"post-15431","1":"product","2":"type-product","3":"status-publish","4":"has-post-thumbnail","6":"product_cat-baby-kinder","7":"product_cat-kleidung","9":"first","10":"instock","11":"sale","12":"taxable","13":"shipping-taxable","14":"purchasable","15":"product-type-variable"},"_links":{"self":[{"href":"https:\/\/linkmarkt.eu\/en\/wp-json\/wp\/v2\/product\/15431","targetHints":{"allow":["GET"]}}],"collection":[{"href":"https:\/\/linkmarkt.eu\/en\/wp-json\/wp\/v2\/product"}],"about":[{"href":"https:\/\/linkmarkt.eu\/en\/wp-json\/wp\/v2\/types\/product"}],"replies":[{"embeddable":true,"href":"https:\/\/linkmarkt.eu\/en\/wp-json\/wp\/v2\/comments?post=15431"}],"version-history":[{"count":3,"href":"https:\/\/linkmarkt.eu\/en\/wp-json\/wp\/v2\/product\/15431\/revisions"}],"predecessor-version":[{"id":15482,"href":"https:\/\/linkmarkt.eu\/en\/wp-json\/wp\/v2\/product\/15431\/revisions\/15482"}],"wp:featuredmedia":[{"embeddable":true,"href":"https:\/\/linkmarkt.eu\/en\/wp-json\/wp\/v2\/media\/15395"}],"wp:attachment":[{"href":"https:\/\/linkmarkt.eu\/en\/wp-json\/wp\/v2\/media?parent=15431"}],"wp:term":[{"taxonomy":"product_brand","embeddable":true,"href":"https:\/\/linkmarkt.eu\/en\/wp-json\/wp\/v2\/product_brand?post=15431"},{"taxonomy":"product_cat","embeddable":true,"href":"https:\/\/linkmarkt.eu\/en\/wp-json\/wp\/v2\/product_cat?post=15431"},{"taxonomy":"product_tag","embeddable":true,"href":"https:\/\/linkmarkt.eu\/en\/wp-json\/wp\/v2\/product_tag?post=15431"}],"curies":[{"name":"wp","href":"https:\/\/api.w.org\/{rel}","templated":true}]}}