{"id":16053,"date":"2025-11-11T08:23:28","date_gmt":"2025-11-11T07:23:28","guid":{"rendered":"https:\/\/linkmarkt.eu\/product\/szukam-fachowcow-z-wlasna-dzialalnoscia-do-remontow-mieszkan-berlin-i-okolice-poszukuje-doswiadczonych-fachowcow-z-autem-i-wlasna-dzialalnoscia-gospodarcza-do-remontow-mieszkan-w-berlinie-i-2\/"},"modified":"2025-11-11T08:23:28","modified_gmt":"2025-11-11T07:23:28","slug":"szukam-fachowcow-z-wlasna-dzialalnoscia-do-remontow-mieszkan-berlin-i-okolice-poszukuje-doswiadczonych-fachowcow-z-autem-i-wlasna-dzialalnoscia-gospodarcza-do-remontow-mieszkan-w-berlinie-i-2","status":"publish","type":"product","link":"https:\/\/linkmarkt.eu\/en\/product\/szukam-fachowcow-z-wlasna-dzialalnoscia-do-remontow-mieszkan-berlin-i-okolice-poszukuje-doswiadczonych-fachowcow-z-autem-i-wlasna-dzialalnoscia-gospodarcza-do-remontow-mieszkan-w-berlinie-i-2\/","title":{"rendered":"Szukam fachowc\u00f3w z w\u0142asn\u0105 dzia\u0142alno\u015bci\u0105 do remont\u00f3w mieszka\u0144 \u2013 Berlin i okolice Poszukuj\u0119 do\u015bwiadczonych fachowc\u00f3w z autem i w\u0142asn\u0105 dzia\u0142alno\u015bci\u0105 gospodarcz\u0105 do remont\u00f3w mieszka\u0144 w Berlinie i okolicach."},"content":{"rendered":"<p>\ud83d\udd39 Zakres prac:<\/p>\n<p>przygotowanie i malowanie \u015bcian,<br \/>\nuk\u0142adanie pod\u0142\u00f3g,<br \/>\nprace hydrauliczne,<br \/>\nprace elektryczne.<br \/>\n\ud83d\udd39 Wymagania:<\/p>\n<p>dwuosobowe zespo\u0142y (kt\u00f3re potrafi\u0105 si\u0119 dzieli\u0107 zakresem prac),<br \/>\nw\u0142asne narz\u0119dzia i transport,<br \/>\nmo\u017cliwo\u015b\u0107 wystawienia faktury (samozatrudnienie),<br \/>\nsumienno\u015b\u0107 i terminowo\u015b\u0107.<br \/>\n\ud83d\udd39 Oferuj\u0119:<\/p>\n<p>czas remontu ok. 2 tygodnie na mieszkanie,<br \/>\nmo\u017cliwo\u015b\u0107 d\u0142ugofalowej wsp\u00f3\u0142pracy przy kolejnych projektach,<br \/>\ndobre warunki finansowe \u2013 do uzgodnienia po kontakcie.<br \/>\n\ud83d\udcde Kontakt WhatsApp: +49 1521 820 8611<\/p>\n","protected":false},"excerpt":{"rendered":"<p>\ud83d\udd39 Zakres prac: przygotowanie i malowanie \u015bcian, uk\u0142adanie pod\u0142\u00f3g, prace hydrauliczne, prace elektryczne. \ud83d\udd39 Wymagania: dwuosobowe zespo\u0142y (kt\u00f3re potrafi\u0105 si\u0119 dzieli\u0107 zakresem prac), w\u0142asne narz\u0119dzia i transport, mo\u017cliwo\u015b\u0107 wystawienia faktury (samozatrudnienie), sumienno\u015b\u0107 i terminowo\u015b\u0107. \ud83d\udd39 Oferuj\u0119: czas remontu ok. 2 tygodnie na mieszkanie, mo\u017cliwo\u015b\u0107 d\u0142ugofalowej wsp\u00f3\u0142pracy przy kolejnych projektach, dobre warunki finansowe \u2013 do uzgodnienia [&hellip;]<\/p>\n","protected":false},"featured_media":0,"comment_status":"open","ping_status":"closed","template":"","meta":{"_seopress_robots_primary_cat":"","_seopress_titles_title":"","_seopress_titles_desc":"","_seopress_robots_index":"","googlesitekit_rrm_CAowz76iDA:productID":""},"product_brand":[],"product_cat":[1076],"product_tag":[],"class_list":{"0":"post-16053","1":"product","2":"type-product","3":"status-publish","5":"product_cat-listeo-booking-pl","7":"first","8":"instock","9":"downloadable","10":"virtual","11":"sold-individually","12":"taxable","13":"purchasable","14":"product-type-listing_booking"},"_links":{"self":[{"href":"https:\/\/linkmarkt.eu\/en\/wp-json\/wp\/v2\/product\/16053","targetHints":{"allow":["GET"]}}],"collection":[{"href":"https:\/\/linkmarkt.eu\/en\/wp-json\/wp\/v2\/product"}],"about":[{"href":"https:\/\/linkmarkt.eu\/en\/wp-json\/wp\/v2\/types\/product"}],"replies":[{"embeddable":true,"href":"https:\/\/linkmarkt.eu\/en\/wp-json\/wp\/v2\/comments?post=16053"}],"version-history":[{"count":0,"href":"https:\/\/linkmarkt.eu\/en\/wp-json\/wp\/v2\/product\/16053\/revisions"}],"wp:attachment":[{"href":"https:\/\/linkmarkt.eu\/en\/wp-json\/wp\/v2\/media?parent=16053"}],"wp:term":[{"taxonomy":"product_brand","embeddable":true,"href":"https:\/\/linkmarkt.eu\/en\/wp-json\/wp\/v2\/product_brand?post=16053"},{"taxonomy":"product_cat","embeddable":true,"href":"https:\/\/linkmarkt.eu\/en\/wp-json\/wp\/v2\/product_cat?post=16053"},{"taxonomy":"product_tag","embeddable":true,"href":"https:\/\/linkmarkt.eu\/en\/wp-json\/wp\/v2\/product_tag?post=16053"}],"curies":[{"name":"wp","href":"https:\/\/api.w.org\/{rel}","templated":true}]}}