{"id":16064,"date":"2025-11-13T08:33:14","date_gmt":"2025-11-13T07:33:14","guid":{"rendered":"https:\/\/linkmarkt.eu\/product\/poszukujemy-ekip-remontowych-2-osobowych-berlin-i-okolice\/"},"modified":"2025-11-13T13:26:09","modified_gmt":"2025-11-13T12:26:09","slug":"poszukujemy-ekip-remontowych-2-osobowych-berlin-i-okolice","status":"publish","type":"product","link":"https:\/\/linkmarkt.eu\/en\/product\/poszukujemy-ekip-remontowych-2-osobowych-berlin-i-okolice\/","title":{"rendered":"Poszukujemy ekip remontowych (2-osobowych) \u2013 Berlin i okolice"},"content":{"rendered":"<p>Prace przy remontach mieszka\u0144 socjalnych<\/p>\n<p>Poszukujemy do\u015bwiadczonych ekip 2-osobowych z Polski lub Ukrainy, kt\u00f3re wykonuj\u0105 remonty mieszka\u0144 i maj\u0105 w\u0142asn\u0105 dzia\u0142alno\u015b\u0107 gospodarcz\u0105.<\/p>\n<p>Zakres prac:<br \/>\nmalowanie,<br \/>\nszpachlowanie \/ g\u0142adzie,<br \/>\ntapetowanie,<br \/>\nuk\u0142adanie paneli i parkiet\u00f3w,<br \/>\ndrobne prace hydrauliczne,<br \/>\ndrobne prace elektryczne.<br \/>\nWymagania:<br \/>\n2-osobowa ekipa,<br \/>\nw\u0142asna dzia\u0142alno\u015b\u0107 gospodarcza,<br \/>\nw\u0142asne narz\u0119dzia i auto,<br \/>\nrzetelno\u015b\u0107, punktualno\u015b\u0107, dok\u0142adno\u015b\u0107.<br \/>\nOferujemy:<br \/>\nsta\u0142\u0105 wsp\u00f3\u0142prac\u0119,<br \/>\nci\u0105g\u0142o\u015b\u0107 zlece\u0144 przy remontach mieszka\u0144 socjalnych,<br \/>\nszybkie rozliczenia,<br \/>\nmo\u017cliwo\u015b\u0107 dalszej wsp\u00f3\u0142pracy przy kolejnych projektach<\/p>\n<p>Zainteresowani kontakt whatsap +4915218208611 z dopiskiem remonty Berlin do Tomasza<\/p>\n","protected":false},"excerpt":{"rendered":"<p>Prace przy remontach mieszka\u0144 socjalnych Poszukujemy do\u015bwiadczonych ekip 2-osobowych z Polski lub Ukrainy, kt\u00f3re wykonuj\u0105 remonty mieszka\u0144 i maj\u0105 w\u0142asn\u0105 dzia\u0142alno\u015b\u0107 gospodarcz\u0105. Zakres prac: malowanie, szpachlowanie \/ g\u0142adzie, tapetowanie, uk\u0142adanie paneli i parkiet\u00f3w, drobne prace hydrauliczne, drobne prace elektryczne. Wymagania: 2-osobowa ekipa, w\u0142asna dzia\u0142alno\u015b\u0107 gospodarcza, w\u0142asne narz\u0119dzia i auto, rzetelno\u015b\u0107, punktualno\u015b\u0107, dok\u0142adno\u015b\u0107. Oferujemy: sta\u0142\u0105 wsp\u00f3\u0142prac\u0119, [&hellip;]<\/p>\n","protected":false},"featured_media":0,"comment_status":"open","ping_status":"closed","template":"","meta":{"_seopress_robots_primary_cat":"","_seopress_titles_title":"","_seopress_titles_desc":"","_seopress_robots_index":"","googlesitekit_rrm_CAowz76iDA:productID":""},"product_brand":[],"product_cat":[21],"product_tag":[],"class_list":{"0":"post-16064","1":"product","2":"type-product","3":"status-publish","5":"product_cat-listeo-booking","7":"first","8":"instock","9":"downloadable","10":"virtual","11":"sold-individually","12":"taxable","13":"purchasable","14":"product-type-listing_booking"},"_links":{"self":[{"href":"https:\/\/linkmarkt.eu\/en\/wp-json\/wp\/v2\/product\/16064","targetHints":{"allow":["GET"]}}],"collection":[{"href":"https:\/\/linkmarkt.eu\/en\/wp-json\/wp\/v2\/product"}],"about":[{"href":"https:\/\/linkmarkt.eu\/en\/wp-json\/wp\/v2\/types\/product"}],"replies":[{"embeddable":true,"href":"https:\/\/linkmarkt.eu\/en\/wp-json\/wp\/v2\/comments?post=16064"}],"version-history":[{"count":3,"href":"https:\/\/linkmarkt.eu\/en\/wp-json\/wp\/v2\/product\/16064\/revisions"}],"predecessor-version":[{"id":16071,"href":"https:\/\/linkmarkt.eu\/en\/wp-json\/wp\/v2\/product\/16064\/revisions\/16071"}],"wp:attachment":[{"href":"https:\/\/linkmarkt.eu\/en\/wp-json\/wp\/v2\/media?parent=16064"}],"wp:term":[{"taxonomy":"product_brand","embeddable":true,"href":"https:\/\/linkmarkt.eu\/en\/wp-json\/wp\/v2\/product_brand?post=16064"},{"taxonomy":"product_cat","embeddable":true,"href":"https:\/\/linkmarkt.eu\/en\/wp-json\/wp\/v2\/product_cat?post=16064"},{"taxonomy":"product_tag","embeddable":true,"href":"https:\/\/linkmarkt.eu\/en\/wp-json\/wp\/v2\/product_tag?post=16064"}],"curies":[{"name":"wp","href":"https:\/\/api.w.org\/{rel}","templated":true}]}}