{"id":16105,"date":"2025-11-15T16:53:59","date_gmt":"2025-11-15T15:53:59","guid":{"rendered":"https:\/\/linkmarkt.eu\/product\/pakiet-premium-na-7-dni-reklama-premium-kampania-reklamowa-google-10-euro-dziennie-2\/"},"modified":"2025-11-15T16:53:59","modified_gmt":"2025-11-15T15:53:59","slug":"pakiet-premium-na-7-dni-reklama-premium-kampania-reklamowa-google-10-euro-dziennie-2","status":"publish","type":"product","link":"https:\/\/linkmarkt.eu\/en\/product\/pakiet-premium-na-7-dni-reklama-premium-kampania-reklamowa-google-10-euro-dziennie-2\/","title":{"rendered":"Pakiet Premium na 7 dni-Reklama Premium + kampania reklamowa Google (10 euro dziennie)"},"content":{"rendered":"<p>Czy chcesz, aby Twoja us\u0142uga, produkt lub firma by\u0142a widoczna dla tysi\u0119cy os\u00f3b w ci\u0105gu zaledwie 7 dni? W takim razie nasz 7-dniowy pakiet Premium jest dok\u0142adnie tym, czego potrzebujesz!<\/p>\n<p>Otrzymasz:<\/p>\n<p>\u2714 Tworzenie i publikowanie reklam Premium na LinkMarkt.eu<br \/>\n\u2714 Wyr\u00f3\u017cnij i promuj swoj\u0105 reklam\u0119 w ci\u0105gu 7 dni<br \/>\n\u2714 Prowadzenie kampanii reklamowej w Google z bud\u017cetem 10 euro dziennie (\u0142\u0105cznie 70 Euro)<br \/>\n\u2714 Dok\u0142adne kierowanie na grup\u0119 docelow\u0105 &#8211; lokaln\u0105, regionaln\u0105 lub og\u00f3lnokrajow\u0105 w twojej niszy (np. rzemios\u0142o, kosmetyki, transport, Elektronika, Us\u0142ugi itp.)<br \/>\n\u2714 Konfigurowanie, monitorowanie i optymalizacja kampanii z naszej strony<br \/>\n\u2714 Raport ko\u0144cowy: wy\u015bwietlenia, klikni\u0119cia, CTR, regiony<br \/>\nIdealny do:<\/p>\n<p>&#8211; Firma rzemie\u015blniczo-budowlana<br \/>\n&#8211; Dostawcy wszelkiego rodzaju us\u0142ug<br \/>\n-Sklepy i artyku\u0142y internetowe<br \/>\n&#8211; Lokalne firmy<br \/>\n&#8211; Przedsi\u0119biorcy i samozatrudnieni<br \/>\n&#8211; Og\u0142oszenia prywatne i komercyjne<\/p>\n<p>Czas przetwarzania: aktywacja i publikacja w ci\u0105gu 24-48 godzin.<\/p>\n","protected":false},"excerpt":{"rendered":"<p>Czy chcesz, aby Twoja us\u0142uga, produkt lub firma by\u0142a widoczna dla tysi\u0119cy os\u00f3b w ci\u0105gu zaledwie 7 dni? W takim razie nasz 7-dniowy pakiet Premium jest dok\u0142adnie tym, czego potrzebujesz! Otrzymasz: \u2714 Tworzenie i publikowanie reklam Premium na LinkMarkt.eu \u2714 Wyr\u00f3\u017cnij i promuj swoj\u0105 reklam\u0119 w ci\u0105gu 7 dni \u2714 Prowadzenie kampanii reklamowej w Google [&hellip;]<\/p>\n","protected":false},"featured_media":0,"comment_status":"open","ping_status":"closed","template":"","meta":{"_seopress_robots_primary_cat":"","_seopress_titles_title":"","_seopress_titles_desc":"","_seopress_robots_index":"","googlesitekit_rrm_CAowz76iDA:productID":""},"product_brand":[],"product_cat":[1076],"product_tag":[],"class_list":{"0":"post-16105","1":"product","2":"type-product","3":"status-publish","5":"product_cat-listeo-booking-pl","7":"first","8":"instock","9":"downloadable","10":"virtual","11":"sold-individually","12":"taxable","13":"purchasable","14":"product-type-listing_booking"},"_links":{"self":[{"href":"https:\/\/linkmarkt.eu\/en\/wp-json\/wp\/v2\/product\/16105","targetHints":{"allow":["GET"]}}],"collection":[{"href":"https:\/\/linkmarkt.eu\/en\/wp-json\/wp\/v2\/product"}],"about":[{"href":"https:\/\/linkmarkt.eu\/en\/wp-json\/wp\/v2\/types\/product"}],"replies":[{"embeddable":true,"href":"https:\/\/linkmarkt.eu\/en\/wp-json\/wp\/v2\/comments?post=16105"}],"version-history":[{"count":0,"href":"https:\/\/linkmarkt.eu\/en\/wp-json\/wp\/v2\/product\/16105\/revisions"}],"wp:attachment":[{"href":"https:\/\/linkmarkt.eu\/en\/wp-json\/wp\/v2\/media?parent=16105"}],"wp:term":[{"taxonomy":"product_brand","embeddable":true,"href":"https:\/\/linkmarkt.eu\/en\/wp-json\/wp\/v2\/product_brand?post=16105"},{"taxonomy":"product_cat","embeddable":true,"href":"https:\/\/linkmarkt.eu\/en\/wp-json\/wp\/v2\/product_cat?post=16105"},{"taxonomy":"product_tag","embeddable":true,"href":"https:\/\/linkmarkt.eu\/en\/wp-json\/wp\/v2\/product_tag?post=16105"}],"curies":[{"name":"wp","href":"https:\/\/api.w.org\/{rel}","templated":true}]}}