{"id":16182,"date":"2025-11-27T13:04:00","date_gmt":"2025-11-27T12:04:00","guid":{"rendered":"https:\/\/linkmarkt.eu\/product\/subunternehmer-gesucht-bau-renovierung-in-berlin-6\/"},"modified":"2025-12-24T22:40:54","modified_gmt":"2025-12-24T21:40:54","slug":"subunternehmer-gesucht-bau-renovierung-in-berlin-6","status":"publish","type":"product","link":"https:\/\/linkmarkt.eu\/en\/product\/subunternehmer-gesucht-bau-renovierung-in-berlin-6\/","title":{"rendered":"Subunternehmer gesucht \u2013 Bau &#038; Renovierung in Berlin"},"content":{"rendered":"<p>Wir suchen zuverl\u00e4ssige Handwerker mit eigener Gewerbeanmeldung und Rechnungsstellungsm\u00f6glichkeit f\u00fcr laufende Bau- und Renovierungsarbeiten in Berlin.<\/p>\n<p>Gesuchte Gewerke:<\/p>\n<p>Wohnungsrenovierungen<br \/>\nSanit\u00e4r \/ Hydraulik<br \/>\nElektrik<br \/>\nMalerarbeiten<br \/>\nSpachteln<br \/>\nTapezieren<br \/>\nVoraussetzungen:<\/p>\n<p>eigene gewerbliche T\u00e4tigkeit (Gewerbe)<br \/>\nM\u00f6glichkeit zur Rechnungsstellung<br \/>\nErfahrung im jeweiligen Bereich<br \/>\nZuverl\u00e4ssigkeit und saubere Arbeit<br \/>\neigene Werkzeuge von Vorteil<br \/>\nWir bieten:<\/p>\n<p>regelm\u00e4\u00dfige Auftr\u00e4ge in Berlin<br \/>\nfaire Bezahlung nach Absprache<br \/>\nlangfristige Zusammenarbeit m\u00f6glich<br \/>\nklare Absprachen, kein Papierchaos<br \/>\nInteressiert?<br \/>\nDann melde dich kurz mit:<\/p>\n<p>deinem Gewerk<br \/>\nErfahrung<br \/>\nKontakt (Telefon oder WhatsApp)+4915218208611 Tomasz<br \/>\n\ud83d\udccd Einsatzgebiet: Berlin<\/p>\n","protected":false},"excerpt":{"rendered":"<p>Wir suchen zuverl\u00e4ssige Handwerker mit eigener Gewerbeanmeldung und Rechnungsstellungsm\u00f6glichkeit f\u00fcr laufende Bau- und Renovierungsarbeiten in Berlin. Gesuchte Gewerke: Wohnungsrenovierungen Sanit\u00e4r \/ Hydraulik Elektrik Malerarbeiten Spachteln Tapezieren Voraussetzungen: eigene gewerbliche T\u00e4tigkeit (Gewerbe) M\u00f6glichkeit zur Rechnungsstellung Erfahrung im jeweiligen Bereich Zuverl\u00e4ssigkeit und saubere Arbeit eigene Werkzeuge von Vorteil Wir bieten: regelm\u00e4\u00dfige Auftr\u00e4ge in Berlin faire Bezahlung nach [&hellip;]<\/p>\n","protected":false},"featured_media":0,"comment_status":"open","ping_status":"closed","template":"","meta":{"_seopress_robots_primary_cat":"","_seopress_titles_title":"","_seopress_titles_desc":"","_seopress_robots_index":"","googlesitekit_rrm_CAowz76iDA:productID":""},"product_brand":[],"product_cat":[21],"product_tag":[],"class_list":{"0":"post-16182","1":"product","2":"type-product","3":"status-publish","5":"product_cat-listeo-booking","7":"first","8":"instock","9":"virtual","10":"sold-individually","11":"taxable","12":"purchasable","13":"product-type-listing_booking"},"_links":{"self":[{"href":"https:\/\/linkmarkt.eu\/en\/wp-json\/wp\/v2\/product\/16182","targetHints":{"allow":["GET"]}}],"collection":[{"href":"https:\/\/linkmarkt.eu\/en\/wp-json\/wp\/v2\/product"}],"about":[{"href":"https:\/\/linkmarkt.eu\/en\/wp-json\/wp\/v2\/types\/product"}],"replies":[{"embeddable":true,"href":"https:\/\/linkmarkt.eu\/en\/wp-json\/wp\/v2\/comments?post=16182"}],"version-history":[{"count":3,"href":"https:\/\/linkmarkt.eu\/en\/wp-json\/wp\/v2\/product\/16182\/revisions"}],"predecessor-version":[{"id":16193,"href":"https:\/\/linkmarkt.eu\/en\/wp-json\/wp\/v2\/product\/16182\/revisions\/16193"}],"wp:attachment":[{"href":"https:\/\/linkmarkt.eu\/en\/wp-json\/wp\/v2\/media?parent=16182"}],"wp:term":[{"taxonomy":"product_brand","embeddable":true,"href":"https:\/\/linkmarkt.eu\/en\/wp-json\/wp\/v2\/product_brand?post=16182"},{"taxonomy":"product_cat","embeddable":true,"href":"https:\/\/linkmarkt.eu\/en\/wp-json\/wp\/v2\/product_cat?post=16182"},{"taxonomy":"product_tag","embeddable":true,"href":"https:\/\/linkmarkt.eu\/en\/wp-json\/wp\/v2\/product_tag?post=16182"}],"curies":[{"name":"wp","href":"https:\/\/api.w.org\/{rel}","templated":true}]}}