{"id":16190,"date":"2025-11-27T13:11:27","date_gmt":"2025-11-27T12:11:27","guid":{"rendered":"https:\/\/linkmarkt.eu\/product\/poszukiwany-podwykonawca-budowa-i-remont-w-berlinie\/"},"modified":"2025-11-27T13:11:27","modified_gmt":"2025-11-27T12:11:27","slug":"poszukiwany-podwykonawca-budowa-i-remont-w-berlinie","status":"publish","type":"product","link":"https:\/\/linkmarkt.eu\/en\/product\/poszukiwany-podwykonawca-budowa-i-remont-w-berlinie\/","title":{"rendered":"Poszukiwany podwykonawca-Budowa i remont w Berlinie"},"content":{"rendered":"<p>Poszukujemy niezawodnych rzemie\u015blnik\u00f3w z w\u0142asn\u0105 rejestracj\u0105 biznesow\u0105 i mo\u017cliwo\u015bci\u0105 fakturowania za bie\u017c\u0105ce prace budowlane i remontowe w Berlinie.<\/p>\n<p>Zawody, kt\u00f3rych szukasz:<\/p>\n<p>Remonty mieszka\u0144<br \/>\nHydraulika \/ Hydraulika<br \/>\nElektryk<br \/>\nPrace malarskie<br \/>\nSzpachl\u00f3wka<br \/>\ndo tapetowania<br \/>\nPrzes\u0142anka:<\/p>\n<p>w\u0142asna dzia\u0142alno\u015b\u0107 gospodarcza (handel)<br \/>\nMo\u017cliwo\u015b\u0107 fakturowania<br \/>\nDo\u015bwiadczenie w odpowiedniej dziedzinie<br \/>\nNiezawodno\u015b\u0107 i czysta praca<br \/>\nw\u0142asne narz\u0119dzia przewaga<br \/>\nOferujemy:<\/p>\n<p>regularne rezerwacje w Berlinie<br \/>\nuczciwa p\u0142atno\u015b\u0107 do uzgodnienia<br \/>\nmo\u017cliwa d\u0142ugoterminowa wsp\u00f3\u0142praca<br \/>\nwyra\u017ana zmowa, a nie papierowy Chaos<br \/>\nZainteresowany?<br \/>\nNast\u0119pnie skontaktuj si\u0119 z nami na kr\u00f3tki czas:<\/p>\n<p>tw\u00f3j zwi\u0105zek zawodowy<br \/>\nDo\u015bwiadczenie<br \/>\nKontakt (telefon lub WhatsApp)+4915218208611 Tomasz<br \/>\n\ud83d\udccd Obszar zastosowania: Berlin<\/p>\n","protected":false},"excerpt":{"rendered":"<p>Poszukujemy niezawodnych rzemie\u015blnik\u00f3w z w\u0142asn\u0105 rejestracj\u0105 biznesow\u0105 i mo\u017cliwo\u015bci\u0105 fakturowania za bie\u017c\u0105ce prace budowlane i remontowe w Berlinie. Zawody, kt\u00f3rych szukasz: Remonty mieszka\u0144 Hydraulika \/ Hydraulika Elektryk Prace malarskie Szpachl\u00f3wka do tapetowania Przes\u0142anka: w\u0142asna dzia\u0142alno\u015b\u0107 gospodarcza (handel) Mo\u017cliwo\u015b\u0107 fakturowania Do\u015bwiadczenie w odpowiedniej dziedzinie Niezawodno\u015b\u0107 i czysta praca w\u0142asne narz\u0119dzia przewaga Oferujemy: regularne rezerwacje w Berlinie [&hellip;]<\/p>\n","protected":false},"featured_media":0,"comment_status":"open","ping_status":"closed","template":"","meta":{"_seopress_robots_primary_cat":"","_seopress_titles_title":"","_seopress_titles_desc":"","_seopress_robots_index":"","googlesitekit_rrm_CAowz76iDA:productID":""},"product_brand":[],"product_cat":[1076],"product_tag":[],"class_list":{"0":"post-16190","1":"product","2":"type-product","3":"status-publish","5":"product_cat-listeo-booking-pl","7":"first","8":"instock","9":"downloadable","10":"virtual","11":"sold-individually","12":"taxable","13":"purchasable","14":"product-type-listing_booking"},"_links":{"self":[{"href":"https:\/\/linkmarkt.eu\/en\/wp-json\/wp\/v2\/product\/16190","targetHints":{"allow":["GET"]}}],"collection":[{"href":"https:\/\/linkmarkt.eu\/en\/wp-json\/wp\/v2\/product"}],"about":[{"href":"https:\/\/linkmarkt.eu\/en\/wp-json\/wp\/v2\/types\/product"}],"replies":[{"embeddable":true,"href":"https:\/\/linkmarkt.eu\/en\/wp-json\/wp\/v2\/comments?post=16190"}],"version-history":[{"count":0,"href":"https:\/\/linkmarkt.eu\/en\/wp-json\/wp\/v2\/product\/16190\/revisions"}],"wp:attachment":[{"href":"https:\/\/linkmarkt.eu\/en\/wp-json\/wp\/v2\/media?parent=16190"}],"wp:term":[{"taxonomy":"product_brand","embeddable":true,"href":"https:\/\/linkmarkt.eu\/en\/wp-json\/wp\/v2\/product_brand?post=16190"},{"taxonomy":"product_cat","embeddable":true,"href":"https:\/\/linkmarkt.eu\/en\/wp-json\/wp\/v2\/product_cat?post=16190"},{"taxonomy":"product_tag","embeddable":true,"href":"https:\/\/linkmarkt.eu\/en\/wp-json\/wp\/v2\/product_tag?post=16190"}],"curies":[{"name":"wp","href":"https:\/\/api.w.org\/{rel}","templated":true}]}}