{"id":16217,"date":"2025-11-30T09:41:21","date_gmt":"2025-11-30T08:41:21","guid":{"rendered":"https:\/\/linkmarkt.eu\/product\/wspolpraca-cyfrowa-elastyczne-dzialania-online\/"},"modified":"2025-11-30T09:41:21","modified_gmt":"2025-11-30T08:41:21","slug":"wspolpraca-cyfrowa-elastyczne-dzialania-online","status":"publish","type":"product","link":"https:\/\/linkmarkt.eu\/en\/product\/wspolpraca-cyfrowa-elastyczne-dzialania-online\/","title":{"rendered":"Wsp\u00f3\u0142praca cyfrowa-elastyczne dzia\u0142ania online"},"content":{"rendered":"<p>Obecnie tworz\u0119 ustrukturyzowan\u0105 wsp\u00f3\u0142prac\u0119 cyfrow\u0105 online i szukam do tego wiarygodnych os\u00f3b zainteresowanych d\u0142ugoterminow\u0105 wsp\u00f3\u0142prac\u0105.<\/p>\n<p>To nie jest klasyczna praca ani akcje kr\u00f3tkoterminowe. Aktywno\u015b\u0107 jest niezale\u017cna od lokalizacji, ma przejrzyst\u0105 struktur\u0119 i jest odpowiednia dla os\u00f3b, kt\u00f3re chc\u0105 mie\u0107 do czynienia z modelem cyfrowym.<\/p>\n<p>Wsp\u00f3\u0142praca mo\u017ce odbywa\u0107 si\u0119 z boku i jest szczeg\u00f3lnie interesuj\u0105ca dla os\u00f3b, kt\u00f3re:<\/p>\n<p>ponadto chcesz by\u0107 aktywny online<br \/>\nustrukturyzowany i m\u00f3c pracowa\u0107 niezale\u017cnie<br \/>\notwarte na nowe koncepcje cyfrowe<br \/>\nTa oferta nie jest odpowiednia dla os\u00f3b, kt\u00f3re:<\/p>\n<p>oczekuj szybkich lub gwarantowanych rezultat\u00f3w<br \/>\nnie b\u0105d\u017a cierpliwy wobec instruktor\u00f3w<br \/>\nprocesom szukajcie niepowa\u017cnych obietnic<br \/>\nNie ma presji ze strony sprzedawc\u00f3w, zimnych po\u0142\u0105cze\u0144 i zobowi\u0105za\u0144. Przed podj\u0119ciem decyzji wszystkie informacje s\u0105 omawiane w przejrzysty spos\u00f3b.<\/p>\n<p>Je\u015bli masz jakie\u015b zainteresowanie lub pytania, zostaw kr\u00f3tk\u0105 wiadomo\u015b\u0107.<\/p>\n","protected":false},"excerpt":{"rendered":"<p>Obecnie tworz\u0119 ustrukturyzowan\u0105 wsp\u00f3\u0142prac\u0119 cyfrow\u0105 online i szukam do tego wiarygodnych os\u00f3b zainteresowanych d\u0142ugoterminow\u0105 wsp\u00f3\u0142prac\u0105. To nie jest klasyczna praca ani akcje kr\u00f3tkoterminowe. Aktywno\u015b\u0107 jest niezale\u017cna od lokalizacji, ma przejrzyst\u0105 struktur\u0119 i jest odpowiednia dla os\u00f3b, kt\u00f3re chc\u0105 mie\u0107 do czynienia z modelem cyfrowym. Wsp\u00f3\u0142praca mo\u017ce odbywa\u0107 si\u0119 z boku i jest szczeg\u00f3lnie interesuj\u0105ca dla [&hellip;]<\/p>\n","protected":false},"featured_media":0,"comment_status":"open","ping_status":"closed","template":"","meta":{"_seopress_robots_primary_cat":"","_seopress_titles_title":"","_seopress_titles_desc":"","_seopress_robots_index":"","googlesitekit_rrm_CAowz76iDA:productID":""},"product_brand":[],"product_cat":[1076],"product_tag":[],"class_list":{"0":"post-16217","1":"product","2":"type-product","3":"status-publish","5":"product_cat-listeo-booking-pl","7":"first","8":"instock","9":"downloadable","10":"virtual","11":"sold-individually","12":"taxable","13":"purchasable","14":"product-type-listing_booking"},"_links":{"self":[{"href":"https:\/\/linkmarkt.eu\/en\/wp-json\/wp\/v2\/product\/16217","targetHints":{"allow":["GET"]}}],"collection":[{"href":"https:\/\/linkmarkt.eu\/en\/wp-json\/wp\/v2\/product"}],"about":[{"href":"https:\/\/linkmarkt.eu\/en\/wp-json\/wp\/v2\/types\/product"}],"replies":[{"embeddable":true,"href":"https:\/\/linkmarkt.eu\/en\/wp-json\/wp\/v2\/comments?post=16217"}],"version-history":[{"count":0,"href":"https:\/\/linkmarkt.eu\/en\/wp-json\/wp\/v2\/product\/16217\/revisions"}],"wp:attachment":[{"href":"https:\/\/linkmarkt.eu\/en\/wp-json\/wp\/v2\/media?parent=16217"}],"wp:term":[{"taxonomy":"product_brand","embeddable":true,"href":"https:\/\/linkmarkt.eu\/en\/wp-json\/wp\/v2\/product_brand?post=16217"},{"taxonomy":"product_cat","embeddable":true,"href":"https:\/\/linkmarkt.eu\/en\/wp-json\/wp\/v2\/product_cat?post=16217"},{"taxonomy":"product_tag","embeddable":true,"href":"https:\/\/linkmarkt.eu\/en\/wp-json\/wp\/v2\/product_tag?post=16217"}],"curies":[{"name":"wp","href":"https:\/\/api.w.org\/{rel}","templated":true}]}}