{"id":16275,"date":"2025-12-10T23:29:29","date_gmt":"2025-12-10T22:29:29","guid":{"rendered":"https:\/\/linkmarkt.eu\/product\/szukasz-pracownikow-opublikuj-swoja-reklame-juz-teraz\/"},"modified":"2025-12-10T23:29:29","modified_gmt":"2025-12-10T22:29:29","slug":"szukasz-pracownikow-opublikuj-swoja-reklame-juz-teraz","status":"publish","type":"product","link":"https:\/\/linkmarkt.eu\/en\/product\/szukasz-pracownikow-opublikuj-swoja-reklame-juz-teraz\/","title":{"rendered":"Szukasz pracownik\u00f3w? Opublikuj swoj\u0105 reklam\u0119 ju\u017c teraz!"},"content":{"rendered":"<p>LinkMarkt.eu zapewnia pracodawcom i rekruterom nowoczesny spos\u00f3b skutecznego promowania ofert pracy bez du\u017cych koszt\u00f3w. Nasza platforma \u0142\u0105czy lokalny zasi\u0119g i \u0142atwo\u015b\u0107 umieszczania reklam-idealna dla firm, kt\u00f3re chc\u0105 szybko znale\u017a\u0107 odpowiednich pracownik\u00f3w.<\/p>\n<p>Dlaczego LinkMarkt.eu ?<\/p>\n<p>\u2714 Bezp\u0142atne publikowanie og\u0142oszenia o prac\u0119<br \/>\n\u2714 Widoczny przycisk WhatsApp \u2192 kandydaci s\u0105 natychmiast rejestrowani<br \/>\n\u2714 Mo\u017cliwy numer telefonu i link do Facebooka<br \/>\n\u2714 Nowa platforma o wysokiej widoczno\u015bci w Google<br \/>\n\u2714 Idealny do szybkiego przyci\u0105gania kandydat\u00f3w<br \/>\n\u2714 \u017badnych skomplikowanych kszta\u0142t\u00f3w-proste i proste<br \/>\nNiezale\u017cnie od tego, czy jest to praca w pe\u0142nym wymiarze godzin, w niepe\u0142nym wymiarze godzin, mini\u2013praca, praca produkcyjna, magazyn, biuro czy praca zdalna &#8211; Twoja reklama b\u0119dzie wy\u015bwietlana wyra\u017anie i wyra\u017anie.<\/p>\n<p>Skorzystaj z rozwijaj\u0105cej si\u0119 platformy i zaprezentuj swoj\u0105 firm\u0119 profesjonalnie i bezproblemowo.<\/p>\n<p>Styk:<br \/>\nWhatsApp: +49 1521 8208611<\/p>\n","protected":false},"excerpt":{"rendered":"<p>LinkMarkt.eu zapewnia pracodawcom i rekruterom nowoczesny spos\u00f3b skutecznego promowania ofert pracy bez du\u017cych koszt\u00f3w. Nasza platforma \u0142\u0105czy lokalny zasi\u0119g i \u0142atwo\u015b\u0107 umieszczania reklam-idealna dla firm, kt\u00f3re chc\u0105 szybko znale\u017a\u0107 odpowiednich pracownik\u00f3w. Dlaczego LinkMarkt.eu ? \u2714 Bezp\u0142atne publikowanie og\u0142oszenia o prac\u0119 \u2714 Widoczny przycisk WhatsApp \u2192 kandydaci s\u0105 natychmiast rejestrowani \u2714 Mo\u017cliwy numer telefonu i link [&hellip;]<\/p>\n","protected":false},"featured_media":0,"comment_status":"open","ping_status":"closed","template":"","meta":{"_seopress_robots_primary_cat":"","_seopress_titles_title":"","_seopress_titles_desc":"","_seopress_robots_index":"","googlesitekit_rrm_CAowz76iDA:productID":""},"product_brand":[],"product_cat":[1076],"product_tag":[],"class_list":{"0":"post-16275","1":"product","2":"type-product","3":"status-publish","5":"product_cat-listeo-booking-pl","7":"first","8":"instock","9":"downloadable","10":"virtual","11":"sold-individually","12":"taxable","13":"purchasable","14":"product-type-listing_booking"},"_links":{"self":[{"href":"https:\/\/linkmarkt.eu\/en\/wp-json\/wp\/v2\/product\/16275","targetHints":{"allow":["GET"]}}],"collection":[{"href":"https:\/\/linkmarkt.eu\/en\/wp-json\/wp\/v2\/product"}],"about":[{"href":"https:\/\/linkmarkt.eu\/en\/wp-json\/wp\/v2\/types\/product"}],"replies":[{"embeddable":true,"href":"https:\/\/linkmarkt.eu\/en\/wp-json\/wp\/v2\/comments?post=16275"}],"version-history":[{"count":0,"href":"https:\/\/linkmarkt.eu\/en\/wp-json\/wp\/v2\/product\/16275\/revisions"}],"wp:attachment":[{"href":"https:\/\/linkmarkt.eu\/en\/wp-json\/wp\/v2\/media?parent=16275"}],"wp:term":[{"taxonomy":"product_brand","embeddable":true,"href":"https:\/\/linkmarkt.eu\/en\/wp-json\/wp\/v2\/product_brand?post=16275"},{"taxonomy":"product_cat","embeddable":true,"href":"https:\/\/linkmarkt.eu\/en\/wp-json\/wp\/v2\/product_cat?post=16275"},{"taxonomy":"product_tag","embeddable":true,"href":"https:\/\/linkmarkt.eu\/en\/wp-json\/wp\/v2\/product_tag?post=16275"}],"curies":[{"name":"wp","href":"https:\/\/api.w.org\/{rel}","templated":true}]}}