{"id":16281,"date":"2025-12-13T12:30:09","date_gmt":"2025-12-13T11:30:09","guid":{"rendered":"https:\/\/linkmarkt.eu\/product\/jetzt-produkte-online-zeigen\/"},"modified":"2025-12-25T13:33:56","modified_gmt":"2025-12-25T12:33:56","slug":"jetzt-produkte-online-zeigen","status":"publish","type":"product","link":"https:\/\/linkmarkt.eu\/en\/product\/jetzt-produkte-online-zeigen\/","title":{"rendered":"Jetzt Produkte online zeigen"},"content":{"rendered":"<p>Deine Produkte verdienen mehr Sichtbarkeit.<br \/>\nNeue Website \u2013 neue Chance f\u00fcr Verk\u00e4ufer.<br \/>\n<a href=\"https:\/\/linkmarkt.eu\/my-account\/\">Inserat hinzuf\u00fcgen?<\/a> Schreib mir: +4915218208611<\/p>\n","protected":false},"excerpt":{"rendered":"<p>Deine Produkte verdienen mehr Sichtbarkeit. Neue Website \u2013 neue Chance f\u00fcr Verk\u00e4ufer. Inserat hinzuf\u00fcgen? Schreib mir: +4915218208611<\/p>\n","protected":false},"featured_media":0,"comment_status":"open","ping_status":"closed","template":"","meta":{"_seopress_robots_primary_cat":"","_seopress_titles_title":"","_seopress_titles_desc":"","_seopress_robots_index":"","googlesitekit_rrm_CAowz76iDA:productID":""},"product_brand":[],"product_cat":[21],"product_tag":[],"class_list":{"0":"post-16281","1":"product","2":"type-product","3":"status-publish","5":"product_cat-listeo-booking","7":"first","8":"instock","9":"virtual","10":"sold-individually","11":"taxable","12":"purchasable","13":"product-type-listing_booking"},"_links":{"self":[{"href":"https:\/\/linkmarkt.eu\/en\/wp-json\/wp\/v2\/product\/16281","targetHints":{"allow":["GET"]}}],"collection":[{"href":"https:\/\/linkmarkt.eu\/en\/wp-json\/wp\/v2\/product"}],"about":[{"href":"https:\/\/linkmarkt.eu\/en\/wp-json\/wp\/v2\/types\/product"}],"replies":[{"embeddable":true,"href":"https:\/\/linkmarkt.eu\/en\/wp-json\/wp\/v2\/comments?post=16281"}],"version-history":[{"count":4,"href":"https:\/\/linkmarkt.eu\/en\/wp-json\/wp\/v2\/product\/16281\/revisions"}],"predecessor-version":[{"id":16294,"href":"https:\/\/linkmarkt.eu\/en\/wp-json\/wp\/v2\/product\/16281\/revisions\/16294"}],"wp:attachment":[{"href":"https:\/\/linkmarkt.eu\/en\/wp-json\/wp\/v2\/media?parent=16281"}],"wp:term":[{"taxonomy":"product_brand","embeddable":true,"href":"https:\/\/linkmarkt.eu\/en\/wp-json\/wp\/v2\/product_brand?post=16281"},{"taxonomy":"product_cat","embeddable":true,"href":"https:\/\/linkmarkt.eu\/en\/wp-json\/wp\/v2\/product_cat?post=16281"},{"taxonomy":"product_tag","embeddable":true,"href":"https:\/\/linkmarkt.eu\/en\/wp-json\/wp\/v2\/product_tag?post=16281"}],"curies":[{"name":"wp","href":"https:\/\/api.w.org\/{rel}","templated":true}]}}