{"id":16290,"date":"2025-12-13T12:38:18","date_gmt":"2025-12-13T11:38:18","guid":{"rendered":"https:\/\/linkmarkt.eu\/product\/teraz-pokaz-produkty-online\/"},"modified":"2025-12-13T12:38:18","modified_gmt":"2025-12-13T11:38:18","slug":"teraz-pokaz-produkty-online","status":"publish","type":"product","link":"https:\/\/linkmarkt.eu\/en\/product\/teraz-pokaz-produkty-online\/","title":{"rendered":"Teraz poka\u017c produkty online"},"content":{"rendered":"<p>Swoje produkty zas\u0142uguj\u0105 na wi\u0119kszy rozg\u0142os.<br \/>\nNowa strona \u2013 nowa szansa dla sprzedawc\u00f3w.<br \/>\nDodaj og\u0142oszenie? Napisz do mnie: +4915218208611<\/p>\n","protected":false},"excerpt":{"rendered":"<p>Swoje produkty zas\u0142uguj\u0105 na wi\u0119kszy rozg\u0142os. Nowa strona \u2013 nowa szansa dla sprzedawc\u00f3w. Dodaj og\u0142oszenie? Napisz do mnie: +4915218208611<\/p>\n","protected":false},"featured_media":0,"comment_status":"open","ping_status":"closed","template":"","meta":{"_seopress_robots_primary_cat":"","_seopress_titles_title":"","_seopress_titles_desc":"","_seopress_robots_index":"","googlesitekit_rrm_CAowz76iDA:productID":""},"product_brand":[],"product_cat":[1076],"product_tag":[],"class_list":{"0":"post-16290","1":"product","2":"type-product","3":"status-publish","5":"product_cat-listeo-booking-pl","7":"first","8":"instock","9":"downloadable","10":"virtual","11":"sold-individually","12":"taxable","13":"purchasable","14":"product-type-listing_booking"},"_links":{"self":[{"href":"https:\/\/linkmarkt.eu\/en\/wp-json\/wp\/v2\/product\/16290","targetHints":{"allow":["GET"]}}],"collection":[{"href":"https:\/\/linkmarkt.eu\/en\/wp-json\/wp\/v2\/product"}],"about":[{"href":"https:\/\/linkmarkt.eu\/en\/wp-json\/wp\/v2\/types\/product"}],"replies":[{"embeddable":true,"href":"https:\/\/linkmarkt.eu\/en\/wp-json\/wp\/v2\/comments?post=16290"}],"version-history":[{"count":0,"href":"https:\/\/linkmarkt.eu\/en\/wp-json\/wp\/v2\/product\/16290\/revisions"}],"wp:attachment":[{"href":"https:\/\/linkmarkt.eu\/en\/wp-json\/wp\/v2\/media?parent=16290"}],"wp:term":[{"taxonomy":"product_brand","embeddable":true,"href":"https:\/\/linkmarkt.eu\/en\/wp-json\/wp\/v2\/product_brand?post=16290"},{"taxonomy":"product_cat","embeddable":true,"href":"https:\/\/linkmarkt.eu\/en\/wp-json\/wp\/v2\/product_cat?post=16290"},{"taxonomy":"product_tag","embeddable":true,"href":"https:\/\/linkmarkt.eu\/en\/wp-json\/wp\/v2\/product_tag?post=16290"}],"curies":[{"name":"wp","href":"https:\/\/api.w.org\/{rel}","templated":true}]}}