{"id":16307,"date":"2025-12-15T09:47:11","date_gmt":"2025-12-15T08:47:11","guid":{"rendered":"https:\/\/linkmarkt.eu\/product\/odkryj-produkty-lenovo-online-juz-teraz\/"},"modified":"2025-12-15T09:47:11","modified_gmt":"2025-12-15T08:47:11","slug":"odkryj-produkty-lenovo-online-juz-teraz","status":"publish","type":"product","link":"https:\/\/linkmarkt.eu\/en\/product\/odkryj-produkty-lenovo-online-juz-teraz\/","title":{"rendered":"Odkryj produkty Lenovo online ju\u017c teraz"},"content":{"rendered":"<p>Mamy przyjemno\u015b\u0107 zaoferowa\u0107 Pa\u0144stwu wysokiej jako\u015bci produkty Lenovo w wy\u0142\u0105cznej wsp\u00f3\u0142pracy z Admitad! Odkryj szerok\u0105 gam\u0119 laptop\u00f3w, komputer\u00f3w PC, tablet\u00f3w, stacji roboczych, sprz\u0119tu do gier i akcesori\u00f3w bezpo\u015brednio z naszego dedykowanego linku partnerskiego.<\/p>\n<p>\u2714\ufe0f Szeroka gama produkt\u00f3w Lenovo:<\/p>\n<p>ThinkPad &#8211; dla biznesu i produktywno\u015bci<br \/>\nIdeaPad-uniwersalna wygoda do codziennego \u017cycia i nauki<br \/>\nLegion &#8211; wydajno\u015b\u0107 gier na najwy\u017cszym poziomie<br \/>\nJoga-elastyczna, mocna i stylowa<br \/>\nAkcesoria i nie tylko-akcesoria, Monitory, dyski SSD i nie tylko<\/p>\n<p>\ud83d\udca1 Dlaczego warto kupi\u0107 tutaj?<br \/>\nDzi\u0119ki naszej wsp\u00f3\u0142pracy z Admitad, wiod\u0105c\u0105 sieci\u0105 afiliacyjn\u0105, mo\u017cemy zaoferowa\u0107 Ci oficjalnie licencjonowane produkty Lenovo z przejrzystymi cenami i bezpo\u015brednim procesem zamawiania. Wiadomo\u015bci e-commerce w Niemczech<\/p>\n<p>\ud83d\udc49 Przejd\u017a bezpo\u015brednio do oferty tutaj:<\/p>\n<p>\ud83d\udce6 Szybka dostawa i bezpieczny proces zamawiania bezpo\u015brednio przez Lenovo-idealny dla klient\u00f3w domowych, komercyjnych i korporacyjnych.<br \/>\n\ud83d\udecd\ufe0f Idealny do modernizacji domowego biura, rozwi\u0105za\u0144 biznesowych lub instalacji do gier!<\/p>\n<p><a href=\"https:\/\/bednari.com\/g\/6iia5dppfe71f99d9581cc01b591a8\/\">\u27a1\ufe0f Zam\u00f3w teraz klikaj\u0105c tutaj!<\/a><\/p>\n","protected":false},"excerpt":{"rendered":"<p>Mamy przyjemno\u015b\u0107 zaoferowa\u0107 Pa\u0144stwu wysokiej jako\u015bci produkty Lenovo w wy\u0142\u0105cznej wsp\u00f3\u0142pracy z Admitad! Odkryj szerok\u0105 gam\u0119 laptop\u00f3w, komputer\u00f3w PC, tablet\u00f3w, stacji roboczych, sprz\u0119tu do gier i akcesori\u00f3w bezpo\u015brednio z naszego dedykowanego linku partnerskiego. \u2714\ufe0f Szeroka gama produkt\u00f3w Lenovo: ThinkPad &#8211; dla biznesu i produktywno\u015bci IdeaPad-uniwersalna wygoda do codziennego \u017cycia i nauki Legion &#8211; wydajno\u015b\u0107 gier [&hellip;]<\/p>\n","protected":false},"featured_media":0,"comment_status":"open","ping_status":"closed","template":"","meta":{"_seopress_robots_primary_cat":"","_seopress_titles_title":"","_seopress_titles_desc":"","_seopress_robots_index":"","googlesitekit_rrm_CAowz76iDA:productID":""},"product_brand":[],"product_cat":[1076],"product_tag":[],"class_list":{"0":"post-16307","1":"product","2":"type-product","3":"status-publish","5":"product_cat-listeo-booking-pl","7":"first","8":"instock","9":"downloadable","10":"virtual","11":"sold-individually","12":"taxable","13":"purchasable","14":"product-type-listing_booking"},"_links":{"self":[{"href":"https:\/\/linkmarkt.eu\/en\/wp-json\/wp\/v2\/product\/16307","targetHints":{"allow":["GET"]}}],"collection":[{"href":"https:\/\/linkmarkt.eu\/en\/wp-json\/wp\/v2\/product"}],"about":[{"href":"https:\/\/linkmarkt.eu\/en\/wp-json\/wp\/v2\/types\/product"}],"replies":[{"embeddable":true,"href":"https:\/\/linkmarkt.eu\/en\/wp-json\/wp\/v2\/comments?post=16307"}],"version-history":[{"count":0,"href":"https:\/\/linkmarkt.eu\/en\/wp-json\/wp\/v2\/product\/16307\/revisions"}],"wp:attachment":[{"href":"https:\/\/linkmarkt.eu\/en\/wp-json\/wp\/v2\/media?parent=16307"}],"wp:term":[{"taxonomy":"product_brand","embeddable":true,"href":"https:\/\/linkmarkt.eu\/en\/wp-json\/wp\/v2\/product_brand?post=16307"},{"taxonomy":"product_cat","embeddable":true,"href":"https:\/\/linkmarkt.eu\/en\/wp-json\/wp\/v2\/product_cat?post=16307"},{"taxonomy":"product_tag","embeddable":true,"href":"https:\/\/linkmarkt.eu\/en\/wp-json\/wp\/v2\/product_tag?post=16307"}],"curies":[{"name":"wp","href":"https:\/\/api.w.org\/{rel}","templated":true}]}}