{"id":16326,"date":"2025-12-22T09:34:11","date_gmt":"2025-12-22T08:34:11","guid":{"rendered":"https:\/\/linkmarkt.eu\/product\/professionelle-online-services-schon-ab-5-e-schnell-zuverlaessig\/"},"modified":"2025-12-24T22:40:54","modified_gmt":"2025-12-24T21:40:54","slug":"professionelle-online-services-schon-ab-5-e-schnell-zuverlaessig","status":"publish","type":"product","link":"https:\/\/linkmarkt.eu\/en\/product\/professionelle-online-services-schon-ab-5-e-schnell-zuverlaessig\/","title":{"rendered":"Profesjonalne us\u0142ugi online za jedyne 5 euro-szybko i bezpiecznie"},"content":{"rendered":"<p>Szukasz wsparcia dla swojego biznesu online, marketingu lub prywatnych projekt\u00f3w?<br \/>\nNa Fiverr znajdziesz tysi\u0105ce sprawdzonych Freelancer\u00f3w z ca\u0142ego \u015bwiata.<\/p>\n<p>\u2714 Projekt graficzny i logo<br \/>\n\u2714 Strony internetowe i sklepy internetowe<br \/>\n\u2714 Search engine optimization, teksty i t\u0142umaczenia<br \/>\n\u2714 Media spo\u0142eczno\u015bciowe i reklama<br \/>\n\u2714 Us\u0142ugi wideo i audio<\/p>\n<p>Wiele us\u0142ug jest dost\u0119pnych za jedyne 5 euro-przejrzyste, szybkie i elastyczne.<\/p>\n<p><a href=\"https:\/\/twnfz.com\/g\/oqcmadzidp71f99d9581acbbb3152e\/\">\ud83d\udc49 Odkryj teraz oferty:<\/a><\/p>\n","protected":false},"excerpt":{"rendered":"<p>Szukasz wsparcia dla swojego biznesu online, marketingu lub prywatnych projekt\u00f3w? Na Fiverr znajdziesz tysi\u0105ce sprawdzonych Freelancer\u00f3w z ca\u0142ego \u015bwiata. \u2714 Projekt graficzny i logo \u2714 Strony internetowe i sklepy internetowe \u2714 Search engine optimization, teksty i t\u0142umaczenia \u2714 Media spo\u0142eczno\u015bciowe i reklama \u2714 Us\u0142ugi wideo i audio Wiele us\u0142ug jest dost\u0119pnych za jedyne 5 euro-przejrzyste, [&hellip;]<\/p>\n","protected":false},"featured_media":0,"comment_status":"open","ping_status":"closed","template":"","meta":{"_seopress_robots_primary_cat":"","_seopress_titles_title":"","_seopress_titles_desc":"","_seopress_robots_index":"","googlesitekit_rrm_CAowz76iDA:productID":""},"product_brand":[],"product_cat":[21],"product_tag":[],"class_list":{"0":"post-16326","1":"product","2":"type-product","3":"status-publish","5":"product_cat-listeo-booking","7":"first","8":"instock","9":"virtual","10":"sold-individually","11":"taxable","12":"purchasable","13":"product-type-listing_booking"},"_links":{"self":[{"href":"https:\/\/linkmarkt.eu\/en\/wp-json\/wp\/v2\/product\/16326","targetHints":{"allow":["GET"]}}],"collection":[{"href":"https:\/\/linkmarkt.eu\/en\/wp-json\/wp\/v2\/product"}],"about":[{"href":"https:\/\/linkmarkt.eu\/en\/wp-json\/wp\/v2\/types\/product"}],"replies":[{"embeddable":true,"href":"https:\/\/linkmarkt.eu\/en\/wp-json\/wp\/v2\/comments?post=16326"}],"version-history":[{"count":2,"href":"https:\/\/linkmarkt.eu\/en\/wp-json\/wp\/v2\/product\/16326\/revisions"}],"predecessor-version":[{"id":16338,"href":"https:\/\/linkmarkt.eu\/en\/wp-json\/wp\/v2\/product\/16326\/revisions\/16338"}],"wp:attachment":[{"href":"https:\/\/linkmarkt.eu\/en\/wp-json\/wp\/v2\/media?parent=16326"}],"wp:term":[{"taxonomy":"product_brand","embeddable":true,"href":"https:\/\/linkmarkt.eu\/en\/wp-json\/wp\/v2\/product_brand?post=16326"},{"taxonomy":"product_cat","embeddable":true,"href":"https:\/\/linkmarkt.eu\/en\/wp-json\/wp\/v2\/product_cat?post=16326"},{"taxonomy":"product_tag","embeddable":true,"href":"https:\/\/linkmarkt.eu\/en\/wp-json\/wp\/v2\/product_tag?post=16326"}],"curies":[{"name":"wp","href":"https:\/\/api.w.org\/{rel}","templated":true}]}}