{"id":16341,"date":"2025-12-24T12:48:36","date_gmt":"2025-12-24T11:48:36","guid":{"rendered":"https:\/\/linkmarkt.eu\/product\/top-angebote-fuer-elektronik-gadgets-eu-versand\/"},"modified":"2025-12-24T22:40:54","modified_gmt":"2025-12-24T21:40:54","slug":"top-angebote-fuer-elektronik-gadgets-eu-versand","status":"publish","type":"product","link":"https:\/\/linkmarkt.eu\/en\/product\/top-angebote-fuer-elektronik-gadgets-eu-versand\/","title":{"rendered":"Najlepsze oferty na elektronik\u0119 i gad\u017cety &#8211; Wysy\u0142ka do UE"},"content":{"rendered":"<p>Szukasz nowoczesnej elektroniki, inteligentnych gad\u017cet\u00f3w lub praktycznych urz\u0105dze\u0144 w dobrych cenach?<br \/>\nOdkryj szerok\u0105 gam\u0119 produkt\u00f3w technicznych z atrakcyjnymi rabatami i szybk\u0105 dostaw\u0105 z magazyn\u00f3w UE.<\/p>\n<p>W sprzeda\u017cy mi\u0119dzy innymi\u2022<br \/>\n* E-skutery i E-rowery<br \/>\n* Inteligentne zegarki i urz\u0105dzenia do noszenia<br \/>\n* Drukarki i akcesoria 3D<br \/>\n* Mini PC, monitory i sprz\u0119t do gier<br \/>\n* Narz\u0119dzia gospodarstwa domowego i ogrodnicze<\/p>\n<p>Dlaczego warto?<br \/>\n\u2714 regularne oferty specjalne i promocje<br \/>\n\u2714 Wysy\u0142ka z UE-bez problem\u00f3w celnych<br \/>\n\u2714 Bezpieczna p\u0142atno\u015b\u0107 i sprawdzone produkty<br \/>\n\u2714 szeroki wyb\u00f3r bestseller\u00f3w technicznych<\/p>\n<p><a href=\"https:\/\/bywiola.com\/g\/78tuvzaw8k71f99d95810267b86f6e\/\">\ud83d\udce6 Odkryj teraz i skorzystaj z aktualnych ofert.<\/a><\/p>\n","protected":false},"excerpt":{"rendered":"<p>Szukasz nowoczesnej elektroniki, inteligentnych gad\u017cet\u00f3w lub praktycznych urz\u0105dze\u0144 w dobrych cenach? Odkryj szerok\u0105 gam\u0119 produkt\u00f3w technicznych z atrakcyjnymi rabatami i szybk\u0105 dostaw\u0105 z magazyn\u00f3w UE. W sprzeda\u017cy mi\u0119dzy innymi\u2022 * E-skutery i E-rowery * Inteligentne zegarki i urz\u0105dzenia do noszenia * Drukarki i akcesoria 3D * Mini PC, monitory i sprz\u0119t do gier * Narz\u0119dzia [&hellip;]<\/p>\n","protected":false},"featured_media":0,"comment_status":"open","ping_status":"closed","template":"","meta":{"_seopress_robots_primary_cat":"","_seopress_titles_title":"","_seopress_titles_desc":"","_seopress_robots_index":"","googlesitekit_rrm_CAowz76iDA:productID":""},"product_brand":[],"product_cat":[21],"product_tag":[],"class_list":{"0":"post-16341","1":"product","2":"type-product","3":"status-publish","5":"product_cat-listeo-booking","7":"first","8":"instock","9":"virtual","10":"sold-individually","11":"taxable","12":"purchasable","13":"product-type-listing_booking"},"_links":{"self":[{"href":"https:\/\/linkmarkt.eu\/en\/wp-json\/wp\/v2\/product\/16341","targetHints":{"allow":["GET"]}}],"collection":[{"href":"https:\/\/linkmarkt.eu\/en\/wp-json\/wp\/v2\/product"}],"about":[{"href":"https:\/\/linkmarkt.eu\/en\/wp-json\/wp\/v2\/types\/product"}],"replies":[{"embeddable":true,"href":"https:\/\/linkmarkt.eu\/en\/wp-json\/wp\/v2\/comments?post=16341"}],"version-history":[{"count":3,"href":"https:\/\/linkmarkt.eu\/en\/wp-json\/wp\/v2\/product\/16341\/revisions"}],"predecessor-version":[{"id":16353,"href":"https:\/\/linkmarkt.eu\/en\/wp-json\/wp\/v2\/product\/16341\/revisions\/16353"}],"wp:attachment":[{"href":"https:\/\/linkmarkt.eu\/en\/wp-json\/wp\/v2\/media?parent=16341"}],"wp:term":[{"taxonomy":"product_brand","embeddable":true,"href":"https:\/\/linkmarkt.eu\/en\/wp-json\/wp\/v2\/product_brand?post=16341"},{"taxonomy":"product_cat","embeddable":true,"href":"https:\/\/linkmarkt.eu\/en\/wp-json\/wp\/v2\/product_cat?post=16341"},{"taxonomy":"product_tag","embeddable":true,"href":"https:\/\/linkmarkt.eu\/en\/wp-json\/wp\/v2\/product_tag?post=16341"}],"curies":[{"name":"wp","href":"https:\/\/api.w.org\/{rel}","templated":true}]}}